{"id":39742,"date":"2022-10-02T19:12:52","date_gmt":"2022-10-02T17:12:52","guid":{"rendered":"http:\/\/dev.claret.cat\/producte\/la-barceloneta-desapareguda\/"},"modified":"2023-10-06T10:50:23","modified_gmt":"2023-10-06T08:50:23","slug":"la-barceloneta-desapareguda-9788418243912","status":"publish","type":"product","link":"https:\/\/www.claret.cat\/es\/libro\/la-barceloneta-desapareguda-9788418243912\/","title":{"rendered":"LA BARCELONETA DESAPAREGUDA"},"content":{"rendered":"<p>Aquest llibre \u00e9s m\u00e9s que un simple recull de fotografies<br \/>que il\u00b7lustren aquella Barceloneta que era i que, en part,<br \/>ha deixat de ser. \u00c9s tamb\u00e9 una mirada nost\u00e0lgica a un<br \/>barri singular molt viscut i sentit pels seus habitants, per\u00f2<br \/>tamb\u00e9 per tots els barcelonins que s\u2019hi acostaven per<br \/>gaudir de les platges. Amb el tel\u00f3 de fons del mar i el port<br \/>de la ciutat, els seus carrers estrets, la seva arquitectura i,<br \/>sobretot, la seva gent han configurat al llarg de la hist\u00f2ria<br \/>un paisatge urb\u00e0 i hum\u00e0 que us convidem a descobrir en<br \/>aquestes p\u00e0gines.<\/p>\n","protected":false},"excerpt":{"rendered":"<p>CABALL\u00c9 ESTEVE, FRANCESC<\/p>\n","protected":false},"featured_media":453079,"template":"","meta":{"_acf_changed":false,"om_disable_all_campaigns":false,"rs_blank_template":"","rs_page_bg_color":"","slide_template_v7":"","inline_featured_image":false,"_monsterinsights_skip_tracking":false,"_monsterinsights_sitenote_active":false,"_monsterinsights_sitenote_note":"","_monsterinsights_sitenote_category":0},"product_brand":[],"product_cat":[153,105],"product_tag":[],"class_list":{"0":"post-39742","1":"product","2":"type-product","3":"status-publish","4":"has-post-thumbnail","6":"product_cat-catalunya","7":"product_cat-regal","9":"first","10":"instock","11":"taxable","12":"shipping-taxable","13":"purchasable","14":"product-type-simple"},"acf":{"autor":"CABALL\u00c9 ESTEVE, FRANCESC","codart":"841824391","libros-coleccion":"","ediciones":"1","encuadernacion":"Carton\u00e9","fecha_de_publicacion":"01\/02\/2022","novedad":"1","paginas":"184","subtitulo":"","orden":"0","portada":"0","idioma":"cat","editorial":[{"ID":148055,"post_author":"3","post_date":"2022-10-14 11:55:17","post_date_gmt":"2022-10-14 09:55:17","post_content":"","post_title":"EFADOS EDICIONS","post_excerpt":"","post_status":"publish","comment_status":"closed","ping_status":"closed","post_password":"","post_name":"efados-edicions","to_ping":"","pinged":"","post_modified":"2022-10-14 11:55:17","post_modified_gmt":"2022-10-14 09:55:17","post_content_filtered":"","post_parent":0,"guid":"http:\/\/dev.claret.cat\/editorial\/efados-edicions\/","menu_order":0,"post_type":"editorial","post_mime_type":"","comment_count":"0","filter":"raw"}],"autores-libros":[{"ID":156075,"post_author":"3","post_date":"2022-10-14 15:17:55","post_date_gmt":"2022-10-14 13:17:55","post_content":"","post_title":"FRANCESC CABALL\u00c9 ESTEVE","post_excerpt":"","post_status":"publish","comment_status":"closed","ping_status":"closed","post_password":"","post_name":"francesc-caballe-esteve","to_ping":"","pinged":"","post_modified":"2022-10-14 15:17:55","post_modified_gmt":"2022-10-14 13:17:55","post_content_filtered":"","post_parent":0,"guid":"http:\/\/dev.claret.cat\/autor\/francesc-caballe-esteve\/","menu_order":0,"post_type":"autor","post_mime_type":"","comment_count":"0","filter":"raw"}]},"aioseo_notices":[],"_links":{"self":[{"href":"https:\/\/www.claret.cat\/es\/wp-json\/wp\/v2\/product\/39742","targetHints":{"allow":["GET"]}}],"collection":[{"href":"https:\/\/www.claret.cat\/es\/wp-json\/wp\/v2\/product"}],"about":[{"href":"https:\/\/www.claret.cat\/es\/wp-json\/wp\/v2\/types\/product"}],"wp:featuredmedia":[{"embeddable":true,"href":"https:\/\/www.claret.cat\/es\/wp-json\/wp\/v2\/media\/453079"}],"wp:attachment":[{"href":"https:\/\/www.claret.cat\/es\/wp-json\/wp\/v2\/media?parent=39742"}],"wp:term":[{"taxonomy":"product_brand","embeddable":true,"href":"https:\/\/www.claret.cat\/es\/wp-json\/wp\/v2\/product_brand?post=39742"},{"taxonomy":"product_cat","embeddable":true,"href":"https:\/\/www.claret.cat\/es\/wp-json\/wp\/v2\/product_cat?post=39742"},{"taxonomy":"product_tag","embeddable":true,"href":"https:\/\/www.claret.cat\/es\/wp-json\/wp\/v2\/product_tag?post=39742"}],"curies":[{"name":"wp","href":"https:\/\/api.w.org\/{rel}","templated":true}]}}