{"id":39775,"date":"2022-10-02T19:13:22","date_gmt":"2022-10-02T17:13:22","guid":{"rendered":"http:\/\/dev.claret.cat\/producte\/cae-el-velo-del-silencio\/"},"modified":"2024-05-02T07:55:32","modified_gmt":"2024-05-02T05:55:32","slug":"cae-el-velo-del-silencio-9788428563307","status":"publish","type":"product","link":"https:\/\/www.claret.cat\/es\/libro\/cae-el-velo-del-silencio-9788428563307\/","title":{"rendered":"CAE EL VELO DEL SILENCIO"},"content":{"rendered":"<p>Esta obra recoge los testimonios de mujeres de todo el planeta y de distintas edades que han dejado la vida religiosa o est\u00e1n a punto de hacerlo porque han sufrido, en la que ha sido \u00absu casa\u00bb, mobbing, manipulaci\u00f3n, extorsi\u00f3n, discriminaci\u00f3n por su nacionalidad, violaci\u00f3n del fuero interno, problemas de salud minusvalorados o marginaci\u00f3n. Tras a\u00f1os de silencio porque ten\u00edan temor o se encontraban bajo grandes presiones psicol\u00f3gicas, han decidido alzar su voz para as\u00ed poder ayudar a quien a\u00fan no tiene el valor de defenderse. Cae as\u00ed un velo para iluminar historias que han permanecido ocultas. Y, al hacerlo, proyecta luz sobre una gran problem\u00e1tica en el interior de la vida consagrada femenina: los abusos de poder, de conciencia y sexuales dentro de monasterios, \u00f3rdenes e institutos, que llevan a muchas mujeres a perder su vocaci\u00f3n y a abandonar el camino religioso por el que optaron.<\/p>\n","protected":false},"excerpt":{"rendered":"<p>CERNUZIO, SALVATORE<\/p>\n","protected":false},"featured_media":381762,"template":"","meta":{"_acf_changed":false,"om_disable_all_campaigns":false,"rs_blank_template":"","rs_page_bg_color":"","slide_template_v7":"","inline_featured_image":false,"_monsterinsights_skip_tracking":false,"_monsterinsights_sitenote_active":false,"_monsterinsights_sitenote_note":"","_monsterinsights_sitenote_category":0},"product_brand":[],"product_cat":[515,289,516,290,288,514,291,517],"product_tag":[],"class_list":{"0":"post-39775","1":"product","2":"type-product","3":"status-publish","4":"has-post-thumbnail","6":"product_cat-moral-de-la-persona-bioetica-teologia-1_espiritualidad","7":"product_cat-moral-de-la-persona-bioetica","8":"product_cat-moral-de-la-persona-sexualidad","9":"product_cat-moral-de-la-persona-sexualitat","10":"product_cat-moral-fonamental","11":"product_cat-moral-fundamental","12":"product_cat-moral-social-i-politica","13":"product_cat-moral-social-y-politica","15":"first","16":"instock","17":"taxable","18":"shipping-taxable","19":"purchasable","20":"product-type-simple"},"acf":{"autor":"CERNUZIO, SALVATORE","codart":"842856330","libros-coleccion":"FORA DE COL.LECCI\u00d3","ediciones":"1","encuadernacion":"R\u00fastica","fecha_de_publicacion":"28\/03\/2022","novedad":"1","paginas":"160","subtitulo":"ABUSOS, VIOLENCIA Y FRUSTACIONES EN LA VIDA RELIGIOSA FEMENINA","orden":"0","portada":"0","idioma":"spa","editorial":[{"ID":6356,"post_author":"3","post_date":"2022-07-28 17:50:26","post_date_gmt":"2022-07-28 15:50:26","post_content":"","post_title":"SAN PABLO COMUNICACI\u00d3N","post_excerpt":"","post_status":"publish","comment_status":"closed","ping_status":"closed","post_password":"","post_name":"san-pablo-comunicacion","to_ping":"","pinged":"","post_modified":"2022-07-28 17:50:26","post_modified_gmt":"2022-07-28 15:50:26","post_content_filtered":"","post_parent":0,"guid":"http:\/\/dev.claret.cat\/editorial\/san-pablo-comunicacion\/","menu_order":0,"post_type":"editorial","post_mime_type":"","comment_count":"0","filter":"raw"}],"autores-libros":[{"ID":168871,"post_author":"3","post_date":"2022-10-14 22:22:37","post_date_gmt":"2022-10-14 20:22:37","post_content":"","post_title":"SALVATORE CERNUZIO","post_excerpt":"","post_status":"publish","comment_status":"closed","ping_status":"closed","post_password":"","post_name":"salvatore-cernuzio","to_ping":"","pinged":"","post_modified":"2022-10-14 22:22:37","post_modified_gmt":"2022-10-14 20:22:37","post_content_filtered":"","post_parent":0,"guid":"http:\/\/dev.claret.cat\/autor\/salvatore-cernuzio\/","menu_order":0,"post_type":"autor","post_mime_type":"","comment_count":"0","filter":"raw"}]},"aioseo_notices":[],"_links":{"self":[{"href":"https:\/\/www.claret.cat\/es\/wp-json\/wp\/v2\/product\/39775","targetHints":{"allow":["GET"]}}],"collection":[{"href":"https:\/\/www.claret.cat\/es\/wp-json\/wp\/v2\/product"}],"about":[{"href":"https:\/\/www.claret.cat\/es\/wp-json\/wp\/v2\/types\/product"}],"wp:featuredmedia":[{"embeddable":true,"href":"https:\/\/www.claret.cat\/es\/wp-json\/wp\/v2\/media\/381762"}],"wp:attachment":[{"href":"https:\/\/www.claret.cat\/es\/wp-json\/wp\/v2\/media?parent=39775"}],"wp:term":[{"taxonomy":"product_brand","embeddable":true,"href":"https:\/\/www.claret.cat\/es\/wp-json\/wp\/v2\/product_brand?post=39775"},{"taxonomy":"product_cat","embeddable":true,"href":"https:\/\/www.claret.cat\/es\/wp-json\/wp\/v2\/product_cat?post=39775"},{"taxonomy":"product_tag","embeddable":true,"href":"https:\/\/www.claret.cat\/es\/wp-json\/wp\/v2\/product_tag?post=39775"}],"curies":[{"name":"wp","href":"https:\/\/api.w.org\/{rel}","templated":true}]}}