{"id":39781,"date":"2022-10-02T19:13:26","date_gmt":"2022-10-02T17:13:26","guid":{"rendered":"http:\/\/dev.claret.cat\/producte\/y-vosotros-quien-decis-que-soy-yo\/"},"modified":"2024-05-02T07:49:44","modified_gmt":"2024-05-02T05:49:44","slug":"y-vosotros-quien-decis-que-soy-yo-9788428566254","status":"publish","type":"product","link":"https:\/\/www.claret.cat\/es\/libro\/y-vosotros-quien-decis-que-soy-yo-9788428566254\/","title":{"rendered":"Y VOSOTROS, \u00bfQUI\u00c9N DEC\u00cdS QUE SOY YO?"},"content":{"rendered":"<p>El Predicador de la Casa Pontificia, el capuchino Raniero Cantalamessa, condens\u00f3 su \u00f3ptica en la figura de Jesucristo cuando elabor\u00f3 los ejercicios espirituales con el Santo Padre y la Curia romana para la Cuaresma de 2021. M\u00e1s all\u00e1 de centrarse en la imagen que dan los evangelios y la Iglesia de Jes\u00fas, los ejercicios, ampliados con diversas meditaciones complementarias, apuntan a la necesidad de conocer a Cristo, hombre y Dios verdadero, en persona, de hacerlo nuestro para que nos gu\u00ede en cada paso que demos en el trayecto de nuestra vida. Una obra v\u00e1lida para obispos y sacerdotes, pero adem\u00e1s para catequistas, seminaristas, profesores de Religi\u00f3n o, simplemente, para quienes tienen curiosidad por saber qui\u00e9n es Cristo y qu\u00e9 dice la Iglesia acerca de \u00e9l.<\/p>\n","protected":false},"excerpt":{"rendered":"<p>CANTALAMESSA, RANIERO<\/p>\n","protected":false},"featured_media":374650,"template":"","meta":{"_acf_changed":false,"om_disable_all_campaigns":false,"rs_blank_template":"","rs_page_bg_color":"","slide_template_v7":"","inline_featured_image":false,"_monsterinsights_skip_tracking":false,"_monsterinsights_sitenote_active":false,"_monsterinsights_sitenote_note":"","_monsterinsights_sitenote_category":0},"product_brand":[],"product_cat":[542,92],"product_tag":[],"class_list":{"0":"post-39781","1":"product","2":"type-product","3":"status-publish","4":"has-post-thumbnail","6":"product_cat-vida-religiosa-1_espiritualidad-spa","7":"product_cat-vida-religiosa","9":"first","10":"instock","11":"taxable","12":"shipping-taxable","13":"purchasable","14":"product-type-simple"},"acf":{"autor":"CANTALAMESSA, RANIERO","codart":"842856625","libros-coleccion":"FORA DE COL.LECCI\u00d3","ediciones":"1","encuadernacion":"R\u00fastica","fecha_de_publicacion":"28\/03\/2022","novedad":"1","paginas":"92","subtitulo":"SOBRE LA HUMANIDAD, LA DIVINIDAD Y LA PERSONA DE CRISTO","orden":"0","portada":"0","idioma":"spa","editorial":[{"ID":6356,"post_author":"3","post_date":"2022-07-28 17:50:26","post_date_gmt":"2022-07-28 15:50:26","post_content":"","post_title":"SAN PABLO COMUNICACI\u00d3N","post_excerpt":"","post_status":"publish","comment_status":"closed","ping_status":"closed","post_password":"","post_name":"san-pablo-comunicacion","to_ping":"","pinged":"","post_modified":"2022-07-28 17:50:26","post_modified_gmt":"2022-07-28 15:50:26","post_content_filtered":"","post_parent":0,"guid":"http:\/\/dev.claret.cat\/editorial\/san-pablo-comunicacion\/","menu_order":0,"post_type":"editorial","post_mime_type":"","comment_count":"0","filter":"raw"}],"autores-libros":[{"ID":5968,"post_author":"3","post_date":"2022-07-28 17:35:21","post_date_gmt":"2022-07-28 15:35:21","post_content":"","post_title":"RANIERO CANTALAMESSA","post_excerpt":"","post_status":"publish","comment_status":"closed","ping_status":"closed","post_password":"","post_name":"raniero-cantalamessa","to_ping":"","pinged":"","post_modified":"2022-07-28 17:35:21","post_modified_gmt":"2022-07-28 15:35:21","post_content_filtered":"","post_parent":0,"guid":"http:\/\/dev.claret.cat\/autor\/raniero-cantalamessa\/","menu_order":0,"post_type":"autor","post_mime_type":"","comment_count":"0","filter":"raw"}]},"aioseo_notices":[],"_links":{"self":[{"href":"https:\/\/www.claret.cat\/es\/wp-json\/wp\/v2\/product\/39781","targetHints":{"allow":["GET"]}}],"collection":[{"href":"https:\/\/www.claret.cat\/es\/wp-json\/wp\/v2\/product"}],"about":[{"href":"https:\/\/www.claret.cat\/es\/wp-json\/wp\/v2\/types\/product"}],"wp:featuredmedia":[{"embeddable":true,"href":"https:\/\/www.claret.cat\/es\/wp-json\/wp\/v2\/media\/374650"}],"wp:attachment":[{"href":"https:\/\/www.claret.cat\/es\/wp-json\/wp\/v2\/media?parent=39781"}],"wp:term":[{"taxonomy":"product_brand","embeddable":true,"href":"https:\/\/www.claret.cat\/es\/wp-json\/wp\/v2\/product_brand?post=39781"},{"taxonomy":"product_cat","embeddable":true,"href":"https:\/\/www.claret.cat\/es\/wp-json\/wp\/v2\/product_cat?post=39781"},{"taxonomy":"product_tag","embeddable":true,"href":"https:\/\/www.claret.cat\/es\/wp-json\/wp\/v2\/product_tag?post=39781"}],"curies":[{"name":"wp","href":"https:\/\/api.w.org\/{rel}","templated":true}]}}