{"id":398532,"date":"2023-02-24T11:45:08","date_gmt":"2023-02-24T10:45:08","guid":{"rendered":"https:\/\/www.claret.cat\/llibre\/juegos-para-la-animacion-de-espacios-acuaticosde-espacios-acuaticos-9788483169919\/"},"modified":"2024-05-23T10:24:11","modified_gmt":"2024-05-23T08:24:11","slug":"juegos-para-la-animacion-de-espacios-acuaticosde-espacios-acuaticos-9788483169919","status":"publish","type":"product","link":"https:\/\/www.claret.cat\/es\/libro\/juegos-para-la-animacion-de-espacios-acuaticosde-espacios-acuaticos-9788483169919\/","title":{"rendered":"JUEGOS PARA LA ANIMACI\u00d3N DE ESPACIOS ACU\u00c1TICOSDE ESPACIOS ACU\u00c1TICOS"},"content":{"rendered":"<p>El desarrollo imparable de las instalaciones y servicios acu\u00e1ticos supone una necesidad creciente de propuestas y recursos  l\u00fadico-educativos adaptados a este medio. En este sentido, el prop\u00f3sito de esta publicaci\u00f3n se centra espec\u00edficamente en la actividad acu\u00e1tica como juego de cara a conseguir un desarrollo integral del participante, no s\u00f3lo motriz sino tambi\u00e9n  socio-afectivo y expresivo-comunicativo. <br \/>Esto se hace desde una triple perspectiva: te\u00f3rica -definiendo y caracterizando la animaci\u00f3n de espacios acu\u00e1ticos y  sus posibilidades l\u00fadico-educativas-, metodol\u00f3gica  -mediante la descripci\u00f3n de una propuesta probada con \u00e9xito de animaci\u00f3n de espacios acu\u00e1ticos: la ludopiscina- y pr\u00e1ctica \u2013a trav\u00e9s de un repertorio clasificado y sistematizado de juegos acu\u00e1ticos a realizar con ni\u00f1os y adolescentes, con un apartado espec\u00edfico a la atenci\u00f3n a la discapacidad.<br \/>\u00cdNDICE DE CAP\u00cdTULOS<br \/>1. El medio acu\u00e1tico como espacio l\u00fadico-festivo. 2. La animaci\u00f3n de espacios e instalaciones acu\u00e1ticas: la ludopiscina. 3. Juegos acu\u00e1ticos (89 en total) clasificados por: conocimiento, comunicaci\u00f3n y creatividad, carreras y velocidad, lucha y fuerza, agilidad y persecuci\u00f3n, paradeportivos, para personas con discapacidad intelectual.<\/p>\n","protected":false},"excerpt":{"rendered":"<p>VENTOSA, V\u00cdCTOR J.<\/p>\n","protected":false},"featured_media":0,"template":"","meta":{"_acf_changed":false,"om_disable_all_campaigns":false,"rs_blank_template":"","rs_page_bg_color":"","slide_template_v7":"","inline_featured_image":false,"_monsterinsights_skip_tracking":false,"_monsterinsights_sitenote_active":false,"_monsterinsights_sitenote_note":"","_monsterinsights_sitenote_category":0},"product_brand":[],"product_cat":[90,540],"product_tag":[],"class_list":{"0":"post-398532","1":"product","2":"type-product","3":"status-publish","5":"product_cat-altres","6":"product_cat-otros","8":"first","9":"instock","10":"taxable","11":"shipping-taxable","12":"purchasable","13":"product-type-simple"},"acf":{"autor":"VENTOSA, V\u00cdCTOR J.","codart":"848316991","libros-coleccion":"Juegos","ediciones":"1","encuadernacion":"R\u00fastica","fecha_de_publicacion":"07\/04\/2006","novedad":"0","paginas":"172","subtitulo":"","orden":"999","portada":"0","idioma":"spa","editorial":[{"ID":6155,"post_author":"3","post_date":"2022-07-28 17:46:04","post_date_gmt":"2022-07-28 15:46:04","post_content":"","post_title":"Central Catequ\u00edstica Salesiana","post_excerpt":"","post_status":"publish","comment_status":"closed","ping_status":"closed","post_password":"","post_name":"central-catequistica-salesiana","to_ping":"","pinged":"","post_modified":"2022-07-28 17:46:04","post_modified_gmt":"2022-07-28 15:46:04","post_content_filtered":"","post_parent":0,"guid":"http:\/\/dev.claret.cat\/editorial\/central-catequistica-salesiana\/","menu_order":0,"post_type":"editorial","post_mime_type":"","comment_count":"0","filter":"raw"}],"autores-libros":[{"ID":8451,"post_author":"3","post_date":"2022-09-30 09:48:41","post_date_gmt":"2022-09-30 07:48:41","post_content":"","post_title":"VICTOR J. VENTOSA","post_excerpt":"","post_status":"publish","comment_status":"closed","ping_status":"closed","post_password":"","post_name":"victor-j-ventosa","to_ping":"","pinged":"","post_modified":"2022-09-30 09:48:41","post_modified_gmt":"2022-09-30 07:48:41","post_content_filtered":"","post_parent":0,"guid":"http:\/\/dev.claret.cat\/autor\/victor-j-ventosa\/","menu_order":0,"post_type":"autor","post_mime_type":"","comment_count":"0","filter":"raw"}]},"aioseo_notices":[],"_links":{"self":[{"href":"https:\/\/www.claret.cat\/es\/wp-json\/wp\/v2\/product\/398532","targetHints":{"allow":["GET"]}}],"collection":[{"href":"https:\/\/www.claret.cat\/es\/wp-json\/wp\/v2\/product"}],"about":[{"href":"https:\/\/www.claret.cat\/es\/wp-json\/wp\/v2\/types\/product"}],"wp:attachment":[{"href":"https:\/\/www.claret.cat\/es\/wp-json\/wp\/v2\/media?parent=398532"}],"wp:term":[{"taxonomy":"product_brand","embeddable":true,"href":"https:\/\/www.claret.cat\/es\/wp-json\/wp\/v2\/product_brand?post=398532"},{"taxonomy":"product_cat","embeddable":true,"href":"https:\/\/www.claret.cat\/es\/wp-json\/wp\/v2\/product_cat?post=398532"},{"taxonomy":"product_tag","embeddable":true,"href":"https:\/\/www.claret.cat\/es\/wp-json\/wp\/v2\/product_tag?post=398532"}],"curies":[{"name":"wp","href":"https:\/\/api.w.org\/{rel}","templated":true}]}}