{"id":398534,"date":"2023-02-24T11:45:22","date_gmt":"2023-02-24T10:45:22","guid":{"rendered":"https:\/\/www.claret.cat\/llibre\/el-poder-del-ahora-9788484452065\/"},"modified":"2026-04-24T13:02:13","modified_gmt":"2026-04-24T11:02:13","slug":"el-poder-del-ahora-9788484452065","status":"publish","type":"product","link":"https:\/\/www.claret.cat\/es\/libro\/el-poder-del-ahora-9788484452065\/","title":{"rendered":"EL PODER DEL AHORA"},"content":{"rendered":"<p>Con m\u00e1s de cinco millones de ejemplares vendidos, EL PODER DEL AHORA, un fen\u00f3meno que se ha ido extendiendo de boca a boca desde que se public\u00f3 por primera vez, es uno de esos libros extraordinarios capaces de crear una experiencia tal en los lectores que pueden cambiar radicalmente sus vidas para mejor. Para adentrarse en EL PODER DEL AHORA tendremos que dejar atr\u00e1s nuestra mente anal\u00edtica y su falso yo, el ego. Desde la primera p\u00e1gina de este extraordinario libro nos elevamos a una mayor altura y respiramos un aire m\u00e1s ligero. Conectamos con la esencia indestructible de nuestro Ser: &#8216;la Vida Una omnipresente, eterna, que est\u00e1 m\u00e1s all\u00e1 de la mir\u00edada de formas de vida sujetas al nacimiento y a la muerte&#8217;. Aunque el viaje es todo un reto, Eckhart Tolle nos gu\u00eda usando un lenguaje simple y un sencillo formato de pregunta-respuesta. &#8216;Uno de los mejores libros publicados en muchos a\u00f1os. Cada frase resuena a verdad y poder.&#8217; Deepak Chopra, autor de PODER, LIBERTAD Y GRACIA &#8216;Quiz\u00e1 solamente una vez cada diez a\u00f1os, o incluso una vez cada generaci\u00f3n, surge un libro como EL PODER DEL AHORA. Hay en \u00e9l una energ\u00eda vital que casi se puede sentir cuando uno lo toma en sus manos.&#8217; Mark Allen, autor de EL ARTE DE VIVIR EL TANTRA y VISIONARY BUSINESS<\/p>\n","protected":false},"excerpt":{"rendered":"<p>TOLLE, ECKHART<\/p>\n","protected":false},"featured_media":398535,"template":"","meta":{"_acf_changed":false,"om_disable_all_campaigns":false,"rs_blank_template":"","rs_page_bg_color":"","slide_template_v7":"","inline_featured_image":false,"_monsterinsights_skip_tracking":false,"_monsterinsights_sitenote_active":false,"_monsterinsights_sitenote_note":"","_monsterinsights_sitenote_category":0},"product_brand":[],"product_cat":[90,540],"product_tag":[],"class_list":{"0":"post-398534","1":"product","2":"type-product","3":"status-publish","4":"has-post-thumbnail","6":"product_cat-altres","7":"product_cat-otros","9":"first","10":"instock","11":"taxable","12":"shipping-taxable","13":"purchasable","14":"product-type-simple"},"acf":{"autor":"TOLLE, ECKHART","codart":"848445206","libros-coleccion":"","ediciones":"1","encuadernacion":"R\u00fastica","fecha_de_publicacion":"15\/10\/2007","novedad":"0","paginas":"220","subtitulo":"","orden":"999","portada":"0","idioma":"spa","editorial":[{"ID":148188,"post_author":"3","post_date":"2022-10-14 11:56:19","post_date_gmt":"2022-10-14 09:56:19","post_content":"","post_title":"GAIA, EDICIONES","post_excerpt":"","post_status":"publish","comment_status":"closed","ping_status":"closed","post_password":"","post_name":"gaia-ediciones-2","to_ping":"","pinged":"","post_modified":"2022-10-14 11:56:19","post_modified_gmt":"2022-10-14 09:56:19","post_content_filtered":"","post_parent":0,"guid":"http:\/\/dev.claret.cat\/editorial\/gaia-ediciones-2\/","menu_order":0,"post_type":"editorial","post_mime_type":"","comment_count":"0","filter":"raw"}],"autores-libros":[{"ID":154470,"post_author":"3","post_date":"2022-10-14 15:05:04","post_date_gmt":"2022-10-14 13:05:04","post_content":"","post_title":"ECKHART TOLLE","post_excerpt":"","post_status":"publish","comment_status":"closed","ping_status":"closed","post_password":"","post_name":"eckhart-tolle","to_ping":"","pinged":"","post_modified":"2022-10-14 15:05:04","post_modified_gmt":"2022-10-14 13:05:04","post_content_filtered":"","post_parent":0,"guid":"http:\/\/dev.claret.cat\/autor\/eckhart-tolle\/","menu_order":0,"post_type":"autor","post_mime_type":"","comment_count":"0","filter":"raw"}],"booktrailer":"","resenas":""},"aioseo_notices":[],"_links":{"self":[{"href":"https:\/\/www.claret.cat\/es\/wp-json\/wp\/v2\/product\/398534","targetHints":{"allow":["GET"]}}],"collection":[{"href":"https:\/\/www.claret.cat\/es\/wp-json\/wp\/v2\/product"}],"about":[{"href":"https:\/\/www.claret.cat\/es\/wp-json\/wp\/v2\/types\/product"}],"wp:featuredmedia":[{"embeddable":true,"href":"https:\/\/www.claret.cat\/es\/wp-json\/wp\/v2\/media\/398535"}],"wp:attachment":[{"href":"https:\/\/www.claret.cat\/es\/wp-json\/wp\/v2\/media?parent=398534"}],"wp:term":[{"taxonomy":"product_brand","embeddable":true,"href":"https:\/\/www.claret.cat\/es\/wp-json\/wp\/v2\/product_brand?post=398534"},{"taxonomy":"product_cat","embeddable":true,"href":"https:\/\/www.claret.cat\/es\/wp-json\/wp\/v2\/product_cat?post=398534"},{"taxonomy":"product_tag","embeddable":true,"href":"https:\/\/www.claret.cat\/es\/wp-json\/wp\/v2\/product_tag?post=398534"}],"curies":[{"name":"wp","href":"https:\/\/api.w.org\/{rel}","templated":true}]}}