{"id":398657,"date":"2023-02-24T16:09:02","date_gmt":"2023-02-24T15:09:02","guid":{"rendered":"https:\/\/www.claret.cat\/llibre\/veig-veig-la-ciutat-9788491018438\/"},"modified":"2025-10-29T18:50:08","modified_gmt":"2025-10-29T17:50:08","slug":"veig-veig-la-ciutat-9788491018438","status":"publish","type":"product","link":"https:\/\/www.claret.cat\/es\/libro\/veig-veig-la-ciutat-9788491018438\/","title":{"rendered":"VEIG, VEIG! LA CIUTAT"},"content":{"rendered":"<p>Des del mat\u00ed fins al vespre, en una ciutat hi passen moltes coses: a primera hora n&#8221;hi ha que van a treballar o a l&#8221;escola; cap al migdia, el mercat bull d&#8221;activitat, i, al vespre, la gent t\u00e9 ganes de reposar i divertir-se. Busca i troba tots aquests personatges i molts m\u00e9s en aquest meravell\u00f3s llibre il\u00b7lustrat de Cristina Losantos. Veig, veig! La ciutat \u00e9s tot un repte. T&#8221;hi atreveixes?<\/p>\n","protected":false},"excerpt":{"rendered":"<p>LOSANTOS, CRISTINA<\/p>\n","protected":false},"featured_media":398658,"template":"","meta":{"_acf_changed":false,"om_disable_all_campaigns":false,"rs_blank_template":"","rs_page_bg_color":"","slide_template_v7":"","inline_featured_image":false,"_monsterinsights_skip_tracking":false,"_monsterinsights_sitenote_active":false,"_monsterinsights_sitenote_note":"","_monsterinsights_sitenote_category":0},"product_brand":[],"product_cat":[131,132,361,135,365,362],"product_tag":[],"class_list":{"0":"post-398657","1":"product","2":"type-product","3":"status-publish","4":"has-post-thumbnail","6":"product_cat-contes-per-infants-0-6-anys","7":"product_cat-lectures-per-preadolescents-6-12-anys","8":"product_cat-cuentos-para-ninos-0-6-anos","9":"product_cat-entreteniment","10":"product_cat-entretenimientos","11":"product_cat-libros-preadolescentes-6-12-anos","13":"first","14":"instock","15":"taxable","16":"shipping-taxable","17":"purchasable","18":"product-type-simple"},"acf":{"autor":"LOSANTOS, CRISTINA","codart":"849101843","libros-coleccion":"FORA DE COL.LECCI\u00d3","ediciones":"1","encuadernacion":"Carpeta","fecha_de_publicacion":"01\/02\/2023","novedad":"1","paginas":"18","subtitulo":"","orden":"0","portada":"0","idioma":"cat","editorial":[{"ID":147650,"post_author":"3","post_date":"2022-10-14 11:52:12","post_date_gmt":"2022-10-14 09:52:12","post_content":"","post_title":"COMBEL EDITORIL","post_excerpt":"","post_status":"publish","comment_status":"closed","ping_status":"closed","post_password":"","post_name":"combel-editoril","to_ping":"","pinged":"","post_modified":"2022-10-14 11:52:12","post_modified_gmt":"2022-10-14 09:52:12","post_content_filtered":"","post_parent":0,"guid":"http:\/\/dev.claret.cat\/editorial\/combel-editoril\/","menu_order":0,"post_type":"editorial","post_mime_type":"","comment_count":"0","filter":"raw"}],"autores-libros":[{"ID":153364,"post_author":"3","post_date":"2022-10-14 14:56:11","post_date_gmt":"2022-10-14 12:56:11","post_content":"","post_title":"CRISTINA LOSANTOS","post_excerpt":"","post_status":"publish","comment_status":"closed","ping_status":"closed","post_password":"","post_name":"cristina-losantos","to_ping":"","pinged":"","post_modified":"2022-10-14 14:56:11","post_modified_gmt":"2022-10-14 12:56:11","post_content_filtered":"","post_parent":0,"guid":"http:\/\/dev.claret.cat\/autor\/cristina-losantos\/","menu_order":0,"post_type":"autor","post_mime_type":"","comment_count":"0","filter":"raw"}],"booktrailer":"","resenas":""},"aioseo_notices":[],"_links":{"self":[{"href":"https:\/\/www.claret.cat\/es\/wp-json\/wp\/v2\/product\/398657","targetHints":{"allow":["GET"]}}],"collection":[{"href":"https:\/\/www.claret.cat\/es\/wp-json\/wp\/v2\/product"}],"about":[{"href":"https:\/\/www.claret.cat\/es\/wp-json\/wp\/v2\/types\/product"}],"wp:featuredmedia":[{"embeddable":true,"href":"https:\/\/www.claret.cat\/es\/wp-json\/wp\/v2\/media\/398658"}],"wp:attachment":[{"href":"https:\/\/www.claret.cat\/es\/wp-json\/wp\/v2\/media?parent=398657"}],"wp:term":[{"taxonomy":"product_brand","embeddable":true,"href":"https:\/\/www.claret.cat\/es\/wp-json\/wp\/v2\/product_brand?post=398657"},{"taxonomy":"product_cat","embeddable":true,"href":"https:\/\/www.claret.cat\/es\/wp-json\/wp\/v2\/product_cat?post=398657"},{"taxonomy":"product_tag","embeddable":true,"href":"https:\/\/www.claret.cat\/es\/wp-json\/wp\/v2\/product_tag?post=398657"}],"curies":[{"name":"wp","href":"https:\/\/api.w.org\/{rel}","templated":true}]}}