{"id":398837,"date":"2023-02-27T02:51:43","date_gmt":"2023-02-27T01:51:43","guid":{"rendered":"https:\/\/www.claret.cat\/llibre\/la-gran-corriente-de-aire-9788426380678\/"},"modified":"2023-02-27T02:51:49","modified_gmt":"2023-02-27T01:51:49","slug":"la-gran-corriente-de-aire-9788426380678","status":"publish","type":"product","link":"https:\/\/www.claret.cat\/es\/libro\/la-gran-corriente-de-aire-9788426380678\/","title":{"rendered":"LA GRAN CORRIENTE DE AIRE"},"content":{"rendered":"<p>Jos\u00e9 y Luc\u00eda miraron por la ventana y vieron como su pap\u00e1 y su mam\u00e1 se alejaban y desaparec\u00edan tras la esquina de la calle. &#8211; \u00bfCrees que volveremos a verlos alg\u00fan d\u00eda? -pregunt\u00f3 Luc\u00eda a su hermano mayor. &#8211; Probablemente no -le respond\u00edo Jos\u00e9. Al principio fue un poco duro para los dos ni\u00f1os. Pero pronto aprendieron a desenvolverse por s\u00ed mismos.<\/p>\n","protected":false},"excerpt":{"rendered":"<p>LE THANH, TAI.MARC; DAUTREMER, R\u00c9BECCA<\/p>\n","protected":false},"featured_media":398838,"template":"","meta":{"_acf_changed":false,"om_disable_all_campaigns":false,"rs_blank_template":"","rs_page_bg_color":"","slide_template_v7":"","inline_featured_image":false,"_monsterinsights_skip_tracking":false,"_monsterinsights_sitenote_active":false,"_monsterinsights_sitenote_note":"","_monsterinsights_sitenote_category":0},"product_brand":[],"product_cat":[90,540],"product_tag":[],"class_list":{"0":"post-398837","1":"product","2":"type-product","3":"status-publish","4":"has-post-thumbnail","6":"product_cat-altres","7":"product_cat-otros","9":"first","10":"instock","11":"taxable","12":"shipping-taxable","13":"purchasable","14":"product-type-simple"},"acf":{"autor":"LE THANH, TAI.MARC; DAUTREMER, R\u00c9BECCA","codart":"842638067","libros-coleccion":"","ediciones":"0","encuadernacion":"Carton\u00e9","fecha_de_publicacion":"05\/04\/2011","novedad":"0","paginas":"0","subtitulo":"","orden":"999","portada":"0","idioma":"spa","editorial":[{"ID":261986,"post_author":"3","post_date":"2022-10-24 11:18:26","post_date_gmt":"2022-10-24 09:18:26","post_content":"","post_title":"EDELVIVES","post_excerpt":"","post_status":"publish","comment_status":"closed","ping_status":"closed","post_password":"","post_name":"edelvives","to_ping":"","pinged":"","post_modified":"2022-10-24 11:18:26","post_modified_gmt":"2022-10-24 09:18:26","post_content_filtered":"","post_parent":0,"guid":"http:\/\/dev.claret.cat\/editorial\/edelvives\/","menu_order":0,"post_type":"editorial","post_mime_type":"","comment_count":"0","filter":"raw"}],"autores-libros":[{"ID":398836,"post_author":"3","post_date":"2023-02-27 02:51:41","post_date_gmt":"2023-02-27 01:51:41","post_content":"","post_title":"TAI.MARC LE THANH","post_excerpt":"","post_status":"publish","comment_status":"closed","ping_status":"closed","post_password":"","post_name":"tai-marc-le-thanh-3","to_ping":"","pinged":"","post_modified":"2023-02-27 02:51:41","post_modified_gmt":"2023-02-27 01:51:41","post_content_filtered":"","post_parent":0,"guid":"https:\/\/www.claret.cat\/autor\/tai-marc-le-thanh-3\/","menu_order":0,"post_type":"autor","post_mime_type":"","comment_count":"0","filter":"raw"},{"ID":167902,"post_author":"3","post_date":"2022-10-14 18:14:55","post_date_gmt":"2022-10-14 16:14:55","post_content":"","post_title":"R\u00c9BECCA DAUTREMER","post_excerpt":"","post_status":"publish","comment_status":"closed","ping_status":"closed","post_password":"","post_name":"rebecca-dautremer","to_ping":"","pinged":"","post_modified":"2022-10-14 18:14:55","post_modified_gmt":"2022-10-14 16:14:55","post_content_filtered":"","post_parent":0,"guid":"http:\/\/dev.claret.cat\/autor\/rebecca-dautremer\/","menu_order":0,"post_type":"autor","post_mime_type":"","comment_count":"0","filter":"raw"}]},"aioseo_notices":[],"_links":{"self":[{"href":"https:\/\/www.claret.cat\/es\/wp-json\/wp\/v2\/product\/398837","targetHints":{"allow":["GET"]}}],"collection":[{"href":"https:\/\/www.claret.cat\/es\/wp-json\/wp\/v2\/product"}],"about":[{"href":"https:\/\/www.claret.cat\/es\/wp-json\/wp\/v2\/types\/product"}],"wp:featuredmedia":[{"embeddable":true,"href":"https:\/\/www.claret.cat\/es\/wp-json\/wp\/v2\/media\/398838"}],"wp:attachment":[{"href":"https:\/\/www.claret.cat\/es\/wp-json\/wp\/v2\/media?parent=398837"}],"wp:term":[{"taxonomy":"product_brand","embeddable":true,"href":"https:\/\/www.claret.cat\/es\/wp-json\/wp\/v2\/product_brand?post=398837"},{"taxonomy":"product_cat","embeddable":true,"href":"https:\/\/www.claret.cat\/es\/wp-json\/wp\/v2\/product_cat?post=398837"},{"taxonomy":"product_tag","embeddable":true,"href":"https:\/\/www.claret.cat\/es\/wp-json\/wp\/v2\/product_tag?post=398837"}],"curies":[{"name":"wp","href":"https:\/\/api.w.org\/{rel}","templated":true}]}}