{"id":398879,"date":"2023-02-27T02:54:11","date_gmt":"2023-02-27T01:54:11","guid":{"rendered":"https:\/\/www.claret.cat\/llibre\/whos-the-classiest-cat-9788426389527\/"},"modified":"2023-02-27T02:54:17","modified_gmt":"2023-02-27T01:54:17","slug":"whos-the-classiest-cat-9788426389527","status":"publish","type":"product","link":"https:\/\/www.claret.cat\/es\/libro\/whos-the-classiest-cat-9788426389527\/","title":{"rendered":"WHO&#8221;S THE CLASSIEST CAT?"},"content":{"rendered":"<p>Coco es la gata de una familia t\u00edpica de cualquier ciudad europea. Es vanidosa, perezosa y se considera el centro del mundo. Los t\u00edtulos de esta colecci\u00f3n han sido especialmente adaptados para un nivel b\u00e1sico de aprendizaje de ingl\u00e9s.<\/p>\n","protected":false},"excerpt":{"rendered":"<p>GERARD MONCOMBLE<\/p>\n","protected":false},"featured_media":398880,"template":"","meta":{"_acf_changed":false,"om_disable_all_campaigns":false,"rs_blank_template":"","rs_page_bg_color":"","slide_template_v7":"","inline_featured_image":false,"_monsterinsights_skip_tracking":false,"_monsterinsights_sitenote_active":false,"_monsterinsights_sitenote_note":"","_monsterinsights_sitenote_category":0},"product_brand":[],"product_cat":[109,86,352,559],"product_tag":[],"class_list":{"0":"post-398879","1":"product","2":"type-product","3":"status-publish","4":"has-post-thumbnail","6":"product_cat-angles","7":"product_cat-infantil","8":"product_cat-infantil-3_infantil-juvenil-spa","9":"product_cat-ingles","11":"first","12":"instock","13":"taxable","14":"shipping-taxable","15":"purchasable","16":"product-type-simple"},"acf":{"autor":"GERARD MONCOMBLE","codart":"842638952","libros-coleccion":"","ediciones":"1","encuadernacion":"R\u00fastica","fecha_de_publicacion":"01\/04\/2013","novedad":"0","paginas":"31","subtitulo":"","orden":"999","portada":"0","idioma":"eng","editorial":[{"ID":261986,"post_author":"3","post_date":"2022-10-24 11:18:26","post_date_gmt":"2022-10-24 09:18:26","post_content":"","post_title":"EDELVIVES","post_excerpt":"","post_status":"publish","comment_status":"closed","ping_status":"closed","post_password":"","post_name":"edelvives","to_ping":"","pinged":"","post_modified":"2022-10-24 11:18:26","post_modified_gmt":"2022-10-24 09:18:26","post_content_filtered":"","post_parent":0,"guid":"http:\/\/dev.claret.cat\/editorial\/edelvives\/","menu_order":0,"post_type":"editorial","post_mime_type":"","comment_count":"0","filter":"raw"}],"autores-libros":[{"ID":398872,"post_author":"3","post_date":"2023-02-27 02:53:47","post_date_gmt":"2023-02-27 01:53:47","post_content":"","post_title":"G\u00c9RARD MONCOMBLE","post_excerpt":"","post_status":"publish","comment_status":"closed","ping_status":"closed","post_password":"","post_name":"gerard-moncomble-2","to_ping":"","pinged":"","post_modified":"2023-02-27 02:53:47","post_modified_gmt":"2023-02-27 01:53:47","post_content_filtered":"","post_parent":0,"guid":"https:\/\/www.claret.cat\/autor\/gerard-moncomble-2\/","menu_order":0,"post_type":"autor","post_mime_type":"","comment_count":"0","filter":"raw"}]},"aioseo_notices":[],"_links":{"self":[{"href":"https:\/\/www.claret.cat\/es\/wp-json\/wp\/v2\/product\/398879","targetHints":{"allow":["GET"]}}],"collection":[{"href":"https:\/\/www.claret.cat\/es\/wp-json\/wp\/v2\/product"}],"about":[{"href":"https:\/\/www.claret.cat\/es\/wp-json\/wp\/v2\/types\/product"}],"wp:featuredmedia":[{"embeddable":true,"href":"https:\/\/www.claret.cat\/es\/wp-json\/wp\/v2\/media\/398880"}],"wp:attachment":[{"href":"https:\/\/www.claret.cat\/es\/wp-json\/wp\/v2\/media?parent=398879"}],"wp:term":[{"taxonomy":"product_brand","embeddable":true,"href":"https:\/\/www.claret.cat\/es\/wp-json\/wp\/v2\/product_brand?post=398879"},{"taxonomy":"product_cat","embeddable":true,"href":"https:\/\/www.claret.cat\/es\/wp-json\/wp\/v2\/product_cat?post=398879"},{"taxonomy":"product_tag","embeddable":true,"href":"https:\/\/www.claret.cat\/es\/wp-json\/wp\/v2\/product_tag?post=398879"}],"curies":[{"name":"wp","href":"https:\/\/api.w.org\/{rel}","templated":true}]}}