{"id":398930,"date":"2023-02-27T02:57:06","date_gmt":"2023-02-27T01:57:06","guid":{"rendered":"https:\/\/www.claret.cat\/llibre\/team-heretics-todo-lo-que-necesitas-saber-sobre-esports-9788427045552\/"},"modified":"2023-02-27T02:57:12","modified_gmt":"2023-02-27T01:57:12","slug":"team-heretics-todo-lo-que-necesitas-saber-sobre-esports-9788427045552","status":"publish","type":"product","link":"https:\/\/www.claret.cat\/es\/libro\/team-heretics-todo-lo-que-necesitas-saber-sobre-esports-9788427045552\/","title":{"rendered":"TEAM HERETICS: TODO LO QUE NECESITAS SABER SOBRE ESPORTS"},"content":{"rendered":"<p>Para destacar en esports es necesario no solo tener talento, sino tambi\u00e9n horas y horas de trabajo, preparaci\u00f3n y dedicaci\u00f3n. TheGrefg, Goorgo y MethodZ, de Team Heretics, compartir\u00e1n contigo sus mejores consejos y c\u00f3mo, con esfuerzo y sacrificio, han conseguido ser considerados referentes de los deportes electr\u00f3nicos, adem\u00e1s de numerosas an\u00e9cdotas. Con su ayuda, aprender\u00e1s a reconocer tus habilidades, mejorar tus puntos d\u00e9biles y lograr todos tus objetivos. Y te ense\u00f1ar\u00e1n todas las claves del \u00e9xito: estudiar al adversario, trabajar en equipo, cuidar la alimentaci\u00f3n y la preparaci\u00f3n f\u00edsica, aprender de las derrotas y analizar las victorias?<\/p>\n","protected":false},"excerpt":{"rendered":"<p>THEGREFG \/ METHODZ \/ GOORGO<\/p>\n","protected":false},"featured_media":398931,"template":"","meta":{"_acf_changed":false,"om_disable_all_campaigns":false,"rs_blank_template":"","rs_page_bg_color":"","slide_template_v7":"","inline_featured_image":false,"_monsterinsights_skip_tracking":false,"_monsterinsights_sitenote_active":false,"_monsterinsights_sitenote_note":"","_monsterinsights_sitenote_category":0},"product_brand":[],"product_cat":[115,564],"product_tag":[],"class_list":{"0":"post-398930","1":"product","2":"type-product","3":"status-publish","4":"has-post-thumbnail","6":"product_cat-videojocs","7":"product_cat-videojuegos","9":"first","10":"instock","11":"taxable","12":"shipping-taxable","13":"purchasable","14":"product-type-simple"},"acf":{"autor":"THEGREFG \/ METHODZ \/ GOORGO","codart":"842704555","libros-coleccion":"4You2","ediciones":"1","encuadernacion":"R\u00fastica","fecha_de_publicacion":"01\/06\/2019","novedad":"1","paginas":"188","subtitulo":"","orden":"0","portada":"0","idioma":"spa","editorial":[{"ID":6303,"post_author":"3","post_date":"2022-07-28 17:49:17","post_date_gmt":"2022-07-28 15:49:17","post_content":"","post_title":"MARTINEZ ROCA","post_excerpt":"","post_status":"publish","comment_status":"closed","ping_status":"closed","post_password":"","post_name":"martinez-roca","to_ping":"","pinged":"","post_modified":"2022-07-28 17:49:17","post_modified_gmt":"2022-07-28 15:49:17","post_content_filtered":"","post_parent":0,"guid":"http:\/\/dev.claret.cat\/editorial\/martinez-roca\/","menu_order":0,"post_type":"editorial","post_mime_type":"","comment_count":"0","filter":"raw"}],"autores-libros":[{"ID":170298,"post_author":"3","post_date":"2022-10-14 22:34:12","post_date_gmt":"2022-10-14 20:34:12","post_content":"","post_title":"THEGREFG","post_excerpt":"","post_status":"publish","comment_status":"closed","ping_status":"closed","post_password":"","post_name":"thegrefg","to_ping":"","pinged":"","post_modified":"2022-10-14 22:34:12","post_modified_gmt":"2022-10-14 20:34:12","post_content_filtered":"","post_parent":0,"guid":"http:\/\/dev.claret.cat\/autor\/thegrefg\/","menu_order":0,"post_type":"autor","post_mime_type":"","comment_count":"0","filter":"raw"},{"ID":164766,"post_author":"3","post_date":"2022-10-14 17:49:43","post_date_gmt":"2022-10-14 15:49:43","post_content":"","post_title":"METHODZ","post_excerpt":"","post_status":"publish","comment_status":"closed","ping_status":"closed","post_password":"","post_name":"methodz","to_ping":"","pinged":"","post_modified":"2022-10-14 17:49:43","post_modified_gmt":"2022-10-14 15:49:43","post_content_filtered":"","post_parent":0,"guid":"http:\/\/dev.claret.cat\/autor\/methodz\/","menu_order":0,"post_type":"autor","post_mime_type":"","comment_count":"0","filter":"raw"},{"ID":157065,"post_author":"3","post_date":"2022-10-14 15:25:50","post_date_gmt":"2022-10-14 13:25:50","post_content":"","post_title":"GOORGO","post_excerpt":"","post_status":"publish","comment_status":"closed","ping_status":"closed","post_password":"","post_name":"goorgo","to_ping":"","pinged":"","post_modified":"2022-10-14 15:25:50","post_modified_gmt":"2022-10-14 13:25:50","post_content_filtered":"","post_parent":0,"guid":"http:\/\/dev.claret.cat\/autor\/goorgo\/","menu_order":0,"post_type":"autor","post_mime_type":"","comment_count":"0","filter":"raw"}]},"aioseo_notices":[],"_links":{"self":[{"href":"https:\/\/www.claret.cat\/es\/wp-json\/wp\/v2\/product\/398930","targetHints":{"allow":["GET"]}}],"collection":[{"href":"https:\/\/www.claret.cat\/es\/wp-json\/wp\/v2\/product"}],"about":[{"href":"https:\/\/www.claret.cat\/es\/wp-json\/wp\/v2\/types\/product"}],"wp:featuredmedia":[{"embeddable":true,"href":"https:\/\/www.claret.cat\/es\/wp-json\/wp\/v2\/media\/398931"}],"wp:attachment":[{"href":"https:\/\/www.claret.cat\/es\/wp-json\/wp\/v2\/media?parent=398930"}],"wp:term":[{"taxonomy":"product_brand","embeddable":true,"href":"https:\/\/www.claret.cat\/es\/wp-json\/wp\/v2\/product_brand?post=398930"},{"taxonomy":"product_cat","embeddable":true,"href":"https:\/\/www.claret.cat\/es\/wp-json\/wp\/v2\/product_cat?post=398930"},{"taxonomy":"product_tag","embeddable":true,"href":"https:\/\/www.claret.cat\/es\/wp-json\/wp\/v2\/product_tag?post=398930"}],"curies":[{"name":"wp","href":"https:\/\/api.w.org\/{rel}","templated":true}]}}