{"id":398947,"date":"2023-02-27T02:58:09","date_gmt":"2023-02-27T01:58:09","guid":{"rendered":"https:\/\/www.claret.cat\/llibre\/diario-de-nikki-1-9788427200418\/"},"modified":"2025-02-04T18:45:15","modified_gmt":"2025-02-04T17:45:15","slug":"diario-de-nikki-1-9788427200418","status":"publish","type":"product","link":"https:\/\/www.claret.cat\/es\/libro\/diario-de-nikki-1-9788427200418\/","title":{"rendered":"DIARIO DE NIKKI 1"},"content":{"rendered":"<p>Cuando el padre de Nikki es contratado para encargarse de la desinfecci\u00f3n de un instituto de alto standing,<br \/> no s\u00f3lo consigue un trab ajo para todo el a\u00f1o sino que a su vez consigue una beca para su hija. Y es ah\u00ed donde empieza<br \/> el sinvivir de Nikki que se encuentra perdida de repente entre un mundo desconocido para ella: el del pijer\u00edo.<br \/> Enseguida conocer\u00e1 a MacKenzie, una chica que siempre va a la \u00faltima y que lidera el grupo GPS (Guapas, Populares y<br \/> Simp\u00e1ticas). La guerra entre ella y MacKenzie para conseguir ser la n\u00famero uno est\u00e1 servida.<\/p>\n","protected":false},"excerpt":{"rendered":"<p>RENEE RUSSELL, RACHEL<\/p>\n","protected":false},"featured_media":398948,"template":"","meta":{"_acf_changed":false,"om_disable_all_campaigns":false,"rs_blank_template":"","rs_page_bg_color":"","slide_template_v7":"","inline_featured_image":false,"_monsterinsights_skip_tracking":false,"_monsterinsights_sitenote_active":false,"_monsterinsights_sitenote_note":"","_monsterinsights_sitenote_category":0},"product_brand":[],"product_cat":[90,540],"product_tag":[],"class_list":{"0":"post-398947","1":"product","2":"type-product","3":"status-publish","4":"has-post-thumbnail","6":"product_cat-altres","7":"product_cat-otros","9":"first","10":"instock","11":"taxable","12":"shipping-taxable","13":"purchasable","14":"product-type-simple"},"acf":{"autor":"RENEE RUSSELL, RACHEL","codart":"842720041","libros-coleccion":"","ediciones":"1","encuadernacion":"Carton\u00e9","fecha_de_publicacion":"01\/09\/2010","novedad":"0","paginas":"282","subtitulo":"CR\u00d3NICAS DE UNA VIDA MUY POCO GLAMUROSA","orden":"999","portada":"0","idioma":"spa","editorial":[{"ID":8268,"post_author":"3","post_date":"2022-09-30 09:21:37","post_date_gmt":"2022-09-30 07:21:37","post_content":"","post_title":"RBA LIBROS SA.","post_excerpt":"","post_status":"publish","comment_status":"closed","ping_status":"closed","post_password":"","post_name":"rba-libros-sa","to_ping":"","pinged":"","post_modified":"2022-09-30 09:21:37","post_modified_gmt":"2022-09-30 07:21:37","post_content_filtered":"","post_parent":0,"guid":"http:\/\/dev.claret.cat\/editorial\/rba-libros-sa\/","menu_order":0,"post_type":"editorial","post_mime_type":"","comment_count":"0","filter":"raw"}],"autores-libros":[{"ID":398946,"post_author":"3","post_date":"2023-02-27 02:58:06","post_date_gmt":"2023-02-27 01:58:06","post_content":"","post_title":"RACHEL RENEE RUSSELL","post_excerpt":"","post_status":"publish","comment_status":"closed","ping_status":"closed","post_password":"","post_name":"rachel-renee-russell-2","to_ping":"","pinged":"","post_modified":"2023-02-27 02:58:06","post_modified_gmt":"2023-02-27 01:58:06","post_content_filtered":"","post_parent":0,"guid":"https:\/\/www.claret.cat\/autor\/rachel-renee-russell-2\/","menu_order":0,"post_type":"autor","post_mime_type":"","comment_count":"0","filter":"raw"}]},"aioseo_notices":[],"_links":{"self":[{"href":"https:\/\/www.claret.cat\/es\/wp-json\/wp\/v2\/product\/398947","targetHints":{"allow":["GET"]}}],"collection":[{"href":"https:\/\/www.claret.cat\/es\/wp-json\/wp\/v2\/product"}],"about":[{"href":"https:\/\/www.claret.cat\/es\/wp-json\/wp\/v2\/types\/product"}],"wp:featuredmedia":[{"embeddable":true,"href":"https:\/\/www.claret.cat\/es\/wp-json\/wp\/v2\/media\/398948"}],"wp:attachment":[{"href":"https:\/\/www.claret.cat\/es\/wp-json\/wp\/v2\/media?parent=398947"}],"wp:term":[{"taxonomy":"product_brand","embeddable":true,"href":"https:\/\/www.claret.cat\/es\/wp-json\/wp\/v2\/product_brand?post=398947"},{"taxonomy":"product_cat","embeddable":true,"href":"https:\/\/www.claret.cat\/es\/wp-json\/wp\/v2\/product_cat?post=398947"},{"taxonomy":"product_tag","embeddable":true,"href":"https:\/\/www.claret.cat\/es\/wp-json\/wp\/v2\/product_tag?post=398947"}],"curies":[{"name":"wp","href":"https:\/\/api.w.org\/{rel}","templated":true}]}}