{"id":398953,"date":"2023-02-27T02:58:30","date_gmt":"2023-02-27T01:58:30","guid":{"rendered":"https:\/\/www.claret.cat\/llibre\/diario-de-nikki-2-9788427200845\/"},"modified":"2025-02-04T18:37:53","modified_gmt":"2025-02-04T17:37:53","slug":"diario-de-nikki-2-9788427200845","status":"publish","type":"product","link":"https:\/\/www.claret.cat\/es\/libro\/diario-de-nikki-2-9788427200845\/","title":{"rendered":"DIARIO DE NIKKI 2"},"content":{"rendered":"<p>Ya instalada en su nueva escuela, la vida parece sonre\u00edrle a Nikki Maxwell, especialmente desde que su<br \/> flechazo, Brandon, le pidi\u00f3 ser su compa\u00f1ero de laboratorio. No obstante, cuando Nikki oye a Mackenzie alardear de que<br \/> Brandon la lleva a un baile de Halloween, se compromete a pasar esa noche en una fiesta infantil junto a su hermana<br \/> peque\u00f1a Brianna. Despu\u00e9s de descubrir que Mackenzie ment\u00eda y que su sue\u00f1o de ir a la fiesta con Brandon podr\u00eda hacerse<br \/> realidad, Nikki tendr\u00e1 que hacer malabarismos para asistir a las dos fiestas. Y no s\u00f3lo eso&#8230;\u00a1un camino repleto de<br \/> divertidos embrollos la espera!<\/p>\n","protected":false},"excerpt":{"rendered":"<p>RENEE RUSSELL, RACHEL<\/p>\n","protected":false},"featured_media":398954,"template":"","meta":{"_acf_changed":false,"om_disable_all_campaigns":false,"rs_blank_template":"","rs_page_bg_color":"","slide_template_v7":"","inline_featured_image":false,"_monsterinsights_skip_tracking":false,"_monsterinsights_sitenote_active":false,"_monsterinsights_sitenote_note":"","_monsterinsights_sitenote_category":0},"product_brand":[],"product_cat":[86,352],"product_tag":[],"class_list":{"0":"post-398953","1":"product","2":"type-product","3":"status-publish","4":"has-post-thumbnail","6":"product_cat-infantil","7":"product_cat-infantil-3_infantil-juvenil-spa","9":"first","10":"instock","11":"taxable","12":"shipping-taxable","13":"purchasable","14":"product-type-simple"},"acf":{"autor":"RENEE RUSSELL, RACHEL","codart":"842720084","libros-coleccion":"","ediciones":"1","encuadernacion":"Carton\u00e9","fecha_de_publicacion":"01\/03\/2011","novedad":"0","paginas":"288","subtitulo":"CR\u00d3NICAS DE UNA CHICA QUE NO ES PRECISAMENTE LA REINA DE LA FIESTA","orden":"999","portada":"0","idioma":"spa","editorial":[{"ID":8268,"post_author":"3","post_date":"2022-09-30 09:21:37","post_date_gmt":"2022-09-30 07:21:37","post_content":"","post_title":"RBA LIBROS SA.","post_excerpt":"","post_status":"publish","comment_status":"closed","ping_status":"closed","post_password":"","post_name":"rba-libros-sa","to_ping":"","pinged":"","post_modified":"2022-09-30 09:21:37","post_modified_gmt":"2022-09-30 07:21:37","post_content_filtered":"","post_parent":0,"guid":"http:\/\/dev.claret.cat\/editorial\/rba-libros-sa\/","menu_order":0,"post_type":"editorial","post_mime_type":"","comment_count":"0","filter":"raw"}],"autores-libros":[{"ID":398946,"post_author":"3","post_date":"2023-02-27 02:58:06","post_date_gmt":"2023-02-27 01:58:06","post_content":"","post_title":"RACHEL RENEE RUSSELL","post_excerpt":"","post_status":"publish","comment_status":"closed","ping_status":"closed","post_password":"","post_name":"rachel-renee-russell-2","to_ping":"","pinged":"","post_modified":"2023-02-27 02:58:06","post_modified_gmt":"2023-02-27 01:58:06","post_content_filtered":"","post_parent":0,"guid":"https:\/\/www.claret.cat\/autor\/rachel-renee-russell-2\/","menu_order":0,"post_type":"autor","post_mime_type":"","comment_count":"0","filter":"raw"}]},"aioseo_notices":[],"_links":{"self":[{"href":"https:\/\/www.claret.cat\/es\/wp-json\/wp\/v2\/product\/398953","targetHints":{"allow":["GET"]}}],"collection":[{"href":"https:\/\/www.claret.cat\/es\/wp-json\/wp\/v2\/product"}],"about":[{"href":"https:\/\/www.claret.cat\/es\/wp-json\/wp\/v2\/types\/product"}],"wp:featuredmedia":[{"embeddable":true,"href":"https:\/\/www.claret.cat\/es\/wp-json\/wp\/v2\/media\/398954"}],"wp:attachment":[{"href":"https:\/\/www.claret.cat\/es\/wp-json\/wp\/v2\/media?parent=398953"}],"wp:term":[{"taxonomy":"product_brand","embeddable":true,"href":"https:\/\/www.claret.cat\/es\/wp-json\/wp\/v2\/product_brand?post=398953"},{"taxonomy":"product_cat","embeddable":true,"href":"https:\/\/www.claret.cat\/es\/wp-json\/wp\/v2\/product_cat?post=398953"},{"taxonomy":"product_tag","embeddable":true,"href":"https:\/\/www.claret.cat\/es\/wp-json\/wp\/v2\/product_tag?post=398953"}],"curies":[{"name":"wp","href":"https:\/\/api.w.org\/{rel}","templated":true}]}}