{"id":398971,"date":"2023-02-27T02:59:32","date_gmt":"2023-02-27T01:59:32","guid":{"rendered":"https:\/\/www.claret.cat\/llibre\/sinsajo-9788427202146\/"},"modified":"2023-02-27T02:59:38","modified_gmt":"2023-02-27T01:59:38","slug":"sinsajo-9788427202146","status":"publish","type":"product","link":"https:\/\/www.claret.cat\/es\/libro\/sinsajo-9788427202146\/","title":{"rendered":"SINSAJO"},"content":{"rendered":"<p>Katnis Everdeen ha sobrevivido dos veces a Los juegos del hambre, pero no est\u00e1 a salvo. La revoluci\u00f3n se<\/p>\n<p>extiende y, al parecer, todos han tenido algo que ver en el meticuloso plan, todos excepto Katniss. Aun as\u00ed su papel en<\/p>\n<p>la batalla final es el m\u00e1s importante de todos. Katniss debe convertirse en el Sinsajo, en el s\u00edmbolo de la rebeli\u00f3n&#8230;<\/p>\n<p>a cualquier precio. \u00a1Que empiecen los septuag\u00e9simo sextos juegos del hambre!<\/p>\n","protected":false},"excerpt":{"rendered":"<p>COLLINS , SUZANNE<\/p>\n","protected":false},"featured_media":398972,"template":"","meta":{"_acf_changed":false,"om_disable_all_campaigns":false,"rs_blank_template":"","rs_page_bg_color":"","slide_template_v7":"","inline_featured_image":false,"_monsterinsights_skip_tracking":false,"_monsterinsights_sitenote_active":false,"_monsterinsights_sitenote_note":"","_monsterinsights_sitenote_category":0},"product_brand":[],"product_cat":[86,352],"product_tag":[],"class_list":{"0":"post-398971","1":"product","2":"type-product","3":"status-publish","4":"has-post-thumbnail","6":"product_cat-infantil","7":"product_cat-infantil-3_infantil-juvenil-spa","9":"first","10":"instock","11":"taxable","12":"shipping-taxable","13":"purchasable","14":"product-type-simple"},"acf":{"autor":"COLLINS , SUZANNE","codart":"842720214","libros-coleccion":"","ediciones":"1","encuadernacion":"R\u00fastica","fecha_de_publicacion":"01\/03\/2012","novedad":"0","paginas":"424","subtitulo":"LOS JUEGOS DEL HAMBRE  VOL. III","orden":"999","portada":"0","idioma":"spa","editorial":[{"ID":309757,"post_author":"3","post_date":"2022-12-20 12:05:01","post_date_gmt":"2022-12-20 11:05:01","post_content":"","post_title":"MOLINO, S.R.C.","post_excerpt":"","post_status":"publish","comment_status":"closed","ping_status":"closed","post_password":"","post_name":"molino-s-r-c","to_ping":"","pinged":"","post_modified":"2022-12-20 12:05:01","post_modified_gmt":"2022-12-20 11:05:01","post_content_filtered":"","post_parent":0,"guid":"https:\/\/www.claret.cat\/editorial\/molino-s-r-c\/","menu_order":0,"post_type":"editorial","post_mime_type":"","comment_count":"0","filter":"raw"}],"autores-libros":[{"ID":170004,"post_author":"3","post_date":"2022-10-14 22:31:46","post_date_gmt":"2022-10-14 20:31:46","post_content":"","post_title":"SUZANNE COLLINS","post_excerpt":"","post_status":"publish","comment_status":"closed","ping_status":"closed","post_password":"","post_name":"suzanne-collins","to_ping":"","pinged":"","post_modified":"2022-10-14 22:31:46","post_modified_gmt":"2022-10-14 20:31:46","post_content_filtered":"","post_parent":0,"guid":"http:\/\/dev.claret.cat\/autor\/suzanne-collins\/","menu_order":0,"post_type":"autor","post_mime_type":"","comment_count":"0","filter":"raw"}]},"aioseo_notices":[],"_links":{"self":[{"href":"https:\/\/www.claret.cat\/es\/wp-json\/wp\/v2\/product\/398971","targetHints":{"allow":["GET"]}}],"collection":[{"href":"https:\/\/www.claret.cat\/es\/wp-json\/wp\/v2\/product"}],"about":[{"href":"https:\/\/www.claret.cat\/es\/wp-json\/wp\/v2\/types\/product"}],"wp:featuredmedia":[{"embeddable":true,"href":"https:\/\/www.claret.cat\/es\/wp-json\/wp\/v2\/media\/398972"}],"wp:attachment":[{"href":"https:\/\/www.claret.cat\/es\/wp-json\/wp\/v2\/media?parent=398971"}],"wp:term":[{"taxonomy":"product_brand","embeddable":true,"href":"https:\/\/www.claret.cat\/es\/wp-json\/wp\/v2\/product_brand?post=398971"},{"taxonomy":"product_cat","embeddable":true,"href":"https:\/\/www.claret.cat\/es\/wp-json\/wp\/v2\/product_cat?post=398971"},{"taxonomy":"product_tag","embeddable":true,"href":"https:\/\/www.claret.cat\/es\/wp-json\/wp\/v2\/product_tag?post=398971"}],"curies":[{"name":"wp","href":"https:\/\/api.w.org\/{rel}","templated":true}]}}