{"id":399012,"date":"2023-02-27T03:01:52","date_gmt":"2023-02-27T02:01:52","guid":{"rendered":"https:\/\/www.claret.cat\/llibre\/la-quinta-ola-9788427204225\/"},"modified":"2025-02-04T18:44:20","modified_gmt":"2025-02-04T17:44:20","slug":"la-quinta-ola-9788427204225","status":"publish","type":"product","link":"https:\/\/www.claret.cat\/es\/libro\/la-quinta-ola-9788427204225\/","title":{"rendered":"LA QUINTA OLA"},"content":{"rendered":"<p>En el amanecer de la quinta ola, Cassie est\u00e1 huyendo por un tramo desolado de autov\u00eda. Huye de esos seres<br \/> que aunque parezcan humanos, deambulan por el campo matando a cualquiera. Dispersando a los \u00faltimos supervivientes en<br \/> la tierra, aislando a los resistentes, intentando vencer, as\u00ed, los \u00faltimos vestigios de la humanidad. Cassie sabe que<br \/> mantenerse a solas es la \u00fanica opci\u00f3n para seguir con vida. Hasta que se topa con el cautivador y misterioso Evan<br \/> Walker. Un joven que parece capaz de ayudarle a encontrar a su hermano. As\u00ed que Cassie deber\u00e1 tomar una elecci\u00f3n<br \/> definitiva: confiar o perder la esperanza, desafiar o rendirse, vivir o morir&#8230; abandonar o levantarse y luchar.<\/p>\n","protected":false},"excerpt":{"rendered":"<p>YANCEY , RICK<\/p>\n","protected":false},"featured_media":399013,"template":"","meta":{"_acf_changed":false,"om_disable_all_campaigns":false,"rs_blank_template":"","rs_page_bg_color":"","slide_template_v7":"","inline_featured_image":false,"_monsterinsights_skip_tracking":false,"_monsterinsights_sitenote_active":false,"_monsterinsights_sitenote_note":"","_monsterinsights_sitenote_category":0},"product_brand":[],"product_cat":[87,353],"product_tag":[],"class_list":{"0":"post-399012","1":"product","2":"type-product","3":"status-publish","4":"has-post-thumbnail","6":"product_cat-literatura","7":"product_cat-literatura-2_humanidades","9":"first","10":"instock","11":"taxable","12":"shipping-taxable","13":"purchasable","14":"product-type-simple"},"acf":{"autor":"YANCEY , RICK","codart":"842720422","libros-coleccion":"","ediciones":"1","encuadernacion":"Carton\u00e9","fecha_de_publicacion":"01\/09\/2013","novedad":"0","paginas":"528","subtitulo":"","orden":"999","portada":"0","idioma":"spa","editorial":[{"ID":8268,"post_author":"3","post_date":"2022-09-30 09:21:37","post_date_gmt":"2022-09-30 07:21:37","post_content":"","post_title":"RBA LIBROS SA.","post_excerpt":"","post_status":"publish","comment_status":"closed","ping_status":"closed","post_password":"","post_name":"rba-libros-sa","to_ping":"","pinged":"","post_modified":"2022-09-30 09:21:37","post_modified_gmt":"2022-09-30 07:21:37","post_content_filtered":"","post_parent":0,"guid":"http:\/\/dev.claret.cat\/editorial\/rba-libros-sa\/","menu_order":0,"post_type":"editorial","post_mime_type":"","comment_count":"0","filter":"raw"}],"autores-libros":[{"ID":399011,"post_author":"3","post_date":"2023-02-27 03:01:49","post_date_gmt":"2023-02-27 02:01:49","post_content":"","post_title":"RICK YANCEY","post_excerpt":"","post_status":"publish","comment_status":"closed","ping_status":"closed","post_password":"","post_name":"rick-yancey","to_ping":"","pinged":"","post_modified":"2023-02-27 03:01:49","post_modified_gmt":"2023-02-27 02:01:49","post_content_filtered":"","post_parent":0,"guid":"https:\/\/www.claret.cat\/autor\/rick-yancey\/","menu_order":0,"post_type":"autor","post_mime_type":"","comment_count":"0","filter":"raw"}]},"aioseo_notices":[],"_links":{"self":[{"href":"https:\/\/www.claret.cat\/es\/wp-json\/wp\/v2\/product\/399012","targetHints":{"allow":["GET"]}}],"collection":[{"href":"https:\/\/www.claret.cat\/es\/wp-json\/wp\/v2\/product"}],"about":[{"href":"https:\/\/www.claret.cat\/es\/wp-json\/wp\/v2\/types\/product"}],"wp:featuredmedia":[{"embeddable":true,"href":"https:\/\/www.claret.cat\/es\/wp-json\/wp\/v2\/media\/399013"}],"wp:attachment":[{"href":"https:\/\/www.claret.cat\/es\/wp-json\/wp\/v2\/media?parent=399012"}],"wp:term":[{"taxonomy":"product_brand","embeddable":true,"href":"https:\/\/www.claret.cat\/es\/wp-json\/wp\/v2\/product_brand?post=399012"},{"taxonomy":"product_cat","embeddable":true,"href":"https:\/\/www.claret.cat\/es\/wp-json\/wp\/v2\/product_cat?post=399012"},{"taxonomy":"product_tag","embeddable":true,"href":"https:\/\/www.claret.cat\/es\/wp-json\/wp\/v2\/product_tag?post=399012"}],"curies":[{"name":"wp","href":"https:\/\/api.w.org\/{rel}","templated":true}]}}