{"id":399039,"date":"2023-02-27T03:03:35","date_gmt":"2023-02-27T02:03:35","guid":{"rendered":"https:\/\/www.claret.cat\/llibre\/ana-de-las-tejas-verdes-5-adios-isla-del-principe-9788427216105\/"},"modified":"2025-04-07T12:27:15","modified_gmt":"2025-04-07T10:27:15","slug":"ana-de-las-tejas-verdes-5-adios-isla-del-principe-9788427216105","status":"publish","type":"product","link":"https:\/\/www.claret.cat\/es\/libro\/ana-de-las-tejas-verdes-5-adios-isla-del-principe-9788427216105\/","title":{"rendered":"ANA DE LAS TEJAS VERDES 5. ADI\u00d3S, ISLA DEL PR\u00cdNCIPE"},"content":{"rendered":"<p>El sue\u00f1o de Ana Shirley est\u00e1 a punto de hacerse realidad. Ha llegado el momento de dejar atr\u00e1s su querida isla y poner rumbo a la universidad. Nuevas amistades, caras conocidas, importantes desaf\u00edos? y m\u00e1s de una propuesta de matrimonio. M\u00e1s independiente que nunca, Ana deber\u00e1 tomar sus propias decisiones. Pero \u00bfacertar\u00e1 siempre? Las peripecias de Ana de las Tejas Verdes, una saga cl\u00e1sica ahora revisada y actualizada en una cuidada edici\u00f3n ilustrada por Maria Llovet.<\/p>\n","protected":false},"excerpt":{"rendered":"<p>MONTGOMERY LUCY MAUD<\/p>\n","protected":false},"featured_media":399040,"template":"","meta":{"_acf_changed":false,"om_disable_all_campaigns":false,"rs_blank_template":"","rs_page_bg_color":"","slide_template_v7":"","inline_featured_image":false,"_monsterinsights_skip_tracking":false,"_monsterinsights_sitenote_active":false,"_monsterinsights_sitenote_note":"","_monsterinsights_sitenote_category":0},"product_brand":[],"product_cat":[86,352],"product_tag":[],"class_list":{"0":"post-399039","1":"product","2":"type-product","3":"status-publish","4":"has-post-thumbnail","6":"product_cat-infantil","7":"product_cat-infantil-3_infantil-juvenil-spa","9":"first","10":"instock","11":"taxable","12":"shipping-taxable","13":"purchasable","14":"product-type-simple"},"acf":{"autor":"MONTGOMERY LUCY MAUD","codart":"842721610","libros-coleccion":"INOLVIDABLES","ediciones":"1","encuadernacion":"Carton\u00e9","fecha_de_publicacion":"01\/06\/2019","novedad":"1","paginas":"208","subtitulo":"","orden":"0","portada":"0","idioma":"spa","editorial":[{"ID":6346,"post_author":"3","post_date":"2022-07-28 17:50:13","post_date_gmt":"2022-07-28 15:50:13","post_content":"","post_title":"RBA Molino","post_excerpt":"","post_status":"publish","comment_status":"closed","ping_status":"closed","post_password":"","post_name":"rba-molino","to_ping":"","pinged":"","post_modified":"2022-07-28 17:50:13","post_modified_gmt":"2022-07-28 15:50:13","post_content_filtered":"","post_parent":0,"guid":"http:\/\/dev.claret.cat\/editorial\/rba-molino\/","menu_order":0,"post_type":"editorial","post_mime_type":"","comment_count":"0","filter":"raw"}],"autores-libros":[{"ID":165372,"post_author":"3","post_date":"2022-10-14 17:54:39","post_date_gmt":"2022-10-14 15:54:39","post_content":"","post_title":"MONTGOMERY LUCY MAUD","post_excerpt":"","post_status":"publish","comment_status":"closed","ping_status":"closed","post_password":"","post_name":"montgomery-lucy-maud","to_ping":"","pinged":"","post_modified":"2022-10-14 17:54:39","post_modified_gmt":"2022-10-14 15:54:39","post_content_filtered":"","post_parent":0,"guid":"http:\/\/dev.claret.cat\/autor\/montgomery-lucy-maud\/","menu_order":0,"post_type":"autor","post_mime_type":"","comment_count":"0","filter":"raw"}]},"aioseo_notices":[],"_links":{"self":[{"href":"https:\/\/www.claret.cat\/es\/wp-json\/wp\/v2\/product\/399039","targetHints":{"allow":["GET"]}}],"collection":[{"href":"https:\/\/www.claret.cat\/es\/wp-json\/wp\/v2\/product"}],"about":[{"href":"https:\/\/www.claret.cat\/es\/wp-json\/wp\/v2\/types\/product"}],"wp:featuredmedia":[{"embeddable":true,"href":"https:\/\/www.claret.cat\/es\/wp-json\/wp\/v2\/media\/399040"}],"wp:attachment":[{"href":"https:\/\/www.claret.cat\/es\/wp-json\/wp\/v2\/media?parent=399039"}],"wp:term":[{"taxonomy":"product_brand","embeddable":true,"href":"https:\/\/www.claret.cat\/es\/wp-json\/wp\/v2\/product_brand?post=399039"},{"taxonomy":"product_cat","embeddable":true,"href":"https:\/\/www.claret.cat\/es\/wp-json\/wp\/v2\/product_cat?post=399039"},{"taxonomy":"product_tag","embeddable":true,"href":"https:\/\/www.claret.cat\/es\/wp-json\/wp\/v2\/product_tag?post=399039"}],"curies":[{"name":"wp","href":"https:\/\/api.w.org\/{rel}","templated":true}]}}