{"id":399225,"date":"2023-02-27T03:14:46","date_gmt":"2023-02-27T02:14:46","guid":{"rendered":"https:\/\/www.claret.cat\/llibre\/21-llicons-per-al-segle-xxi-edicio-rustica-9788429777826\/"},"modified":"2024-01-31T20:08:15","modified_gmt":"2024-01-31T19:08:15","slug":"21-llicons-per-al-segle-xxi-edicio-rustica-9788429777826","status":"publish","type":"product","link":"https:\/\/www.claret.cat\/es\/libro\/21-llicons-per-al-segle-xxi-edicio-rustica-9788429777826\/","title":{"rendered":"21 LLI\u00c7ONS PER AL SEGLE XXI (EDICI\u00d3 R\u00daSTICA)"},"content":{"rendered":"<p>Qu\u00e8 passa ara mateix al m\u00f3n d\u2019avui?<br \/>Quins s\u00f3n els desafiaments m\u00e9s grans d\u2019avui en dia?<br \/>En qu\u00e8 ens haur\u00edem de fixar per damunt de tot?<br \/>Qu\u00e8 haur\u00edem d\u2019ensenyar als nostres fills?<br \/>Despr\u00e9s que S\u00e0piens examin\u00e9s profundament el passat de la humanitat i Homo Deus rumi\u00e9s sobre la nostra exist\u00e8ncia en un futur impulsat pel designi intel\u00b7ligent, 21 lli\u00e7ons per al segle XXI se centra en les q\u00fcestions m\u00e9s importants del moment present. Desentranya q\u00fcestions pol\u00edtiques, tecnol\u00f2giques, socials i existencials, i destaca l\u2019impacte que tenen en les vides quotidianes dels \u00e9ssers humans.<\/p>\n","protected":false},"excerpt":{"rendered":"<p>NOAH HARARI, YUVAL<\/p>\n","protected":false},"featured_media":399226,"template":"","meta":{"_acf_changed":false,"om_disable_all_campaigns":false,"rs_blank_template":"","rs_page_bg_color":"","slide_template_v7":"","inline_featured_image":false,"_monsterinsights_skip_tracking":false,"_monsterinsights_sitenote_active":false,"_monsterinsights_sitenote_note":"","_monsterinsights_sitenote_category":0},"product_brand":[],"product_cat":[85,351],"product_tag":[],"class_list":{"0":"post-399225","1":"product","2":"type-product","3":"status-publish","4":"has-post-thumbnail","6":"product_cat-historia","7":"product_cat-historia-2_humanidades","9":"first","10":"instock","11":"taxable","12":"shipping-taxable","13":"purchasable","14":"product-type-simple"},"acf":{"autor":"NOAH HARARI, YUVAL","codart":"842977782","libros-coleccion":"Llibres de roba","ediciones":"1","encuadernacion":"R\u00fastica","fecha_de_publicacion":"01\/06\/2019","novedad":"1","paginas":"492","subtitulo":"","orden":"0","portada":"0","idioma":"cat","editorial":[{"ID":6210,"post_author":"3","post_date":"2022-07-28 17:47:13","post_date_gmt":"2022-07-28 15:47:13","post_content":"","post_title":"Edicions 62","post_excerpt":"","post_status":"publish","comment_status":"closed","ping_status":"closed","post_password":"","post_name":"edicions-62","to_ping":"","pinged":"","post_modified":"2022-07-28 17:47:13","post_modified_gmt":"2022-07-28 15:47:13","post_content_filtered":"","post_parent":0,"guid":"http:\/\/dev.claret.cat\/editorial\/edicions-62\/","menu_order":0,"post_type":"editorial","post_mime_type":"","comment_count":"0","filter":"raw"}],"autores-libros":[{"ID":6105,"post_author":"3","post_date":"2022-07-28 17:38:17","post_date_gmt":"2022-07-28 15:38:17","post_content":"","post_title":"YUVAL NOAH HARARI","post_excerpt":"","post_status":"publish","comment_status":"closed","ping_status":"closed","post_password":"","post_name":"yuval-noah-harari","to_ping":"","pinged":"","post_modified":"2022-07-28 17:38:17","post_modified_gmt":"2022-07-28 15:38:17","post_content_filtered":"","post_parent":0,"guid":"http:\/\/dev.claret.cat\/autor\/yuval-noah-harari\/","menu_order":0,"post_type":"autor","post_mime_type":"","comment_count":"0","filter":"raw"}]},"aioseo_notices":[],"_links":{"self":[{"href":"https:\/\/www.claret.cat\/es\/wp-json\/wp\/v2\/product\/399225","targetHints":{"allow":["GET"]}}],"collection":[{"href":"https:\/\/www.claret.cat\/es\/wp-json\/wp\/v2\/product"}],"about":[{"href":"https:\/\/www.claret.cat\/es\/wp-json\/wp\/v2\/types\/product"}],"wp:featuredmedia":[{"embeddable":true,"href":"https:\/\/www.claret.cat\/es\/wp-json\/wp\/v2\/media\/399226"}],"wp:attachment":[{"href":"https:\/\/www.claret.cat\/es\/wp-json\/wp\/v2\/media?parent=399225"}],"wp:term":[{"taxonomy":"product_brand","embeddable":true,"href":"https:\/\/www.claret.cat\/es\/wp-json\/wp\/v2\/product_brand?post=399225"},{"taxonomy":"product_cat","embeddable":true,"href":"https:\/\/www.claret.cat\/es\/wp-json\/wp\/v2\/product_cat?post=399225"},{"taxonomy":"product_tag","embeddable":true,"href":"https:\/\/www.claret.cat\/es\/wp-json\/wp\/v2\/product_tag?post=399225"}],"curies":[{"name":"wp","href":"https:\/\/api.w.org\/{rel}","templated":true}]}}