{"id":399243,"date":"2023-02-27T03:15:50","date_gmt":"2023-02-27T02:15:50","guid":{"rendered":"https:\/\/www.claret.cat\/llibre\/caravaggio-una-vida-sagrada-y-profana-9788430608065\/"},"modified":"2024-10-29T19:31:04","modified_gmt":"2024-10-29T18:31:04","slug":"caravaggio-una-vida-sagrada-y-profana-9788430608065","status":"publish","type":"product","link":"https:\/\/www.claret.cat\/es\/libro\/caravaggio-una-vida-sagrada-y-profana-9788430608065\/","title":{"rendered":"CARAVAGGIO. UNA VIDA SAGRADA Y PROFANA"},"content":{"rendered":"<p>Michelangelo Merisi da Caravaggio vivi\u00f3 la m\u00e1s oscura y peligrosa vida de entre los grandes maestros de la pintura. Los ambientes de Mil\u00e1n, Roma y N\u00e1poles en los que Caravaggio se movi\u00f3, y que Andrew Graham-Dixon describe magn\u00edficamente, son los de los cardenales y las prostitutas, los de la oraci\u00f3n y la violencia. Andrew Graham-Dixon ha pasado una d\u00e9cada reuniendo los fragmentos de evidencias conservados sobre la vida de Caravaggio para responder en este libro a muchas de las cuestiones que durante a\u00f1os han desconcertado a los investigadores.<\/p>\n","protected":false},"excerpt":{"rendered":"<p>GRAHAM-DIXON, ANDREW<\/p>\n","protected":false},"featured_media":988600,"template":"","meta":{"_acf_changed":false,"om_disable_all_campaigns":false,"rs_blank_template":"","rs_page_bg_color":"","slide_template_v7":"","inline_featured_image":false,"_monsterinsights_skip_tracking":false,"_monsterinsights_sitenote_active":false,"_monsterinsights_sitenote_note":"","_monsterinsights_sitenote_category":0},"product_brand":[],"product_cat":[90,540],"product_tag":[],"class_list":{"0":"post-399243","1":"product","2":"type-product","3":"status-publish","4":"has-post-thumbnail","6":"product_cat-altres","7":"product_cat-otros","9":"first","10":"outofstock","11":"taxable","12":"shipping-taxable","13":"purchasable","14":"product-type-simple"},"acf":{"autor":"GRAHAM-DIXON, ANDREW","codart":"843060806","libros-coleccion":"","ediciones":"1","encuadernacion":"R\u00fastica","fecha_de_publicacion":"09\/11\/2011","novedad":"0","paginas":"584","subtitulo":"","orden":"999","portada":"0","idioma":"spa","editorial":[{"ID":262506,"post_author":"3","post_date":"2022-10-24 11:25:15","post_date_gmt":"2022-10-24 09:25:15","post_content":"","post_title":"TAURUS EDICIONES, S.A.","post_excerpt":"","post_status":"publish","comment_status":"closed","ping_status":"closed","post_password":"","post_name":"taurus-ediciones-s-a","to_ping":"","pinged":"","post_modified":"2022-10-24 11:25:15","post_modified_gmt":"2022-10-24 09:25:15","post_content_filtered":"","post_parent":0,"guid":"http:\/\/dev.claret.cat\/editorial\/taurus-ediciones-s-a\/","menu_order":0,"post_type":"editorial","post_mime_type":"","comment_count":"0","filter":"raw"}],"autores-libros":[{"ID":5243,"post_author":"3","post_date":"2022-07-28 17:19:54","post_date_gmt":"2022-07-28 15:19:54","post_content":"","post_title":"ANDREW GRAHAM-DIXON","post_excerpt":"","post_status":"publish","comment_status":"closed","ping_status":"closed","post_password":"","post_name":"andrew-graham-dixon","to_ping":"","pinged":"","post_modified":"2022-07-28 17:19:54","post_modified_gmt":"2022-07-28 15:19:54","post_content_filtered":"","post_parent":0,"guid":"http:\/\/dev.claret.cat\/autor\/andrew-graham-dixon\/","menu_order":0,"post_type":"autor","post_mime_type":"","comment_count":"0","filter":"raw"}]},"aioseo_notices":[],"_links":{"self":[{"href":"https:\/\/www.claret.cat\/es\/wp-json\/wp\/v2\/product\/399243","targetHints":{"allow":["GET"]}}],"collection":[{"href":"https:\/\/www.claret.cat\/es\/wp-json\/wp\/v2\/product"}],"about":[{"href":"https:\/\/www.claret.cat\/es\/wp-json\/wp\/v2\/types\/product"}],"wp:featuredmedia":[{"embeddable":true,"href":"https:\/\/www.claret.cat\/es\/wp-json\/wp\/v2\/media\/988600"}],"wp:attachment":[{"href":"https:\/\/www.claret.cat\/es\/wp-json\/wp\/v2\/media?parent=399243"}],"wp:term":[{"taxonomy":"product_brand","embeddable":true,"href":"https:\/\/www.claret.cat\/es\/wp-json\/wp\/v2\/product_brand?post=399243"},{"taxonomy":"product_cat","embeddable":true,"href":"https:\/\/www.claret.cat\/es\/wp-json\/wp\/v2\/product_cat?post=399243"},{"taxonomy":"product_tag","embeddable":true,"href":"https:\/\/www.claret.cat\/es\/wp-json\/wp\/v2\/product_tag?post=399243"}],"curies":[{"name":"wp","href":"https:\/\/api.w.org\/{rel}","templated":true}]}}