{"id":399305,"date":"2023-02-27T03:19:54","date_gmt":"2023-02-27T02:19:54","guid":{"rendered":"https:\/\/www.claret.cat\/llibre\/teologia-vaticano-ii-y-evangelizacion-segun-joseph-ratzingerbenedicto-xvi-9788431329259\/"},"modified":"2026-01-19T12:25:29","modified_gmt":"2026-01-19T11:25:29","slug":"teologia-vaticano-ii-y-evangelizacion-segun-joseph-ratzingerbenedicto-xvi-9788431329259","status":"publish","type":"product","link":"https:\/\/www.claret.cat\/es\/libro\/teologia-vaticano-ii-y-evangelizacion-segun-joseph-ratzingerbenedicto-xvi-9788431329259\/","title":{"rendered":"TEOLOGIA, VATICANO II Y EVANGELIZACION SEGUN JOSEPH RATZINGER\/BENEDICTO XVI"},"content":{"rendered":"<p>\u00abEl eminent\u00edsimo cardenal Joseph Ratzinger -dec\u00eda en 1998 el profesor Pedro Rodr\u00edguez, en la imposici\u00f3n del doctorado honoris causa en la Universidad de Navarra-, tanto en su \u00e9poca de profesor universitario como despu\u00e9s durante sus tareas como pastor y prefecto de la Congregaci\u00f3n de la doctrina de la fe, ha colaborado generosamente con nuestra facultad\u00bb. La primera parte de este volumen versa sobre la \u00abteolog\u00eda\u00bb, tal como la entiende el te\u00f3logo Ratzinger. Siguen unos estudios sobre la actividad del joven perito conciliar y sus posteriores ideas sobre la aplicaci\u00f3n del Vaticano II en los primeros a\u00f1os del posconcilio. En fin y en sinton\u00eda con el pontificado de Benedicto XVI, se abordan las ideas del te\u00f3logo Ratzinger sobre la misi\u00f3n y la evangelizaci\u00f3n. Concluyen estas p\u00e1ginas con una sistematizaci\u00f3n de las principales ideas-clave que han aparecido durante los ocho a\u00f1os en la sede de Pedro.<\/p>\n","protected":false},"excerpt":{"rendered":"<p>BLANCO SARTO, PABLO<\/p>\n","protected":false},"featured_media":399306,"template":"","meta":{"_acf_changed":false,"om_disable_all_campaigns":false,"rs_blank_template":"","rs_page_bg_color":"","slide_template_v7":"","inline_featured_image":false,"_monsterinsights_skip_tracking":false,"_monsterinsights_sitenote_active":false,"_monsterinsights_sitenote_note":"","_monsterinsights_sitenote_category":0},"product_brand":[],"product_cat":[90,540],"product_tag":[],"class_list":{"0":"post-399305","1":"product","2":"type-product","3":"status-publish","4":"has-post-thumbnail","6":"product_cat-altres","7":"product_cat-otros","9":"first","10":"instock","11":"taxable","12":"shipping-taxable","13":"purchasable","14":"product-type-simple"},"acf":{"autor":"BLANCO SARTO, PABLO","codart":"843132925","libros-coleccion":"","ediciones":"1","encuadernacion":"R\u00fastica","fecha_de_publicacion":"01\/06\/2013","novedad":"0","paginas":"336","subtitulo":"","orden":"999","portada":"0","idioma":"spa","editorial":[{"ID":8238,"post_author":"3","post_date":"2022-09-30 09:21:23","post_date_gmt":"2022-09-30 07:21:23","post_content":"","post_title":"EUNSA. EDICI. UNIV. NAVARRA","post_excerpt":"","post_status":"publish","comment_status":"closed","ping_status":"closed","post_password":"","post_name":"eunsa-edici-univ-navarra","to_ping":"","pinged":"","post_modified":"2022-09-30 09:21:23","post_modified_gmt":"2022-09-30 07:21:23","post_content_filtered":"","post_parent":0,"guid":"http:\/\/dev.claret.cat\/editorial\/eunsa-edici-univ-navarra\/","menu_order":0,"post_type":"editorial","post_mime_type":"","comment_count":"0","filter":"raw"}],"autores-libros":[{"ID":5911,"post_author":"3","post_date":"2022-07-28 17:34:08","post_date_gmt":"2022-07-28 15:34:08","post_content":"","post_title":"PABLO BLANCO SARTO","post_excerpt":"","post_status":"publish","comment_status":"closed","ping_status":"closed","post_password":"","post_name":"pablo-blanco-sarto","to_ping":"","pinged":"","post_modified":"2022-07-28 17:34:08","post_modified_gmt":"2022-07-28 15:34:08","post_content_filtered":"","post_parent":0,"guid":"http:\/\/dev.claret.cat\/autor\/pablo-blanco-sarto\/","menu_order":0,"post_type":"autor","post_mime_type":"","comment_count":"0","filter":"raw"}],"booktrailer":"","resenas":""},"aioseo_notices":[],"_links":{"self":[{"href":"https:\/\/www.claret.cat\/es\/wp-json\/wp\/v2\/product\/399305","targetHints":{"allow":["GET"]}}],"collection":[{"href":"https:\/\/www.claret.cat\/es\/wp-json\/wp\/v2\/product"}],"about":[{"href":"https:\/\/www.claret.cat\/es\/wp-json\/wp\/v2\/types\/product"}],"wp:featuredmedia":[{"embeddable":true,"href":"https:\/\/www.claret.cat\/es\/wp-json\/wp\/v2\/media\/399306"}],"wp:attachment":[{"href":"https:\/\/www.claret.cat\/es\/wp-json\/wp\/v2\/media?parent=399305"}],"wp:term":[{"taxonomy":"product_brand","embeddable":true,"href":"https:\/\/www.claret.cat\/es\/wp-json\/wp\/v2\/product_brand?post=399305"},{"taxonomy":"product_cat","embeddable":true,"href":"https:\/\/www.claret.cat\/es\/wp-json\/wp\/v2\/product_cat?post=399305"},{"taxonomy":"product_tag","embeddable":true,"href":"https:\/\/www.claret.cat\/es\/wp-json\/wp\/v2\/product_tag?post=399305"}],"curies":[{"name":"wp","href":"https:\/\/api.w.org\/{rel}","templated":true}]}}