{"id":399317,"date":"2023-02-27T03:20:53","date_gmt":"2023-02-27T02:20:53","guid":{"rendered":"https:\/\/www.claret.cat\/llibre\/vaticano-ii-contexto-historia-9788431331054\/"},"modified":"2026-01-19T12:22:56","modified_gmt":"2026-01-19T11:22:56","slug":"vaticano-ii-contexto-historia-9788431331054","status":"publish","type":"product","link":"https:\/\/www.claret.cat\/es\/libro\/vaticano-ii-contexto-historia-9788431331054\/","title":{"rendered":"VATICANO II. CONTEXTO, HISTORIA"},"content":{"rendered":"<p>Al abordar los diecis\u00e9is documentos emanados del concilio VaticanoII, se experimenta una cierta desolaci\u00f3n por encontrarse ante unos textos expresados en un lenguaje m\u00e1s o menos solemne, en el que no sabe muy bien c\u00f3mo orientarse. Por eso, el autor propone una lectura org\u00e1nica &#8211;organizada&#8211; de los textos, agrup\u00e1ndolos seg\u00fan los distintos n\u00facleos tem\u00e1ticos desarrollados en el concilio. Ofrece pues aqu\u00ed una br\u00fajula para aventurarse en un inmenso mar de textos conciliares y navegar en el concilio; con esta ordenaci\u00f3n, resulta m\u00e1s sencilla su comprensi\u00f3n. El esp\u00edritu del concilio lo ve sobre todo en los textos conciliares m\u00e1s que en los comentarios, a los cuales ha acudido tambi\u00e9n.<\/p>\n","protected":false},"excerpt":{"rendered":"<p>BLANCO SARTO, PABLO<\/p>\n","protected":false},"featured_media":399318,"template":"","meta":{"_acf_changed":false,"om_disable_all_campaigns":false,"rs_blank_template":"","rs_page_bg_color":"","slide_template_v7":"","inline_featured_image":false,"_monsterinsights_skip_tracking":false,"_monsterinsights_sitenote_active":false,"_monsterinsights_sitenote_note":"","_monsterinsights_sitenote_category":0},"product_brand":[],"product_cat":[87,353],"product_tag":[],"class_list":{"0":"post-399317","1":"product","2":"type-product","3":"status-publish","4":"has-post-thumbnail","6":"product_cat-literatura","7":"product_cat-literatura-2_humanidades","9":"first","10":"instock","11":"taxable","12":"shipping-taxable","13":"purchasable","14":"product-type-simple"},"acf":{"autor":"BLANCO SARTO, PABLO","codart":"843133105","libros-coleccion":"","ediciones":"1","encuadernacion":"Carpeta","fecha_de_publicacion":"01\/02\/2016","novedad":"0","paginas":"372","subtitulo":"","orden":"999","portada":"0","idioma":"spa","editorial":[{"ID":8238,"post_author":"3","post_date":"2022-09-30 09:21:23","post_date_gmt":"2022-09-30 07:21:23","post_content":"","post_title":"EUNSA. EDICI. UNIV. NAVARRA","post_excerpt":"","post_status":"publish","comment_status":"closed","ping_status":"closed","post_password":"","post_name":"eunsa-edici-univ-navarra","to_ping":"","pinged":"","post_modified":"2022-09-30 09:21:23","post_modified_gmt":"2022-09-30 07:21:23","post_content_filtered":"","post_parent":0,"guid":"http:\/\/dev.claret.cat\/editorial\/eunsa-edici-univ-navarra\/","menu_order":0,"post_type":"editorial","post_mime_type":"","comment_count":"0","filter":"raw"}],"autores-libros":[{"ID":5911,"post_author":"3","post_date":"2022-07-28 17:34:08","post_date_gmt":"2022-07-28 15:34:08","post_content":"","post_title":"PABLO BLANCO SARTO","post_excerpt":"","post_status":"publish","comment_status":"closed","ping_status":"closed","post_password":"","post_name":"pablo-blanco-sarto","to_ping":"","pinged":"","post_modified":"2022-07-28 17:34:08","post_modified_gmt":"2022-07-28 15:34:08","post_content_filtered":"","post_parent":0,"guid":"http:\/\/dev.claret.cat\/autor\/pablo-blanco-sarto\/","menu_order":0,"post_type":"autor","post_mime_type":"","comment_count":"0","filter":"raw"}],"booktrailer":"","resenas":""},"aioseo_notices":[],"_links":{"self":[{"href":"https:\/\/www.claret.cat\/es\/wp-json\/wp\/v2\/product\/399317","targetHints":{"allow":["GET"]}}],"collection":[{"href":"https:\/\/www.claret.cat\/es\/wp-json\/wp\/v2\/product"}],"about":[{"href":"https:\/\/www.claret.cat\/es\/wp-json\/wp\/v2\/types\/product"}],"wp:featuredmedia":[{"embeddable":true,"href":"https:\/\/www.claret.cat\/es\/wp-json\/wp\/v2\/media\/399318"}],"wp:attachment":[{"href":"https:\/\/www.claret.cat\/es\/wp-json\/wp\/v2\/media?parent=399317"}],"wp:term":[{"taxonomy":"product_brand","embeddable":true,"href":"https:\/\/www.claret.cat\/es\/wp-json\/wp\/v2\/product_brand?post=399317"},{"taxonomy":"product_cat","embeddable":true,"href":"https:\/\/www.claret.cat\/es\/wp-json\/wp\/v2\/product_cat?post=399317"},{"taxonomy":"product_tag","embeddable":true,"href":"https:\/\/www.claret.cat\/es\/wp-json\/wp\/v2\/product_tag?post=399317"}],"curies":[{"name":"wp","href":"https:\/\/api.w.org\/{rel}","templated":true}]}}