{"id":399324,"date":"2023-02-27T03:21:20","date_gmt":"2023-02-27T02:21:20","guid":{"rendered":"https:\/\/www.claret.cat\/llibre\/filosofia-de-la-ciencia-9788431331085\/"},"modified":"2026-01-19T12:23:16","modified_gmt":"2026-01-19T11:23:16","slug":"filosofia-de-la-ciencia-9788431331085","status":"publish","type":"product","link":"https:\/\/www.claret.cat\/es\/libro\/filosofia-de-la-ciencia-9788431331085\/","title":{"rendered":"FILOSOF\u00cdA DE LA CIENCIA"},"content":{"rendered":"<p>A lo largo de los \u00faltimos siglos, la ciencia ha ido ocupando un lugar cada vez m\u00e1s central en la vida humana, hasta tal punto que en nuestros d\u00edas parece impregnarlo todo. Un fen\u00f3meno tan omnipresente requiere del estudio y de la reflexi\u00f3n filos\u00f3fica. La<\/p>\n","protected":false},"excerpt":{"rendered":"<p>HERCE, RUB\u00c9N<\/p>\n","protected":false},"featured_media":399325,"template":"","meta":{"_acf_changed":false,"om_disable_all_campaigns":false,"rs_blank_template":"","rs_page_bg_color":"","slide_template_v7":"","inline_featured_image":false,"_monsterinsights_skip_tracking":false,"_monsterinsights_sitenote_active":false,"_monsterinsights_sitenote_note":"","_monsterinsights_sitenote_category":0},"product_brand":[],"product_cat":[83,349],"product_tag":[],"class_list":{"0":"post-399324","1":"product","2":"type-product","3":"status-publish","4":"has-post-thumbnail","6":"product_cat-filosofia","7":"product_cat-filosofia-2_humanidades","9":"first","10":"instock","11":"taxable","12":"shipping-taxable","13":"purchasable","14":"product-type-simple"},"acf":{"autor":"HERCE, RUB\u00c9N","codart":"843133108","libros-coleccion":"","ediciones":"1","encuadernacion":"R\u00fastica","fecha_de_publicacion":"07\/03\/2016","novedad":"0","paginas":"130","subtitulo":"","orden":"999","portada":"0","idioma":"spa","editorial":[{"ID":8238,"post_author":"3","post_date":"2022-09-30 09:21:23","post_date_gmt":"2022-09-30 07:21:23","post_content":"","post_title":"EUNSA. EDICI. UNIV. NAVARRA","post_excerpt":"","post_status":"publish","comment_status":"closed","ping_status":"closed","post_password":"","post_name":"eunsa-edici-univ-navarra","to_ping":"","pinged":"","post_modified":"2022-09-30 09:21:23","post_modified_gmt":"2022-09-30 07:21:23","post_content_filtered":"","post_parent":0,"guid":"http:\/\/dev.claret.cat\/editorial\/eunsa-edici-univ-navarra\/","menu_order":0,"post_type":"editorial","post_mime_type":"","comment_count":"0","filter":"raw"}],"autores-libros":[{"ID":168643,"post_author":"3","post_date":"2022-10-14 22:20:45","post_date_gmt":"2022-10-14 20:20:45","post_content":"","post_title":"RUB\u00c9N HERCE","post_excerpt":"","post_status":"publish","comment_status":"closed","ping_status":"closed","post_password":"","post_name":"ruben-herce","to_ping":"","pinged":"","post_modified":"2022-10-14 22:20:45","post_modified_gmt":"2022-10-14 20:20:45","post_content_filtered":"","post_parent":0,"guid":"http:\/\/dev.claret.cat\/autor\/ruben-herce\/","menu_order":0,"post_type":"autor","post_mime_type":"","comment_count":"0","filter":"raw"}],"booktrailer":"","resenas":""},"aioseo_notices":[],"_links":{"self":[{"href":"https:\/\/www.claret.cat\/es\/wp-json\/wp\/v2\/product\/399324","targetHints":{"allow":["GET"]}}],"collection":[{"href":"https:\/\/www.claret.cat\/es\/wp-json\/wp\/v2\/product"}],"about":[{"href":"https:\/\/www.claret.cat\/es\/wp-json\/wp\/v2\/types\/product"}],"wp:featuredmedia":[{"embeddable":true,"href":"https:\/\/www.claret.cat\/es\/wp-json\/wp\/v2\/media\/399325"}],"wp:attachment":[{"href":"https:\/\/www.claret.cat\/es\/wp-json\/wp\/v2\/media?parent=399324"}],"wp:term":[{"taxonomy":"product_brand","embeddable":true,"href":"https:\/\/www.claret.cat\/es\/wp-json\/wp\/v2\/product_brand?post=399324"},{"taxonomy":"product_cat","embeddable":true,"href":"https:\/\/www.claret.cat\/es\/wp-json\/wp\/v2\/product_cat?post=399324"},{"taxonomy":"product_tag","embeddable":true,"href":"https:\/\/www.claret.cat\/es\/wp-json\/wp\/v2\/product_tag?post=399324"}],"curies":[{"name":"wp","href":"https:\/\/api.w.org\/{rel}","templated":true}]}}