{"id":399363,"date":"2023-02-27T03:23:55","date_gmt":"2023-02-27T02:23:55","guid":{"rendered":"https:\/\/www.claret.cat\/llibre\/la-trilogia-de-nueva-york-9788432200397\/"},"modified":"2025-01-04T13:26:08","modified_gmt":"2025-01-04T12:26:08","slug":"la-trilogia-de-nueva-york-9788432200397","status":"publish","type":"product","link":"https:\/\/www.claret.cat\/es\/libro\/la-trilogia-de-nueva-york-9788432200397\/","title":{"rendered":"LA TRILOG\u00cdA DE NUEVA YORK"},"content":{"rendered":"<p>Empieza Ciudad de cristal, con un escritor de novela policiaca que, por azar, se ve actuando como un detective por las calles de la ciudad de los rascacielos mientras se cuestiona qui\u00e9n es en realidad. En Fantasmas, se conforma un laberinto de b\u00fasquedas que Azul, el detective, deber\u00e1 desentra\u00f1ar. En La habitaci\u00f3n cerrada, el protagonista recibe el encargo de buscar a un amigo de la infancia desaparecido que ha dejado una maleta llena de manuscritos in\u00e9ditos que deseaba que fueran publicados, por razones un tanto confusas.<br \/>En las obras de Paul Auster, los acontecimientos se precipitan tras sucesos de una naturaleza, aparentemente, insignificante: lo peque\u00f1o marca la diferencia y el azar condiciona las decisiones. La investigaci\u00f3n de lo otro se convierte en la b\u00fasqueda de uno mismo, en el af\u00e1n de hallar una identidad propia y distintiva.<\/p>\n","protected":false},"excerpt":{"rendered":"<p>AUSTER, PAUL<\/p>\n","protected":false},"featured_media":399364,"template":"","meta":{"_acf_changed":false,"om_disable_all_campaigns":false,"rs_blank_template":"","rs_page_bg_color":"","slide_template_v7":"","inline_featured_image":false,"_monsterinsights_skip_tracking":false,"_monsterinsights_sitenote_active":false,"_monsterinsights_sitenote_note":"","_monsterinsights_sitenote_category":0},"product_brand":[],"product_cat":[87,353],"product_tag":[],"class_list":{"0":"post-399363","1":"product","2":"type-product","3":"status-publish","4":"has-post-thumbnail","6":"product_cat-literatura","7":"product_cat-literatura-2_humanidades","9":"first","10":"instock","11":"taxable","12":"shipping-taxable","13":"purchasable","14":"product-type-simple"},"acf":{"autor":"AUSTER, PAUL","codart":"843220039","libros-coleccion":"","ediciones":"0","encuadernacion":"R\u00fastica","fecha_de_publicacion":"21\/02\/2012","novedad":"0","paginas":"384","subtitulo":"","orden":"999","portada":"0","idioma":"spa","editorial":[{"ID":6149,"post_author":"3","post_date":"2022-07-28 17:45:56","post_date_gmt":"2022-07-28 15:45:56","post_content":"","post_title":"BOOKET","post_excerpt":"","post_status":"publish","comment_status":"closed","ping_status":"closed","post_password":"","post_name":"booket","to_ping":"","pinged":"","post_modified":"2022-07-28 17:45:56","post_modified_gmt":"2022-07-28 15:45:56","post_content_filtered":"","post_parent":0,"guid":"http:\/\/dev.claret.cat\/editorial\/booket\/","menu_order":0,"post_type":"editorial","post_mime_type":"","comment_count":"0","filter":"raw"}],"autores-libros":[{"ID":166714,"post_author":"3","post_date":"2022-10-14 18:05:27","post_date_gmt":"2022-10-14 16:05:27","post_content":"","post_title":"PAUL AUSTER","post_excerpt":"","post_status":"publish","comment_status":"closed","ping_status":"closed","post_password":"","post_name":"paul-auster","to_ping":"","pinged":"","post_modified":"2022-10-14 18:05:27","post_modified_gmt":"2022-10-14 16:05:27","post_content_filtered":"","post_parent":0,"guid":"http:\/\/dev.claret.cat\/autor\/paul-auster\/","menu_order":0,"post_type":"autor","post_mime_type":"","comment_count":"0","filter":"raw"}]},"aioseo_notices":[],"_links":{"self":[{"href":"https:\/\/www.claret.cat\/es\/wp-json\/wp\/v2\/product\/399363","targetHints":{"allow":["GET"]}}],"collection":[{"href":"https:\/\/www.claret.cat\/es\/wp-json\/wp\/v2\/product"}],"about":[{"href":"https:\/\/www.claret.cat\/es\/wp-json\/wp\/v2\/types\/product"}],"wp:featuredmedia":[{"embeddable":true,"href":"https:\/\/www.claret.cat\/es\/wp-json\/wp\/v2\/media\/399364"}],"wp:attachment":[{"href":"https:\/\/www.claret.cat\/es\/wp-json\/wp\/v2\/media?parent=399363"}],"wp:term":[{"taxonomy":"product_brand","embeddable":true,"href":"https:\/\/www.claret.cat\/es\/wp-json\/wp\/v2\/product_brand?post=399363"},{"taxonomy":"product_cat","embeddable":true,"href":"https:\/\/www.claret.cat\/es\/wp-json\/wp\/v2\/product_cat?post=399363"},{"taxonomy":"product_tag","embeddable":true,"href":"https:\/\/www.claret.cat\/es\/wp-json\/wp\/v2\/product_tag?post=399363"}],"curies":[{"name":"wp","href":"https:\/\/api.w.org\/{rel}","templated":true}]}}