{"id":39940,"date":"2022-10-02T19:15:51","date_gmt":"2022-10-02T17:15:51","guid":{"rendered":"http:\/\/dev.claret.cat\/producte\/comiendo-con-miedo\/"},"modified":"2026-04-09T10:45:55","modified_gmt":"2026-04-09T08:45:55","slug":"comiendo-con-miedo-9788467950298","status":"publish","type":"product","link":"https:\/\/www.claret.cat\/es\/libro\/comiendo-con-miedo-9788467950298\/","title":{"rendered":"COMIENDO CON MIEDO"},"content":{"rendered":"<p>Hablar de tus monstruos no es f\u00e1cil. Como cualquier adolescente, Elisabeth no tiene una vida sencilla: sus padres se han divorciado, ha cambiado de instituto, sus notas han bajado y las personas salen de su vida igual que entran&#8230; Pero a pesar de esta monta\u00f1a de p\u00f3lvora, hay algo que la diferencia del resto: Elisabeth tiene a Nore. Nore la acompa\u00f1a a todas horas, hace que se sienta segura y le dice lo guapa que est\u00e1 cuando pierde peso. Nore tambi\u00e9n le proh\u00edbe comer, le controla las calor\u00edas y le echa bronca si no le hace caso. Y Elisabeth la escucha. Hasta que, un d\u00eda, su cuerpo llega al l\u00edmite y es ingresada en la Sala Blanca, donde los monstruos como Nore no pueden entrar. Elisabeth Karin Pav\u00f3n Rymer-Ryth\u00e9n es dise\u00f1adora e ilustradora, y en su tiempo libre le gusta dedicarse a la cer\u00e1mica, la pintura la escultura. En su proceso creativo le gusta centrarse en la importancia de la narraci\u00f3n, convirtiendo todas sus obras en un relato. Mediante Comiendo con miedo, Elisabeth pretende hablar abiertamente sobre los TCA y la violencia de la cultura de la dieta e imagen en nuestra sociedad.<\/p>\n","protected":false},"excerpt":{"rendered":"<p>ELISABETH KARIN PAV\u00d3N RYMER-RYTH\u00c9N<\/p>\n","protected":false},"featured_media":1095811,"template":"","meta":{"_acf_changed":false,"om_disable_all_campaigns":false,"rs_blank_template":"","rs_page_bg_color":"","slide_template_v7":"","inline_featured_image":false,"_monsterinsights_skip_tracking":false,"_monsterinsights_sitenote_active":false,"_monsterinsights_sitenote_note":"","_monsterinsights_sitenote_category":0},"product_brand":[],"product_cat":[558,108,134,364,566,117],"product_tag":[],"class_list":{"0":"post-39940","1":"product","2":"type-product","3":"status-publish","4":"has-post-thumbnail","6":"product_cat-comic-3_infantil-juvenil-spa-spa","7":"product_cat-comic","8":"product_cat-comics","9":"product_cat-comics-infantil-3_infantil-juvenil-spa","10":"product_cat-juvenil-3_infantil-juvenil-spa-spa","11":"product_cat-juvenil","13":"first","14":"outofstock","15":"taxable","16":"shipping-taxable","17":"purchasable","18":"product-type-simple"},"acf":{"autor":"ELISABETH KARIN PAV\u00d3N RYMER-RYTH\u00c9N","codart":"846795029","libros-coleccion":"ASTRONAVE","ediciones":"1","encuadernacion":"Carton\u00e9","fecha_de_publicacion":"01\/03\/2022","novedad":"0","paginas":"176","subtitulo":"","orden":"0","portada":"0","idioma":"spa","editorial":[{"ID":6315,"post_author":"3","post_date":"2022-07-28 17:49:33","post_date_gmt":"2022-07-28 15:49:33","post_content":"","post_title":"NORMA EDITORIAL S.A","post_excerpt":"","post_status":"publish","comment_status":"closed","ping_status":"closed","post_password":"","post_name":"norma-editorial-s-a","to_ping":"","pinged":"","post_modified":"2022-07-28 17:49:33","post_modified_gmt":"2022-07-28 15:49:33","post_content_filtered":"","post_parent":0,"guid":"http:\/\/dev.claret.cat\/editorial\/norma-editorial-s-a\/","menu_order":0,"post_type":"editorial","post_mime_type":"","comment_count":"0","filter":"raw"}],"autores-libros":[{"ID":154819,"post_author":"3","post_date":"2022-10-14 15:07:54","post_date_gmt":"2022-10-14 13:07:54","post_content":"","post_title":"ELISABETH KARIN PAV\u00d3N RYMER-RYTH\u00c9N","post_excerpt":"","post_status":"publish","comment_status":"closed","ping_status":"closed","post_password":"","post_name":"elisabeth-karin-pavon-rymer-rythen","to_ping":"","pinged":"","post_modified":"2022-10-14 15:07:54","post_modified_gmt":"2022-10-14 13:07:54","post_content_filtered":"","post_parent":0,"guid":"http:\/\/dev.claret.cat\/autor\/elisabeth-karin-pavon-rymer-rythen\/","menu_order":0,"post_type":"autor","post_mime_type":"","comment_count":"0","filter":"raw"}],"booktrailer":"","resenas":""},"aioseo_notices":[],"_links":{"self":[{"href":"https:\/\/www.claret.cat\/es\/wp-json\/wp\/v2\/product\/39940","targetHints":{"allow":["GET"]}}],"collection":[{"href":"https:\/\/www.claret.cat\/es\/wp-json\/wp\/v2\/product"}],"about":[{"href":"https:\/\/www.claret.cat\/es\/wp-json\/wp\/v2\/types\/product"}],"wp:featuredmedia":[{"embeddable":true,"href":"https:\/\/www.claret.cat\/es\/wp-json\/wp\/v2\/media\/1095811"}],"wp:attachment":[{"href":"https:\/\/www.claret.cat\/es\/wp-json\/wp\/v2\/media?parent=39940"}],"wp:term":[{"taxonomy":"product_brand","embeddable":true,"href":"https:\/\/www.claret.cat\/es\/wp-json\/wp\/v2\/product_brand?post=39940"},{"taxonomy":"product_cat","embeddable":true,"href":"https:\/\/www.claret.cat\/es\/wp-json\/wp\/v2\/product_cat?post=39940"},{"taxonomy":"product_tag","embeddable":true,"href":"https:\/\/www.claret.cat\/es\/wp-json\/wp\/v2\/product_tag?post=39940"}],"curies":[{"name":"wp","href":"https:\/\/api.w.org\/{rel}","templated":true}]}}