{"id":399460,"date":"2023-02-27T03:32:51","date_gmt":"2023-02-27T02:32:51","guid":{"rendered":"https:\/\/www.claret.cat\/llibre\/la-elegancia-del-erizo-9788432251184\/"},"modified":"2023-02-27T03:32:58","modified_gmt":"2023-02-27T02:32:58","slug":"la-elegancia-del-erizo-9788432251184","status":"publish","type":"product","link":"https:\/\/www.claret.cat\/es\/libro\/la-elegancia-del-erizo-9788432251184\/","title":{"rendered":"LA ELEGANCIA DEL ERIZO"},"content":{"rendered":"<p>En el n\u00famero 7 de la calle Grenelle, un inmueble burgu\u00e9s de Par\u00eds, nada es lo que parece. Dos de sus habitantes esconden un secreto. Ren\u00e9e, la portera, lleva mucho tiempo fingiendo ser una mujer com\u00fan. Paloma tiene doce a\u00f1os y oculta una inteligencia extraordinaria. Ambas llevan una vida solitaria, mientras se esfuerzan por sobrevivir y vencer la desesperanza. La llegada de un hombre misterioso al edificio propiciar\u00e1 el encuentro de estas dos almas gemelas. Juntas, Ren\u00e9e y Paloma descubrir\u00e1n la belleza de las peque\u00f1as cosas. Invocar\u00e1n la magia de los placeres ef\u00edmeros e inventar\u00e1n un mundo mejor. La elegancia del erizo es un peque\u00f1o tesoro que nos revela c\u00f3mo alcanzar la felicidad gracias a la amistad, el amor y el arte. Mientras pasamos las p\u00e1ginas con una sonrisa, las voces de Ren\u00e9e y Paloma tejen, con un lenguaje melodioso, un cautivador himno a la vida. Muriel Barbery se ha convertido en la revelaci\u00f3n literaria en Francia. Su ternura y originalidad le han valido el Premio de los Libreros, el reconocimiento de la cr\u00edtica y el cari\u00f1o del p\u00fablico, que la ha situado en las listas de los libros m\u00e1s vendidos durante un a\u00f1o. \u00abUn cuento moderno, refrescante e inteligente\u00bb, Le Figaro; \u00abLa nostalgia atemporal de Marcel Proust y el frescor de Philippe Delerm? Divertida, inteligente? a\u00e9rea como un haiku\u00bb, L?Express; \u00abDecir que Muriel Barbery tiene talento es quedarse corto? Tiene un humor devastador\u00bb, Le Nouvel Observateur.<\/p>\n","protected":false},"excerpt":{"rendered":"<p>MURIEL BARBERY<\/p>\n","protected":false},"featured_media":399461,"template":"","meta":{"_acf_changed":false,"om_disable_all_campaigns":false,"rs_blank_template":"","rs_page_bg_color":"","slide_template_v7":"","inline_featured_image":false,"_monsterinsights_skip_tracking":false,"_monsterinsights_sitenote_active":false,"_monsterinsights_sitenote_note":"","_monsterinsights_sitenote_category":0},"product_brand":[],"product_cat":[87,353],"product_tag":[],"class_list":{"0":"post-399460","1":"product","2":"type-product","3":"status-publish","4":"has-post-thumbnail","6":"product_cat-literatura","7":"product_cat-literatura-2_humanidades","9":"first","10":"instock","11":"taxable","12":"shipping-taxable","13":"purchasable","14":"product-type-simple"},"acf":{"autor":"MURIEL BARBERY","codart":"843225118","libros-coleccion":"","ediciones":"1","encuadernacion":"R\u00fastica","fecha_de_publicacion":"15\/01\/2012","novedad":"0","paginas":"368","subtitulo":"","orden":"999","portada":"0","idioma":"spa","editorial":[{"ID":6149,"post_author":"3","post_date":"2022-07-28 17:45:56","post_date_gmt":"2022-07-28 15:45:56","post_content":"","post_title":"BOOKET","post_excerpt":"","post_status":"publish","comment_status":"closed","ping_status":"closed","post_password":"","post_name":"booket","to_ping":"","pinged":"","post_modified":"2022-07-28 17:45:56","post_modified_gmt":"2022-07-28 15:45:56","post_content_filtered":"","post_parent":0,"guid":"http:\/\/dev.claret.cat\/editorial\/booket\/","menu_order":0,"post_type":"editorial","post_mime_type":"","comment_count":"0","filter":"raw"}],"autores-libros":[{"ID":399459,"post_author":"3","post_date":"2023-02-27 03:32:49","post_date_gmt":"2023-02-27 02:32:49","post_content":"","post_title":"MURIEL BARBERY","post_excerpt":"","post_status":"publish","comment_status":"closed","ping_status":"closed","post_password":"","post_name":"muriel-barbery-2","to_ping":"","pinged":"","post_modified":"2023-02-27 03:32:49","post_modified_gmt":"2023-02-27 02:32:49","post_content_filtered":"","post_parent":0,"guid":"https:\/\/www.claret.cat\/autor\/muriel-barbery-2\/","menu_order":0,"post_type":"autor","post_mime_type":"","comment_count":"0","filter":"raw"}]},"aioseo_notices":[],"_links":{"self":[{"href":"https:\/\/www.claret.cat\/es\/wp-json\/wp\/v2\/product\/399460","targetHints":{"allow":["GET"]}}],"collection":[{"href":"https:\/\/www.claret.cat\/es\/wp-json\/wp\/v2\/product"}],"about":[{"href":"https:\/\/www.claret.cat\/es\/wp-json\/wp\/v2\/types\/product"}],"wp:featuredmedia":[{"embeddable":true,"href":"https:\/\/www.claret.cat\/es\/wp-json\/wp\/v2\/media\/399461"}],"wp:attachment":[{"href":"https:\/\/www.claret.cat\/es\/wp-json\/wp\/v2\/media?parent=399460"}],"wp:term":[{"taxonomy":"product_brand","embeddable":true,"href":"https:\/\/www.claret.cat\/es\/wp-json\/wp\/v2\/product_brand?post=399460"},{"taxonomy":"product_cat","embeddable":true,"href":"https:\/\/www.claret.cat\/es\/wp-json\/wp\/v2\/product_cat?post=399460"},{"taxonomy":"product_tag","embeddable":true,"href":"https:\/\/www.claret.cat\/es\/wp-json\/wp\/v2\/product_tag?post=399460"}],"curies":[{"name":"wp","href":"https:\/\/api.w.org\/{rel}","templated":true}]}}