{"id":399495,"date":"2023-02-27T03:35:13","date_gmt":"2023-02-27T02:35:13","guid":{"rendered":"https:\/\/www.claret.cat\/llibre\/una-pena-en-observacion-9788433906533\/"},"modified":"2025-05-06T18:00:43","modified_gmt":"2025-05-06T16:00:43","slug":"una-pena-en-observacion-9788433906533","status":"publish","type":"product","link":"https:\/\/www.claret.cat\/es\/libro\/una-pena-en-observacion-9788433906533\/","title":{"rendered":"UNA PENA EN OBSERVACION"},"content":{"rendered":"<p>En 1952, la poetisa norteamericana Helen Joy Davidson Gresham, cat\u00f3lica, divorciada y comunista, apareci\u00f3 en la vida del cincuent\u00f3n Clive Staples Lewis, anglicano, soltero y eminente hombre de letras brit\u00e1nico, que ejerc\u00eda en aquel entonces su magisterio en Oxford.<\/p>\n<p>Helen \u2013H., como se la denomina en el libro\u2013 sent\u00eda desde hac\u00eda tiempo una profunda admiraci\u00f3n por Lewis, al que hasta ese momento s\u00f3lo conoc\u00eda a trav\u00e9s de sus obras y de un escaso intercambio epistolar. Del encuentro personal surgi\u00f3 el amor, al que el ya maduro escritor se entreg\u00f3 con entusiasmo. Pero la dicha dur\u00f3 poco: Helen enferm\u00f3 de c\u00e1ncer y muri\u00f3, dejando a Lewis sumido en el dolor.<\/p>\n<p>El presente libro, excelentemente traducido por Carmen Mart\u00edn Gaite, es el fruto de ese dolor. C. S. Lewis reflexiona sobre su desdicha, sobre la p\u00e9rdida del ser amado, y se confronta con Dios, con su aparente ausencia y con la que parece ser su verdadera naturaleza.<\/p>\n<p>El vac\u00edo, la soledad, la impotencia, el recuerdo, el amor, la fe, la esperanza, la b\u00fasqueda de un sentido a tanto sufrimiento, los lugares a\u00fan impregnados del ser amado irremisiblemente perdido son el punto de partida de este intenso y emotivo libro, que es un valiente enfrentamiento con lo m\u00e1s \u00edntimo y rec\u00f3ndito de nuestros sentimientos, de nuestro yo confrontado con la tragedia, con el aparente sinsentido que gobierna la vida de los seres humanos, con la enigm\u00e1tica voluntad divina y con la trascendencia y fuerza redentora del amor.<\/p>\n","protected":false},"excerpt":{"rendered":"<p>LEWIS, CLIVE STAPLES<\/p>\n","protected":false},"featured_media":1020194,"template":"","meta":{"_acf_changed":false,"om_disable_all_campaigns":false,"rs_blank_template":"","rs_page_bg_color":"","slide_template_v7":"","inline_featured_image":false,"_monsterinsights_skip_tracking":false,"_monsterinsights_sitenote_active":false,"_monsterinsights_sitenote_note":"","_monsterinsights_sitenote_category":0},"product_brand":[],"product_cat":[118,567],"product_tag":[],"class_list":{"0":"post-399495","1":"product","2":"type-product","3":"status-publish","4":"has-post-thumbnail","6":"product_cat-mort-i-dol","7":"product_cat-muerte-y-duelo","9":"first","10":"outofstock","11":"taxable","12":"shipping-taxable","13":"purchasable","14":"product-type-simple"},"acf":{"autor":"LEWIS, CLIVE STAPLES","codart":"843390653","libros-coleccion":"FORA DE COL.LECCI\u00d3","ediciones":"1","encuadernacion":"[EditValue is null]","fecha_de_publicacion":"01\/04\/1994","novedad":"0","paginas":"0","subtitulo":"","orden":"999","portada":"0","idioma":"spa","editorial":[{"ID":147428,"post_author":"3","post_date":"2022-10-14 11:50:30","post_date_gmt":"2022-10-14 09:50:30","post_content":"","post_title":"ANAGRAMA","post_excerpt":"","post_status":"publish","comment_status":"closed","ping_status":"closed","post_password":"","post_name":"anagrama","to_ping":"","pinged":"","post_modified":"2022-10-14 11:50:30","post_modified_gmt":"2022-10-14 09:50:30","post_content_filtered":"","post_parent":0,"guid":"http:\/\/dev.claret.cat\/editorial\/anagrama\/","menu_order":0,"post_type":"editorial","post_mime_type":"","comment_count":"0","filter":"raw"}],"autores-libros":[{"ID":293619,"post_author":"3","post_date":"2022-12-11 03:01:59","post_date_gmt":"2022-12-11 02:01:59","post_content":"","post_title":"CLIVE STAPLES LEWIS","post_excerpt":"","post_status":"publish","comment_status":"closed","ping_status":"closed","post_password":"","post_name":"clive-staples-lewis","to_ping":"","pinged":"","post_modified":"2022-12-11 03:01:59","post_modified_gmt":"2022-12-11 02:01:59","post_content_filtered":"","post_parent":0,"guid":"http:\/\/dev.claret.cat\/autor\/clive-staples-lewis\/","menu_order":0,"post_type":"autor","post_mime_type":"","comment_count":"0","filter":"raw"}],"booktrailer":"","resenas":""},"aioseo_notices":[],"_links":{"self":[{"href":"https:\/\/www.claret.cat\/es\/wp-json\/wp\/v2\/product\/399495","targetHints":{"allow":["GET"]}}],"collection":[{"href":"https:\/\/www.claret.cat\/es\/wp-json\/wp\/v2\/product"}],"about":[{"href":"https:\/\/www.claret.cat\/es\/wp-json\/wp\/v2\/types\/product"}],"wp:featuredmedia":[{"embeddable":true,"href":"https:\/\/www.claret.cat\/es\/wp-json\/wp\/v2\/media\/1020194"}],"wp:attachment":[{"href":"https:\/\/www.claret.cat\/es\/wp-json\/wp\/v2\/media?parent=399495"}],"wp:term":[{"taxonomy":"product_brand","embeddable":true,"href":"https:\/\/www.claret.cat\/es\/wp-json\/wp\/v2\/product_brand?post=399495"},{"taxonomy":"product_cat","embeddable":true,"href":"https:\/\/www.claret.cat\/es\/wp-json\/wp\/v2\/product_cat?post=399495"},{"taxonomy":"product_tag","embeddable":true,"href":"https:\/\/www.claret.cat\/es\/wp-json\/wp\/v2\/product_tag?post=399495"}],"curies":[{"name":"wp","href":"https:\/\/api.w.org\/{rel}","templated":true}]}}