{"id":399498,"date":"2023-02-27T03:35:24","date_gmt":"2023-02-27T02:35:24","guid":{"rendered":"https:\/\/www.claret.cat\/llibre\/inconsolables-los-col-panorama-de-narrativas-9788433908414\/"},"modified":"2023-02-27T03:35:30","modified_gmt":"2023-02-27T02:35:30","slug":"inconsolables-los-col-panorama-de-narrativas-9788433908414","status":"publish","type":"product","link":"https:\/\/www.claret.cat\/es\/libro\/inconsolables-los-col-panorama-de-narrativas-9788433908414\/","title":{"rendered":"INCONSOLABLES, LOS -COL. PANORAMA DE NARRATIVAS"},"content":{"rendered":"<p>Ryder, un famoso pianista, llega a una ciudad de provincias en alg\u00fan lugar de Europa central. Sus habitantes adoran la m\u00fasica y creen haber descubierto que quienes antes satisfac\u00edan esta pasi\u00f3n eran impostores. Ryder es recibido como el salvador y en un concierto apote\u00f3sico, para el que todos se est\u00e1n preparando, deber\u00e1 reconducirlos por el camino del arte y la verdad. Pero el pianista descubrir\u00e1 muy pronto que de un salvador siempre se espera mucho m\u00e1s de lo que puede dar y que los habitantes de aquella ciudad esconden oscuras culpas, antiguas heridas jam\u00e1s cerradas, y tambi\u00e9n demandas insaciables. &#8216;Los inconsolables&#8217; es una obra inclasificable, enigm\u00e1tica, de un discurrir fascinante, colmada de peque\u00f1as narraciones que se adentran en el laberinto de la narraci\u00f3n principal, en una escritura on\u00edrica y naturalista a un tiempo, y cuentan una historia de guerras del pasado, exilios y crueldades, relaciones imposibles entre padres e hijos, maridos y mujeres, ciudades y artistas. Una obra que ha hecho evocar &#8216;El hombre sin atributos&#8217; de Musil.<\/p>\n","protected":false},"excerpt":{"rendered":"<p>ISHIGURO, KAZUO<\/p>\n","protected":false},"featured_media":399499,"template":"","meta":{"_acf_changed":false,"om_disable_all_campaigns":false,"rs_blank_template":"","rs_page_bg_color":"","slide_template_v7":"","inline_featured_image":false,"_monsterinsights_skip_tracking":false,"_monsterinsights_sitenote_active":false,"_monsterinsights_sitenote_note":"","_monsterinsights_sitenote_category":0},"product_brand":[],"product_cat":[87,353],"product_tag":[],"class_list":{"0":"post-399498","1":"product","2":"type-product","3":"status-publish","4":"has-post-thumbnail","6":"product_cat-literatura","7":"product_cat-literatura-2_humanidades","9":"first","10":"instock","11":"taxable","12":"shipping-taxable","13":"purchasable","14":"product-type-simple"},"acf":{"autor":"ISHIGURO, KAZUO","codart":"843390841","libros-coleccion":"FORA DE COL.LECCI\u00d3","ediciones":"1","encuadernacion":"[Vac\u00edo]","fecha_de_publicacion":"01\/03\/1997","novedad":"0","paginas":"576","subtitulo":"","orden":"999","portada":"0","idioma":"spa","editorial":[{"ID":147428,"post_author":"3","post_date":"2022-10-14 11:50:30","post_date_gmt":"2022-10-14 09:50:30","post_content":"","post_title":"ANAGRAMA","post_excerpt":"","post_status":"publish","comment_status":"closed","ping_status":"closed","post_password":"","post_name":"anagrama","to_ping":"","pinged":"","post_modified":"2022-10-14 11:50:30","post_modified_gmt":"2022-10-14 09:50:30","post_content_filtered":"","post_parent":0,"guid":"http:\/\/dev.claret.cat\/editorial\/anagrama\/","menu_order":0,"post_type":"editorial","post_mime_type":"","comment_count":"0","filter":"raw"}],"autores-libros":[{"ID":161580,"post_author":"3","post_date":"2022-10-14 17:19:22","post_date_gmt":"2022-10-14 15:19:22","post_content":"","post_title":"KAZUO ISHIGURO","post_excerpt":"","post_status":"publish","comment_status":"closed","ping_status":"closed","post_password":"","post_name":"kazuo-ishiguro","to_ping":"","pinged":"","post_modified":"2022-10-14 17:19:22","post_modified_gmt":"2022-10-14 15:19:22","post_content_filtered":"","post_parent":0,"guid":"http:\/\/dev.claret.cat\/autor\/kazuo-ishiguro\/","menu_order":0,"post_type":"autor","post_mime_type":"","comment_count":"0","filter":"raw"}]},"aioseo_notices":[],"_links":{"self":[{"href":"https:\/\/www.claret.cat\/es\/wp-json\/wp\/v2\/product\/399498","targetHints":{"allow":["GET"]}}],"collection":[{"href":"https:\/\/www.claret.cat\/es\/wp-json\/wp\/v2\/product"}],"about":[{"href":"https:\/\/www.claret.cat\/es\/wp-json\/wp\/v2\/types\/product"}],"wp:featuredmedia":[{"embeddable":true,"href":"https:\/\/www.claret.cat\/es\/wp-json\/wp\/v2\/media\/399499"}],"wp:attachment":[{"href":"https:\/\/www.claret.cat\/es\/wp-json\/wp\/v2\/media?parent=399498"}],"wp:term":[{"taxonomy":"product_brand","embeddable":true,"href":"https:\/\/www.claret.cat\/es\/wp-json\/wp\/v2\/product_brand?post=399498"},{"taxonomy":"product_cat","embeddable":true,"href":"https:\/\/www.claret.cat\/es\/wp-json\/wp\/v2\/product_cat?post=399498"},{"taxonomy":"product_tag","embeddable":true,"href":"https:\/\/www.claret.cat\/es\/wp-json\/wp\/v2\/product_tag?post=399498"}],"curies":[{"name":"wp","href":"https:\/\/api.w.org\/{rel}","templated":true}]}}