{"id":399512,"date":"2023-02-27T03:36:24","date_gmt":"2023-02-27T02:36:24","guid":{"rendered":"https:\/\/www.claret.cat\/llibre\/los-restos-del-dia-9788433914293\/"},"modified":"2023-02-27T03:36:30","modified_gmt":"2023-02-27T02:36:30","slug":"los-restos-del-dia-9788433914293","status":"publish","type":"product","link":"https:\/\/www.claret.cat\/es\/libro\/los-restos-del-dia-9788433914293\/","title":{"rendered":"LOS RESTOS DEL DIA"},"content":{"rendered":"<p>Inglaterra, julio de 1956. Stevens, el narrador, durante treinta a\u00f1os ha sido mayordomo de Darlington Hall. Lord Darlington muri\u00f3 hace tres a\u00f1os, y la propiedad pertenece ahora a un norteamericano. El mayordomo, por primera vez en su vida, har\u00e1 un viaje. Su nuevo patr\u00f3n regresar\u00e1 por unas semanas a su pa\u00eds, y le ha ofrecido al mayordomo su coche que fuera de Lord Darlington para que disfrute de unas vacaciones. Y Stevens, en el antiguo, lento y se\u00f1orial auto de sus patrones, cruzar\u00e1 durante d\u00edas Inglaterra rumbo a Weymouth, donde vive la se\u00f1ora Benn, antigua ama de llaves de Darlington Hall. Y jornada a jornada, Ishiguro desplegar\u00e1 ante el lector una novela perfecta de luces y claroscuros, de m\u00e1scaras que apenas se deslizan para desvelar una realidad mucho m\u00e1s amarga que los amables paisajes que el mayordomo deja atr\u00e1s. Porque Stevens averigua que Lord Darlington fue un miembro de la clase dirigente inglesa que se dej\u00f3 seducir por el fascismo y conspir\u00f3 activamente para conseguir una alianza entre Inglaterra y Alemania. Y descubre, y tambi\u00e9n el lector, que hay algo peor incluso que haber servido a un hombre indigno?<\/p>\n","protected":false},"excerpt":{"rendered":"<p>ISHIGURO, KAZUO<\/p>\n","protected":false},"featured_media":399513,"template":"","meta":{"_acf_changed":false,"om_disable_all_campaigns":false,"rs_blank_template":"","rs_page_bg_color":"","slide_template_v7":"","inline_featured_image":false,"_monsterinsights_skip_tracking":false,"_monsterinsights_sitenote_active":false,"_monsterinsights_sitenote_note":"","_monsterinsights_sitenote_category":0},"product_brand":[],"product_cat":[90,540],"product_tag":[],"class_list":{"0":"post-399512","1":"product","2":"type-product","3":"status-publish","4":"has-post-thumbnail","6":"product_cat-altres","7":"product_cat-otros","9":"first","10":"instock","11":"taxable","12":"shipping-taxable","13":"purchasable","14":"product-type-simple"},"acf":{"autor":"ISHIGURO, KAZUO","codart":"843391429","libros-coleccion":"FORA DE COL.LECCI\u00d3","ediciones":"1","encuadernacion":"R\u00fastica","fecha_de_publicacion":"01\/07\/1994","novedad":"0","paginas":"253","subtitulo":"","orden":"999","portada":"0","idioma":"spa","editorial":[{"ID":147428,"post_author":"3","post_date":"2022-10-14 11:50:30","post_date_gmt":"2022-10-14 09:50:30","post_content":"","post_title":"ANAGRAMA","post_excerpt":"","post_status":"publish","comment_status":"closed","ping_status":"closed","post_password":"","post_name":"anagrama","to_ping":"","pinged":"","post_modified":"2022-10-14 11:50:30","post_modified_gmt":"2022-10-14 09:50:30","post_content_filtered":"","post_parent":0,"guid":"http:\/\/dev.claret.cat\/editorial\/anagrama\/","menu_order":0,"post_type":"editorial","post_mime_type":"","comment_count":"0","filter":"raw"}],"autores-libros":[{"ID":161580,"post_author":"3","post_date":"2022-10-14 17:19:22","post_date_gmt":"2022-10-14 15:19:22","post_content":"","post_title":"KAZUO ISHIGURO","post_excerpt":"","post_status":"publish","comment_status":"closed","ping_status":"closed","post_password":"","post_name":"kazuo-ishiguro","to_ping":"","pinged":"","post_modified":"2022-10-14 17:19:22","post_modified_gmt":"2022-10-14 15:19:22","post_content_filtered":"","post_parent":0,"guid":"http:\/\/dev.claret.cat\/autor\/kazuo-ishiguro\/","menu_order":0,"post_type":"autor","post_mime_type":"","comment_count":"0","filter":"raw"}]},"aioseo_notices":[],"_links":{"self":[{"href":"https:\/\/www.claret.cat\/es\/wp-json\/wp\/v2\/product\/399512","targetHints":{"allow":["GET"]}}],"collection":[{"href":"https:\/\/www.claret.cat\/es\/wp-json\/wp\/v2\/product"}],"about":[{"href":"https:\/\/www.claret.cat\/es\/wp-json\/wp\/v2\/types\/product"}],"wp:featuredmedia":[{"embeddable":true,"href":"https:\/\/www.claret.cat\/es\/wp-json\/wp\/v2\/media\/399513"}],"wp:attachment":[{"href":"https:\/\/www.claret.cat\/es\/wp-json\/wp\/v2\/media?parent=399512"}],"wp:term":[{"taxonomy":"product_brand","embeddable":true,"href":"https:\/\/www.claret.cat\/es\/wp-json\/wp\/v2\/product_brand?post=399512"},{"taxonomy":"product_cat","embeddable":true,"href":"https:\/\/www.claret.cat\/es\/wp-json\/wp\/v2\/product_cat?post=399512"},{"taxonomy":"product_tag","embeddable":true,"href":"https:\/\/www.claret.cat\/es\/wp-json\/wp\/v2\/product_tag?post=399512"}],"curies":[{"name":"wp","href":"https:\/\/api.w.org\/{rel}","templated":true}]}}