{"id":399557,"date":"2023-02-27T03:39:18","date_gmt":"2023-02-27T02:39:18","guid":{"rendered":"https:\/\/www.claret.cat\/llibre\/palida-luz-en-las-colinas-9788433931276\/"},"modified":"2023-02-27T03:39:25","modified_gmt":"2023-02-27T02:39:25","slug":"palida-luz-en-las-colinas-9788433931276","status":"publish","type":"product","link":"https:\/\/www.claret.cat\/es\/libro\/palida-luz-en-las-colinas-9788433931276\/","title":{"rendered":"P\u00c1LIDA LUZ EN LAS COLINAS"},"content":{"rendered":"<p>Despu\u00e9s del suicidio de su hija mayor, Etsuko, una japonesa de cincuenta a\u00f1os instalada en Inglaterra, rememora momentos de su vida. Quiz\u00e1 la explicaci\u00f3n de esta tragedia familiar se encuentre agazapada en aquel Jap\u00f3n de los a\u00f1os cincuenta que se recuperaba de las heridas de la guerra y del traumatismo de la bomba at\u00f3mica&#8230; En la memoria de Etsuko aparece de forma obsesiva, recurrente la imagen de otra mujer, Sachiko, una amiga y vecina que viv\u00eda sola con su hija Mariko. Dos personajes enigm\u00e1ticos, a cu\u00e1l m\u00e1s inquietante. La peque\u00f1a Mariko parece haber vivido una cruel y dolorosa experiencia, que reduce a la nada, tanto para ella como para su madre, la esperanza de una vida tranquila, lejos de las ataduras de la r\u00edgida tradici\u00f3n japonesa. La relaci\u00f3n ambigua de Etsuko con Sachiko y Mariko est\u00e1 en el centro del enigma del libro. \u00bfEl examen del pasado conseguir\u00e1 exorcizar los demonios del presente?<\/p>\n","protected":false},"excerpt":{"rendered":"<p>ISHIGURO, KAZUO<\/p>\n","protected":false},"featured_media":399558,"template":"","meta":{"_acf_changed":false,"om_disable_all_campaigns":false,"rs_blank_template":"","rs_page_bg_color":"","slide_template_v7":"","inline_featured_image":false,"_monsterinsights_skip_tracking":false,"_monsterinsights_sitenote_active":false,"_monsterinsights_sitenote_note":"","_monsterinsights_sitenote_category":0},"product_brand":[],"product_cat":[87,353],"product_tag":[],"class_list":{"0":"post-399557","1":"product","2":"type-product","3":"status-publish","4":"has-post-thumbnail","6":"product_cat-literatura","7":"product_cat-literatura-2_humanidades","9":"first","10":"instock","11":"taxable","12":"shipping-taxable","13":"purchasable","14":"product-type-simple"},"acf":{"autor":"ISHIGURO, KAZUO","codart":"843393127","libros-coleccion":"Panorama de narrativas","ediciones":"1","encuadernacion":"Carton\u00e9","fecha_de_publicacion":"01\/03\/1994","novedad":"0","paginas":"203","subtitulo":"","orden":"999","portada":"0","idioma":"spa","editorial":[{"ID":147922,"post_author":"3","post_date":"2022-10-14 11:54:16","post_date_gmt":"2022-10-14 09:54:16","post_content":"","post_title":"Editorial Anagrama","post_excerpt":"","post_status":"publish","comment_status":"closed","ping_status":"closed","post_password":"","post_name":"editorial-anagrama","to_ping":"","pinged":"","post_modified":"2022-10-14 11:54:16","post_modified_gmt":"2022-10-14 09:54:16","post_content_filtered":"","post_parent":0,"guid":"http:\/\/dev.claret.cat\/editorial\/editorial-anagrama\/","menu_order":0,"post_type":"editorial","post_mime_type":"","comment_count":"0","filter":"raw"}],"autores-libros":[{"ID":161580,"post_author":"3","post_date":"2022-10-14 17:19:22","post_date_gmt":"2022-10-14 15:19:22","post_content":"","post_title":"KAZUO ISHIGURO","post_excerpt":"","post_status":"publish","comment_status":"closed","ping_status":"closed","post_password":"","post_name":"kazuo-ishiguro","to_ping":"","pinged":"","post_modified":"2022-10-14 17:19:22","post_modified_gmt":"2022-10-14 15:19:22","post_content_filtered":"","post_parent":0,"guid":"http:\/\/dev.claret.cat\/autor\/kazuo-ishiguro\/","menu_order":0,"post_type":"autor","post_mime_type":"","comment_count":"0","filter":"raw"}]},"aioseo_notices":[],"_links":{"self":[{"href":"https:\/\/www.claret.cat\/es\/wp-json\/wp\/v2\/product\/399557","targetHints":{"allow":["GET"]}}],"collection":[{"href":"https:\/\/www.claret.cat\/es\/wp-json\/wp\/v2\/product"}],"about":[{"href":"https:\/\/www.claret.cat\/es\/wp-json\/wp\/v2\/types\/product"}],"wp:featuredmedia":[{"embeddable":true,"href":"https:\/\/www.claret.cat\/es\/wp-json\/wp\/v2\/media\/399558"}],"wp:attachment":[{"href":"https:\/\/www.claret.cat\/es\/wp-json\/wp\/v2\/media?parent=399557"}],"wp:term":[{"taxonomy":"product_brand","embeddable":true,"href":"https:\/\/www.claret.cat\/es\/wp-json\/wp\/v2\/product_brand?post=399557"},{"taxonomy":"product_cat","embeddable":true,"href":"https:\/\/www.claret.cat\/es\/wp-json\/wp\/v2\/product_cat?post=399557"},{"taxonomy":"product_tag","embeddable":true,"href":"https:\/\/www.claret.cat\/es\/wp-json\/wp\/v2\/product_tag?post=399557"}],"curies":[{"name":"wp","href":"https:\/\/api.w.org\/{rel}","templated":true}]}}