{"id":399560,"date":"2023-02-27T03:39:29","date_gmt":"2023-02-27T02:39:29","guid":{"rendered":"https:\/\/www.claret.cat\/llibre\/un-artista-del-mundo-flotante-9788433931764\/"},"modified":"2023-02-27T03:39:35","modified_gmt":"2023-02-27T02:39:35","slug":"un-artista-del-mundo-flotante-9788433931764","status":"publish","type":"product","link":"https:\/\/www.claret.cat\/es\/libro\/un-artista-del-mundo-flotante-9788433931764\/","title":{"rendered":"UN ARTISTA DEL MUNDO FLOTANTE"},"content":{"rendered":"<p>La Segunda Guerra Mundial ha terminado y Jap\u00f3n comienza a levantarse de entre sus cenizas. En los meses que van desde octubre de 1948 a junio de 1950, el tiempo que media entre el comienzo de las negociaciones para casar a una hija y el matrimonio, Ono, un anciano pintor, recuerda su vida y reflexiona sobre su carrera art\u00edstica, en un intento por comprender una realidad cada d\u00eda m\u00e1s ajena. \u00abNo s\u00e9 de ning\u00fan colega que pintara su autorretrato con absoluta honestidad\u00bb, declara Ono, y la pintura que va trazando de s\u00ed mismo y de su \u00e9poca es una versi\u00f3n susceptible de m\u00faltiples y contradictorias interpretaciones, una trama compleja de instantes perfectos y decisiones err\u00f3neas, de hero\u00edsmos y traiciones. Los triunfos del pasado de Ono quiz\u00e1 son ahora, como insin\u00faan sus hijas, que esconden sus cuadros, aquello de lo que deber\u00eda avergonzarse. Ono eligi\u00f3 abandonar las tradiciones pict\u00f3ricas de sus maestros, los pintores del mundo flotante de los barrios de placer, donde las cosas m\u00e1s bellas se construyen en la noche y se desvanecen en la ma\u00f1ana, para dedicarse a loar un presente m\u00e1s heroico y menos fugaz. Y ahora, el imperio militar que pint\u00f3 no es m\u00e1s que otro mundo flotante, desvanecido para siempre en la ma\u00f1ana del Jap\u00f3n \u00abdemocr\u00e1tico\u00bb de la posguerra&#8230;<\/p>\n","protected":false},"excerpt":{"rendered":"<p>ISHIGURO, KAZUO<\/p>\n","protected":false},"featured_media":399561,"template":"","meta":{"_acf_changed":false,"om_disable_all_campaigns":false,"rs_blank_template":"","rs_page_bg_color":"","slide_template_v7":"","inline_featured_image":false,"_monsterinsights_skip_tracking":false,"_monsterinsights_sitenote_active":false,"_monsterinsights_sitenote_note":"","_monsterinsights_sitenote_category":0},"product_brand":[],"product_cat":[353,87],"product_tag":[],"class_list":{"0":"post-399560","1":"product","2":"type-product","3":"status-publish","4":"has-post-thumbnail","6":"product_cat-literatura-2_humanidades","7":"product_cat-literatura","9":"first","10":"instock","11":"taxable","12":"shipping-taxable","13":"purchasable","14":"product-type-simple"},"acf":{"autor":"ISHIGURO, KAZUO","codart":"843393176","libros-coleccion":"Panorama de narrativas","ediciones":"1","encuadernacion":"Carton\u00e9","fecha_de_publicacion":"01\/03\/1994","novedad":"0","paginas":"218","subtitulo":"","orden":"999","portada":"0","idioma":"spa","editorial":[{"ID":147922,"post_author":"3","post_date":"2022-10-14 11:54:16","post_date_gmt":"2022-10-14 09:54:16","post_content":"","post_title":"Editorial Anagrama","post_excerpt":"","post_status":"publish","comment_status":"closed","ping_status":"closed","post_password":"","post_name":"editorial-anagrama","to_ping":"","pinged":"","post_modified":"2022-10-14 11:54:16","post_modified_gmt":"2022-10-14 09:54:16","post_content_filtered":"","post_parent":0,"guid":"http:\/\/dev.claret.cat\/editorial\/editorial-anagrama\/","menu_order":0,"post_type":"editorial","post_mime_type":"","comment_count":"0","filter":"raw"}],"autores-libros":[{"ID":161580,"post_author":"3","post_date":"2022-10-14 17:19:22","post_date_gmt":"2022-10-14 15:19:22","post_content":"","post_title":"KAZUO ISHIGURO","post_excerpt":"","post_status":"publish","comment_status":"closed","ping_status":"closed","post_password":"","post_name":"kazuo-ishiguro","to_ping":"","pinged":"","post_modified":"2022-10-14 17:19:22","post_modified_gmt":"2022-10-14 15:19:22","post_content_filtered":"","post_parent":0,"guid":"http:\/\/dev.claret.cat\/autor\/kazuo-ishiguro\/","menu_order":0,"post_type":"autor","post_mime_type":"","comment_count":"0","filter":"raw"}]},"aioseo_notices":[],"_links":{"self":[{"href":"https:\/\/www.claret.cat\/es\/wp-json\/wp\/v2\/product\/399560","targetHints":{"allow":["GET"]}}],"collection":[{"href":"https:\/\/www.claret.cat\/es\/wp-json\/wp\/v2\/product"}],"about":[{"href":"https:\/\/www.claret.cat\/es\/wp-json\/wp\/v2\/types\/product"}],"wp:featuredmedia":[{"embeddable":true,"href":"https:\/\/www.claret.cat\/es\/wp-json\/wp\/v2\/media\/399561"}],"wp:attachment":[{"href":"https:\/\/www.claret.cat\/es\/wp-json\/wp\/v2\/media?parent=399560"}],"wp:term":[{"taxonomy":"product_brand","embeddable":true,"href":"https:\/\/www.claret.cat\/es\/wp-json\/wp\/v2\/product_brand?post=399560"},{"taxonomy":"product_cat","embeddable":true,"href":"https:\/\/www.claret.cat\/es\/wp-json\/wp\/v2\/product_cat?post=399560"},{"taxonomy":"product_tag","embeddable":true,"href":"https:\/\/www.claret.cat\/es\/wp-json\/wp\/v2\/product_tag?post=399560"}],"curies":[{"name":"wp","href":"https:\/\/api.w.org\/{rel}","templated":true}]}}