{"id":399604,"date":"2023-02-27T03:42:18","date_gmt":"2023-02-27T02:42:18","guid":{"rendered":"https:\/\/www.claret.cat\/llibre\/nunca-me-abandones-9788433972743\/"},"modified":"2023-02-27T03:42:24","modified_gmt":"2023-02-27T02:42:24","slug":"nunca-me-abandones-9788433972743","status":"publish","type":"product","link":"https:\/\/www.claret.cat\/es\/libro\/nunca-me-abandones-9788433972743\/","title":{"rendered":"NUNCA ME ABANDONES"},"content":{"rendered":"<p>A primera vista, los jovencitos que estudian en el internado de Hailsham son como cualquier grupo de adolescentes. Practican deportes, tienen clases de arte y descubren el sexo, el amor y los juegos del poder. Hailsham es una mezcla de internado victoriano y de colegio para hijos de hippies de los a\u00f1os sesenta donde no dejan de repetirles que son muy especiales, que tienen una misi\u00f3n en el futuro, y se preocupan por su salud. Los j\u00f3venes tambi\u00e9n saben que son est\u00e9riles y que nunca tendr\u00e1n hijos, de la misma manera que no tienen padres. Kathy, Ruth y Tommy fueron pupilos en Hailsham, y tambi\u00e9n fueron un juvenil tri\u00e1ngulo amoroso. Y ahora, Kathy se permite recordar Hailsham y c\u00f3mo ella y sus amigos descubrieron poco a poco la verdad. Y el lector de esta novela, utop\u00eda g\u00f3tica, ir\u00e1 descubriendo con Kathy que Hailsham es una representaci\u00f3n donde los j\u00f3venes actores no saben que s\u00f3lo son el secreto terrible de la buena salud de una sociedad.<\/p>\n","protected":false},"excerpt":{"rendered":"<p>ISHIGURO, KAZUO<\/p>\n","protected":false},"featured_media":399605,"template":"","meta":{"_acf_changed":false,"om_disable_all_campaigns":false,"rs_blank_template":"","rs_page_bg_color":"","slide_template_v7":"","inline_featured_image":false,"_monsterinsights_skip_tracking":false,"_monsterinsights_sitenote_active":false,"_monsterinsights_sitenote_note":"","_monsterinsights_sitenote_category":0},"product_brand":[],"product_cat":[87,353],"product_tag":[],"class_list":{"0":"post-399604","1":"product","2":"type-product","3":"status-publish","4":"has-post-thumbnail","6":"product_cat-literatura","7":"product_cat-literatura-2_humanidades","9":"first","10":"instock","11":"taxable","12":"shipping-taxable","13":"purchasable","14":"product-type-simple"},"acf":{"autor":"ISHIGURO, KAZUO","codart":"843397274","libros-coleccion":"","ediciones":"1","encuadernacion":"R\u00fastica","fecha_de_publicacion":"01\/01\/2007","novedad":"0","paginas":"360","subtitulo":"","orden":"999","portada":"0","idioma":"spa","editorial":[{"ID":147428,"post_author":"3","post_date":"2022-10-14 11:50:30","post_date_gmt":"2022-10-14 09:50:30","post_content":"","post_title":"ANAGRAMA","post_excerpt":"","post_status":"publish","comment_status":"closed","ping_status":"closed","post_password":"","post_name":"anagrama","to_ping":"","pinged":"","post_modified":"2022-10-14 11:50:30","post_modified_gmt":"2022-10-14 09:50:30","post_content_filtered":"","post_parent":0,"guid":"http:\/\/dev.claret.cat\/editorial\/anagrama\/","menu_order":0,"post_type":"editorial","post_mime_type":"","comment_count":"0","filter":"raw"}],"autores-libros":[{"ID":161580,"post_author":"3","post_date":"2022-10-14 17:19:22","post_date_gmt":"2022-10-14 15:19:22","post_content":"","post_title":"KAZUO ISHIGURO","post_excerpt":"","post_status":"publish","comment_status":"closed","ping_status":"closed","post_password":"","post_name":"kazuo-ishiguro","to_ping":"","pinged":"","post_modified":"2022-10-14 17:19:22","post_modified_gmt":"2022-10-14 15:19:22","post_content_filtered":"","post_parent":0,"guid":"http:\/\/dev.claret.cat\/autor\/kazuo-ishiguro\/","menu_order":0,"post_type":"autor","post_mime_type":"","comment_count":"0","filter":"raw"}]},"aioseo_notices":[],"_links":{"self":[{"href":"https:\/\/www.claret.cat\/es\/wp-json\/wp\/v2\/product\/399604","targetHints":{"allow":["GET"]}}],"collection":[{"href":"https:\/\/www.claret.cat\/es\/wp-json\/wp\/v2\/product"}],"about":[{"href":"https:\/\/www.claret.cat\/es\/wp-json\/wp\/v2\/types\/product"}],"wp:featuredmedia":[{"embeddable":true,"href":"https:\/\/www.claret.cat\/es\/wp-json\/wp\/v2\/media\/399605"}],"wp:attachment":[{"href":"https:\/\/www.claret.cat\/es\/wp-json\/wp\/v2\/media?parent=399604"}],"wp:term":[{"taxonomy":"product_brand","embeddable":true,"href":"https:\/\/www.claret.cat\/es\/wp-json\/wp\/v2\/product_brand?post=399604"},{"taxonomy":"product_cat","embeddable":true,"href":"https:\/\/www.claret.cat\/es\/wp-json\/wp\/v2\/product_cat?post=399604"},{"taxonomy":"product_tag","embeddable":true,"href":"https:\/\/www.claret.cat\/es\/wp-json\/wp\/v2\/product_tag?post=399604"}],"curies":[{"name":"wp","href":"https:\/\/api.w.org\/{rel}","templated":true}]}}