{"id":399616,"date":"2023-02-27T03:43:03","date_gmt":"2023-02-27T02:43:03","guid":{"rendered":"https:\/\/www.claret.cat\/llibre\/una-mujer-en-berlin-9788433976185\/"},"modified":"2023-02-27T03:43:10","modified_gmt":"2023-02-27T02:43:10","slug":"una-mujer-en-berlin-9788433976185","status":"publish","type":"product","link":"https:\/\/www.claret.cat\/es\/libro\/una-mujer-en-berlin-9788433976185\/","title":{"rendered":"UNA MUJER EN BERL\u00cdN"},"content":{"rendered":"<p>Quien quiera enterarse de lo que en realidad ocurri\u00f3 en las postrimer\u00edas de la Segunda Guerra Mundial tendr\u00e1 que pregunt\u00e1rselo a las mujeres. As\u00ed lo ve la autora de este libro, que vivi\u00f3 el final de la guerra en Berl\u00edn. Sus observaciones aparecieron publicadas por primera vez en 1954, gracias a los esfuerzos del cr\u00edtico Kurt W. Marek. Adem\u00e1s del ep\u00edlogo que Marek adjunt\u00f3 a dicha primera edici\u00f3n en ingl\u00e9s, Anagrama recoge una introducci\u00f3n de Hans Magnus Enzensberger donde relata las vicisitudes por las que han pasado estas memorias desde su creaci\u00f3n y la raz\u00f3n por la que la autora decidi\u00f3 no revelar su identidad. En este documento \u00fanico no se ilustra lo singular sino lo que les toc\u00f3 vivir a millones de mujeres: primero la supervivencia entre los escombros, acuciadas por el hambre, el miedo y el asco, y posteriormente, por la venganza de los vencedores. \u00abDepurado estilo&#8230;, su agudeza anal\u00edtica y su tema rebasan con creces el mero testimonio\u00bb (Cecilia Dreym\u00fcller, El Pa\u00eds). \u00abUna implacable observadora que no se deja llevar por el sentimentalismo o los prejuicios\u00bb (Hans Magnus Enzensberger). \u00abLo sobrecogedor es que no hay en su testimonio la m\u00e1s leve autocompasi\u00f3n ni truculencia\u00bb (Robert Saladrigas, La Vanguardia).<\/p>\n","protected":false},"excerpt":{"rendered":"<p>AN\u00d3NIMO, AN\u00d3NIMO<\/p>\n","protected":false},"featured_media":399617,"template":"","meta":{"_acf_changed":false,"om_disable_all_campaigns":false,"rs_blank_template":"","rs_page_bg_color":"","slide_template_v7":"","inline_featured_image":false,"_monsterinsights_skip_tracking":false,"_monsterinsights_sitenote_active":false,"_monsterinsights_sitenote_note":"","_monsterinsights_sitenote_category":0},"product_brand":[],"product_cat":[549,99],"product_tag":[],"class_list":{"0":"post-399616","1":"product","2":"type-product","3":"status-publish","4":"has-post-thumbnail","6":"product_cat-biografias","7":"product_cat-biografies","9":"first","10":"instock","11":"taxable","12":"shipping-taxable","13":"purchasable","14":"product-type-simple"},"acf":{"autor":"AN\u00d3NIMO, AN\u00d3NIMO","codart":"843397618","libros-coleccion":"Otra vuelta de tuerca","ediciones":"1","encuadernacion":"R\u00fastica","fecha_de_publicacion":"01\/06\/2013","novedad":"1","paginas":"323","subtitulo":"","orden":"999","portada":"0","idioma":"spa","editorial":[{"ID":6219,"post_author":"3","post_date":"2022-07-28 17:47:26","post_date_gmt":"2022-07-28 15:47:26","post_content":"","post_title":"Editorial Anagrama S.A.","post_excerpt":"","post_status":"publish","comment_status":"closed","ping_status":"closed","post_password":"","post_name":"editorial-anagrama-s-a","to_ping":"","pinged":"","post_modified":"2022-07-28 17:47:26","post_modified_gmt":"2022-07-28 15:47:26","post_content_filtered":"","post_parent":0,"guid":"http:\/\/dev.claret.cat\/editorial\/editorial-anagrama-s-a\/","menu_order":0,"post_type":"editorial","post_mime_type":"","comment_count":"0","filter":"raw"}],"autores-libros":[{"ID":171225,"post_author":"3","post_date":"2022-10-14 22:41:41","post_date_gmt":"2022-10-14 20:41:41","post_content":"","post_title":"WALTER MOSLEY","post_excerpt":"","post_status":"publish","comment_status":"closed","ping_status":"closed","post_password":"","post_name":"walter-mosley","to_ping":"","pinged":"","post_modified":"2022-10-14 22:41:41","post_modified_gmt":"2022-10-14 20:41:41","post_content_filtered":"","post_parent":0,"guid":"http:\/\/dev.claret.cat\/autor\/walter-mosley\/","menu_order":0,"post_type":"autor","post_mime_type":"","comment_count":"0","filter":"raw"}]},"aioseo_notices":[],"_links":{"self":[{"href":"https:\/\/www.claret.cat\/es\/wp-json\/wp\/v2\/product\/399616","targetHints":{"allow":["GET"]}}],"collection":[{"href":"https:\/\/www.claret.cat\/es\/wp-json\/wp\/v2\/product"}],"about":[{"href":"https:\/\/www.claret.cat\/es\/wp-json\/wp\/v2\/types\/product"}],"wp:featuredmedia":[{"embeddable":true,"href":"https:\/\/www.claret.cat\/es\/wp-json\/wp\/v2\/media\/399617"}],"wp:attachment":[{"href":"https:\/\/www.claret.cat\/es\/wp-json\/wp\/v2\/media?parent=399616"}],"wp:term":[{"taxonomy":"product_brand","embeddable":true,"href":"https:\/\/www.claret.cat\/es\/wp-json\/wp\/v2\/product_brand?post=399616"},{"taxonomy":"product_cat","embeddable":true,"href":"https:\/\/www.claret.cat\/es\/wp-json\/wp\/v2\/product_cat?post=399616"},{"taxonomy":"product_tag","embeddable":true,"href":"https:\/\/www.claret.cat\/es\/wp-json\/wp\/v2\/product_tag?post=399616"}],"curies":[{"name":"wp","href":"https:\/\/api.w.org\/{rel}","templated":true}]}}