{"id":399644,"date":"2023-02-27T03:44:46","date_gmt":"2023-02-27T02:44:46","guid":{"rendered":"https:\/\/www.claret.cat\/llibre\/exploradores-emocionales-spa-9788434238367\/"},"modified":"2023-02-27T03:44:52","modified_gmt":"2023-02-27T02:44:52","slug":"exploradores-emocionales-spa-9788434238367","status":"publish","type":"product","link":"https:\/\/www.claret.cat\/es\/libro\/exploradores-emocionales-spa-9788434238367\/","title":{"rendered":"EXPLORADORES EMOCIONALES (SPA)"},"content":{"rendered":"<p>Esta colecci\u00f3n ofrece un planteamiento nuevo, creativo y revolucionario dentro de la educaci\u00f3n emocional. La ecolog\u00eda emocional es el arte de gestionar, de manera sostenible, nuestro mundo emocional de forma que nuestra energ\u00eda afectiva nos sirva para ser mejor personas, para mejorar la calidad de nuestras relaciones personales y el mundo en que vivimos.La vida es un viaje apasionante lleno de territorios muy diversos. Para embarcarnos en \u00e9l deberemos contar con el ?equipaje? m\u00e1s adecuado y tener muchas ganas de buscar y descubrir tesoros. \u00bfOs apetece formar parte de esta aventura y convertiros en verdaderos exploradores emocionales?<\/p>\n","protected":false},"excerpt":{"rendered":"<p>CONANGLE, MARIA MERC\u00c8 \/ SOLER,JAUME<\/p>\n","protected":false},"featured_media":399645,"template":"","meta":{"_acf_changed":false,"om_disable_all_campaigns":false,"rs_blank_template":"","rs_page_bg_color":"","slide_template_v7":"","inline_featured_image":false,"_monsterinsights_skip_tracking":false,"_monsterinsights_sitenote_active":false,"_monsterinsights_sitenote_note":"","_monsterinsights_sitenote_category":0},"product_brand":[],"product_cat":[86,352],"product_tag":[],"class_list":{"0":"post-399644","1":"product","2":"type-product","3":"status-publish","4":"has-post-thumbnail","6":"product_cat-infantil","7":"product_cat-infantil-3_infantil-juvenil-spa","9":"first","10":"instock","11":"taxable","12":"shipping-taxable","13":"purchasable","14":"product-type-simple"},"acf":{"autor":"CONANGLE, MARIA MERC\u00c8 \/ SOLER,JAUME","codart":"843423836","libros-coleccion":"SUSHI BOOKS","ediciones":"1","encuadernacion":"Carton\u00e9","fecha_de_publicacion":"01\/01\/2013","novedad":"0","paginas":"62","subtitulo":"UN PLANTEAMIENTO CREATIVO PARA GESTIONAR LAS EMOCIONES","orden":"999","portada":"0","idioma":"spa","editorial":[{"ID":6325,"post_author":"3","post_date":"2022-07-28 17:49:46","post_date_gmt":"2022-07-28 15:49:46","post_content":"","post_title":"Parram\u00f3n","post_excerpt":"","post_status":"publish","comment_status":"closed","ping_status":"closed","post_password":"","post_name":"parramon","to_ping":"","pinged":"","post_modified":"2022-07-28 17:49:46","post_modified_gmt":"2022-07-28 15:49:46","post_content_filtered":"","post_parent":0,"guid":"http:\/\/dev.claret.cat\/editorial\/parramon\/","menu_order":0,"post_type":"editorial","post_mime_type":"","comment_count":"0","filter":"raw"}],"autores-libros":[{"ID":158635,"post_author":"3","post_date":"2022-10-14 15:38:24","post_date_gmt":"2022-10-14 13:38:24","post_content":"","post_title":"JAUME SOLER","post_excerpt":"","post_status":"publish","comment_status":"closed","ping_status":"closed","post_password":"","post_name":"jaume-soler","to_ping":"","pinged":"","post_modified":"2022-10-14 15:38:24","post_modified_gmt":"2022-10-14 13:38:24","post_content_filtered":"","post_parent":0,"guid":"http:\/\/dev.claret.cat\/autor\/jaume-soler\/","menu_order":0,"post_type":"autor","post_mime_type":"","comment_count":"0","filter":"raw"},{"ID":376685,"post_author":"3","post_date":"2023-01-26 19:55:35","post_date_gmt":"2023-01-26 18:55:35","post_content":"","post_title":"MARIA MERC\u00c8 CONANGLE","post_excerpt":"","post_status":"publish","comment_status":"closed","ping_status":"closed","post_password":"","post_name":"maria-merce-conangle","to_ping":"","pinged":"","post_modified":"2023-01-26 19:55:35","post_modified_gmt":"2023-01-26 18:55:35","post_content_filtered":"","post_parent":0,"guid":"https:\/\/www.claret.cat\/autor\/maria-merce-conangle\/","menu_order":0,"post_type":"autor","post_mime_type":"","comment_count":"0","filter":"raw"}]},"aioseo_notices":[],"_links":{"self":[{"href":"https:\/\/www.claret.cat\/es\/wp-json\/wp\/v2\/product\/399644","targetHints":{"allow":["GET"]}}],"collection":[{"href":"https:\/\/www.claret.cat\/es\/wp-json\/wp\/v2\/product"}],"about":[{"href":"https:\/\/www.claret.cat\/es\/wp-json\/wp\/v2\/types\/product"}],"wp:featuredmedia":[{"embeddable":true,"href":"https:\/\/www.claret.cat\/es\/wp-json\/wp\/v2\/media\/399645"}],"wp:attachment":[{"href":"https:\/\/www.claret.cat\/es\/wp-json\/wp\/v2\/media?parent=399644"}],"wp:term":[{"taxonomy":"product_brand","embeddable":true,"href":"https:\/\/www.claret.cat\/es\/wp-json\/wp\/v2\/product_brand?post=399644"},{"taxonomy":"product_cat","embeddable":true,"href":"https:\/\/www.claret.cat\/es\/wp-json\/wp\/v2\/product_cat?post=399644"},{"taxonomy":"product_tag","embeddable":true,"href":"https:\/\/www.claret.cat\/es\/wp-json\/wp\/v2\/product_tag?post=399644"}],"curies":[{"name":"wp","href":"https:\/\/api.w.org\/{rel}","templated":true}]}}