{"id":399650,"date":"2023-02-27T03:45:09","date_gmt":"2023-02-27T02:45:09","guid":{"rendered":"https:\/\/www.claret.cat\/llibre\/energias-y-relaciones-para-crecer-9788434240384\/"},"modified":"2023-02-27T03:45:14","modified_gmt":"2023-02-27T02:45:14","slug":"energias-y-relaciones-para-crecer-9788434240384","status":"publish","type":"product","link":"https:\/\/www.claret.cat\/es\/libro\/energias-y-relaciones-para-crecer-9788434240384\/","title":{"rendered":"ENERG\u00cdAS Y RELACIONES PARA CRECER"},"content":{"rendered":"<p>La ecolog\u00eda emocional ofrece un planteamiento nuevo, creativo  y revolucionario  en educaci\u00f3n emocional que trabaja al mismo tiempo aspectos educativos<br \/> emocionales y medioambientales, y que apuesta por formar un nuevo modelo de persona: la persona emocionalmente  ecol\u00f3gica.<br \/>La ecolog\u00eda emocional es el arte  de gestionar, de manera  sostenible, nuestro mundo emocional de forma que nuestra energ\u00eda afectiva nos sirva para enriquecernos, para aumentar la calidad de nuestras relaciones y para  mejorar el mundo en que vivimos.<br \/>En este volumen hablaremos de la meteorolog\u00eda emocional; aprenderemos que el clima emocional es fruto  de las emociones que desprendemos cada uno de nosotros. \u00c9stas  pueden combinarse, interferirse, sumarse o contagiarse  r\u00e1pidamente y pueden mejorar o empeorar el clima emocional de nuestro ecosistema, familiar, escolar y social.<br \/>\u00bfOs apetece aprender estrategias para prevenir la contaminaci\u00f3n emocional, evitar  &#8216;tsunamis&#8217; y protegeros de la lluvia \u00e1cida?<\/p>\n","protected":false},"excerpt":{"rendered":"<p>CONANGLE, MARIA MERC\u00c8 \/ SOLER, JAUME<\/p>\n","protected":false},"featured_media":399651,"template":"","meta":{"_acf_changed":false,"om_disable_all_campaigns":false,"rs_blank_template":"","rs_page_bg_color":"","slide_template_v7":"","inline_featured_image":false,"_monsterinsights_skip_tracking":false,"_monsterinsights_sitenote_active":false,"_monsterinsights_sitenote_note":"","_monsterinsights_sitenote_category":0},"product_brand":[],"product_cat":[86,352],"product_tag":[],"class_list":{"0":"post-399650","1":"product","2":"type-product","3":"status-publish","4":"has-post-thumbnail","6":"product_cat-infantil","7":"product_cat-infantil-3_infantil-juvenil-spa","9":"first","10":"instock","11":"taxable","12":"shipping-taxable","13":"purchasable","14":"product-type-simple"},"acf":{"autor":"CONANGLE, MARIA MERC\u00c8 \/ SOLER, JAUME","codart":"843424038","libros-coleccion":"SUSHI BOOKS","ediciones":"1","encuadernacion":"Carton\u00e9","fecha_de_publicacion":"01\/09\/2013","novedad":"0","paginas":"62","subtitulo":"","orden":"999","portada":"0","idioma":"spa","editorial":[{"ID":6325,"post_author":"3","post_date":"2022-07-28 17:49:46","post_date_gmt":"2022-07-28 15:49:46","post_content":"","post_title":"Parram\u00f3n","post_excerpt":"","post_status":"publish","comment_status":"closed","ping_status":"closed","post_password":"","post_name":"parramon","to_ping":"","pinged":"","post_modified":"2022-07-28 17:49:46","post_modified_gmt":"2022-07-28 15:49:46","post_content_filtered":"","post_parent":0,"guid":"http:\/\/dev.claret.cat\/editorial\/parramon\/","menu_order":0,"post_type":"editorial","post_mime_type":"","comment_count":"0","filter":"raw"}],"autores-libros":[{"ID":158635,"post_author":"3","post_date":"2022-10-14 15:38:24","post_date_gmt":"2022-10-14 13:38:24","post_content":"","post_title":"JAUME SOLER","post_excerpt":"","post_status":"publish","comment_status":"closed","ping_status":"closed","post_password":"","post_name":"jaume-soler","to_ping":"","pinged":"","post_modified":"2022-10-14 15:38:24","post_modified_gmt":"2022-10-14 13:38:24","post_content_filtered":"","post_parent":0,"guid":"http:\/\/dev.claret.cat\/autor\/jaume-soler\/","menu_order":0,"post_type":"autor","post_mime_type":"","comment_count":"0","filter":"raw"},{"ID":376685,"post_author":"3","post_date":"2023-01-26 19:55:35","post_date_gmt":"2023-01-26 18:55:35","post_content":"","post_title":"MARIA MERC\u00c8 CONANGLE","post_excerpt":"","post_status":"publish","comment_status":"closed","ping_status":"closed","post_password":"","post_name":"maria-merce-conangle","to_ping":"","pinged":"","post_modified":"2023-01-26 19:55:35","post_modified_gmt":"2023-01-26 18:55:35","post_content_filtered":"","post_parent":0,"guid":"https:\/\/www.claret.cat\/autor\/maria-merce-conangle\/","menu_order":0,"post_type":"autor","post_mime_type":"","comment_count":"0","filter":"raw"}]},"aioseo_notices":[],"_links":{"self":[{"href":"https:\/\/www.claret.cat\/es\/wp-json\/wp\/v2\/product\/399650","targetHints":{"allow":["GET"]}}],"collection":[{"href":"https:\/\/www.claret.cat\/es\/wp-json\/wp\/v2\/product"}],"about":[{"href":"https:\/\/www.claret.cat\/es\/wp-json\/wp\/v2\/types\/product"}],"wp:featuredmedia":[{"embeddable":true,"href":"https:\/\/www.claret.cat\/es\/wp-json\/wp\/v2\/media\/399651"}],"wp:attachment":[{"href":"https:\/\/www.claret.cat\/es\/wp-json\/wp\/v2\/media?parent=399650"}],"wp:term":[{"taxonomy":"product_brand","embeddable":true,"href":"https:\/\/www.claret.cat\/es\/wp-json\/wp\/v2\/product_brand?post=399650"},{"taxonomy":"product_cat","embeddable":true,"href":"https:\/\/www.claret.cat\/es\/wp-json\/wp\/v2\/product_cat?post=399650"},{"taxonomy":"product_tag","embeddable":true,"href":"https:\/\/www.claret.cat\/es\/wp-json\/wp\/v2\/product_tag?post=399650"}],"curies":[{"name":"wp","href":"https:\/\/api.w.org\/{rel}","templated":true}]}}