{"id":399653,"date":"2023-02-27T03:45:20","date_gmt":"2023-02-27T02:45:20","guid":{"rendered":"https:\/\/www.claret.cat\/llibre\/energies-i-relacions-per-creixer-cat-9788434240391\/"},"modified":"2023-02-27T03:45:25","modified_gmt":"2023-02-27T02:45:25","slug":"energies-i-relacions-per-creixer-cat-9788434240391","status":"publish","type":"product","link":"https:\/\/www.claret.cat\/es\/libro\/energies-i-relacions-per-creixer-cat-9788434240391\/","title":{"rendered":"ENERGIES I RELACIONS PER CR\u00c9IXER (CAT)"},"content":{"rendered":"<p>L&#8221;ecologia emocional ofereix un plantejament nou, creatiu i revolucionari en educaci\u00f3 emocional que treballa al mateix temps aspectes educatius emocionals i mediambientals, i que aposta per formar un nou model de persona: la persona emocionalment  ecol\u00f2gica.<br \/>L&#8221;ecologia emocional \u00e9s l&#8221;art de gestionar, de forma sostenible, el nostre m\u00f3n emocional de manera que la nostra energia afectiva ens serveixi per enriquir-nos, per augmentar la qualitat de les nostres relacions i per millorar el m\u00f3n en que vivim.<br \/>En aquest volum aprendrem a volar, a estimar-nos m\u00e9s i millar, a diferenciar entre protegir -nos i ser agressius, a descobrir la import\u00e0ncia  de saber mantenir la distancia adequada per no &#8216;punxar.-nos&#8217; i a preparar melmelada de bons moments, que ens ajudar\u00e0 en els moments dif\u00edcils. Tamb\u00e9 aprendrem a triar millar les companyies i a envoltar-nos  de persones que ens ajudin a cr\u00e9ixer amb harmonia i equilibri, en comptes de dificultar -nos el cam\u00ed.<br \/> Us apunteu a beure de fonts emocionals  netes, renovables i sostenibles?<\/p>\n","protected":false},"excerpt":{"rendered":"<p>CONANGLE, MARIA MERC\u00c8 \/ SOLER,JAUME<\/p>\n","protected":false},"featured_media":399654,"template":"","meta":{"_acf_changed":false,"om_disable_all_campaigns":false,"rs_blank_template":"","rs_page_bg_color":"","slide_template_v7":"","inline_featured_image":false,"_monsterinsights_skip_tracking":false,"_monsterinsights_sitenote_active":false,"_monsterinsights_sitenote_note":"","_monsterinsights_sitenote_category":0},"product_brand":[],"product_cat":[86,352],"product_tag":[],"class_list":{"0":"post-399653","1":"product","2":"type-product","3":"status-publish","4":"has-post-thumbnail","6":"product_cat-infantil","7":"product_cat-infantil-3_infantil-juvenil-spa","9":"first","10":"instock","11":"taxable","12":"shipping-taxable","13":"purchasable","14":"product-type-simple"},"acf":{"autor":"CONANGLE, MARIA MERC\u00c8 \/ SOLER,JAUME","codart":"843424039","libros-coleccion":"SUSHI BOOKS","ediciones":"1","encuadernacion":"Carton\u00e9","fecha_de_publicacion":"01\/09\/2013","novedad":"0","paginas":"62","subtitulo":"","orden":"999","portada":"0","idioma":"cat","editorial":[{"ID":6325,"post_author":"3","post_date":"2022-07-28 17:49:46","post_date_gmt":"2022-07-28 15:49:46","post_content":"","post_title":"Parram\u00f3n","post_excerpt":"","post_status":"publish","comment_status":"closed","ping_status":"closed","post_password":"","post_name":"parramon","to_ping":"","pinged":"","post_modified":"2022-07-28 17:49:46","post_modified_gmt":"2022-07-28 15:49:46","post_content_filtered":"","post_parent":0,"guid":"http:\/\/dev.claret.cat\/editorial\/parramon\/","menu_order":0,"post_type":"editorial","post_mime_type":"","comment_count":"0","filter":"raw"}],"autores-libros":[{"ID":158635,"post_author":"3","post_date":"2022-10-14 15:38:24","post_date_gmt":"2022-10-14 13:38:24","post_content":"","post_title":"JAUME SOLER","post_excerpt":"","post_status":"publish","comment_status":"closed","ping_status":"closed","post_password":"","post_name":"jaume-soler","to_ping":"","pinged":"","post_modified":"2022-10-14 15:38:24","post_modified_gmt":"2022-10-14 13:38:24","post_content_filtered":"","post_parent":0,"guid":"http:\/\/dev.claret.cat\/autor\/jaume-soler\/","menu_order":0,"post_type":"autor","post_mime_type":"","comment_count":"0","filter":"raw"},{"ID":376685,"post_author":"3","post_date":"2023-01-26 19:55:35","post_date_gmt":"2023-01-26 18:55:35","post_content":"","post_title":"MARIA MERC\u00c8 CONANGLE","post_excerpt":"","post_status":"publish","comment_status":"closed","ping_status":"closed","post_password":"","post_name":"maria-merce-conangle","to_ping":"","pinged":"","post_modified":"2023-01-26 19:55:35","post_modified_gmt":"2023-01-26 18:55:35","post_content_filtered":"","post_parent":0,"guid":"https:\/\/www.claret.cat\/autor\/maria-merce-conangle\/","menu_order":0,"post_type":"autor","post_mime_type":"","comment_count":"0","filter":"raw"}]},"aioseo_notices":[],"_links":{"self":[{"href":"https:\/\/www.claret.cat\/es\/wp-json\/wp\/v2\/product\/399653","targetHints":{"allow":["GET"]}}],"collection":[{"href":"https:\/\/www.claret.cat\/es\/wp-json\/wp\/v2\/product"}],"about":[{"href":"https:\/\/www.claret.cat\/es\/wp-json\/wp\/v2\/types\/product"}],"wp:featuredmedia":[{"embeddable":true,"href":"https:\/\/www.claret.cat\/es\/wp-json\/wp\/v2\/media\/399654"}],"wp:attachment":[{"href":"https:\/\/www.claret.cat\/es\/wp-json\/wp\/v2\/media?parent=399653"}],"wp:term":[{"taxonomy":"product_brand","embeddable":true,"href":"https:\/\/www.claret.cat\/es\/wp-json\/wp\/v2\/product_brand?post=399653"},{"taxonomy":"product_cat","embeddable":true,"href":"https:\/\/www.claret.cat\/es\/wp-json\/wp\/v2\/product_cat?post=399653"},{"taxonomy":"product_tag","embeddable":true,"href":"https:\/\/www.claret.cat\/es\/wp-json\/wp\/v2\/product_tag?post=399653"}],"curies":[{"name":"wp","href":"https:\/\/api.w.org\/{rel}","templated":true}]}}