{"id":399657,"date":"2023-02-27T03:45:32","date_gmt":"2023-02-27T02:45:32","guid":{"rendered":"https:\/\/www.claret.cat\/llibre\/un-passeig-per-la-barcelona-modernista-9788434308770\/"},"modified":"2023-02-27T03:45:37","modified_gmt":"2023-02-27T02:45:37","slug":"un-passeig-per-la-barcelona-modernista-9788434308770","status":"publish","type":"product","link":"https:\/\/www.claret.cat\/es\/libro\/un-passeig-per-la-barcelona-modernista-9788434308770\/","title":{"rendered":"UN PASSEIG PER LA BARCELONA MODERNISTA"},"content":{"rendered":"","protected":false},"excerpt":{"rendered":"<p>PERMANYER I LLAD\u00d3S, LLU\u00cdS<\/p>\n","protected":false},"featured_media":399658,"template":"","meta":{"_acf_changed":false,"om_disable_all_campaigns":false,"rs_blank_template":"","rs_page_bg_color":"","slide_template_v7":"","inline_featured_image":false,"_monsterinsights_skip_tracking":false,"_monsterinsights_sitenote_active":false,"_monsterinsights_sitenote_note":"","_monsterinsights_sitenote_category":0},"product_brand":[],"product_cat":[105,555],"product_tag":[],"class_list":{"0":"post-399657","1":"product","2":"type-product","3":"status-publish","4":"has-post-thumbnail","6":"product_cat-regal","7":"product_cat-regalo","9":"first","10":"instock","11":"taxable","12":"shipping-taxable","13":"purchasable","14":"product-type-simple"},"acf":{"autor":"PERMANYER I LLAD\u00d3S, LLU\u00cdS","codart":"843430877","libros-coleccion":"","ediciones":"1","encuadernacion":"Carton\u00e9","fecha_de_publicacion":"01\/05\/1999","novedad":"0","paginas":"160","subtitulo":"","orden":"999","portada":"0","idioma":"cat","editorial":[{"ID":262408,"post_author":"3","post_date":"2022-10-24 11:23:59","post_date_gmt":"2022-10-24 09:23:59","post_content":"","post_title":"POLIGRAFA, S.A.","post_excerpt":"","post_status":"publish","comment_status":"closed","ping_status":"closed","post_password":"","post_name":"poligrafa-s-a","to_ping":"","pinged":"","post_modified":"2022-10-24 11:23:59","post_modified_gmt":"2022-10-24 09:23:59","post_content_filtered":"","post_parent":0,"guid":"http:\/\/dev.claret.cat\/editorial\/poligrafa-s-a\/","menu_order":0,"post_type":"editorial","post_mime_type":"","comment_count":"0","filter":"raw"}],"autores-libros":[{"ID":399656,"post_author":"3","post_date":"2023-02-27 03:45:30","post_date_gmt":"2023-02-27 02:45:30","post_content":"","post_title":"LLU\u00cdS PERMANYER I LLAD\u00d3S","post_excerpt":"","post_status":"publish","comment_status":"closed","ping_status":"closed","post_password":"","post_name":"lluis-permanyer-i-llados","to_ping":"","pinged":"","post_modified":"2023-02-27 03:45:30","post_modified_gmt":"2023-02-27 02:45:30","post_content_filtered":"","post_parent":0,"guid":"https:\/\/www.claret.cat\/autor\/lluis-permanyer-i-llados\/","menu_order":0,"post_type":"autor","post_mime_type":"","comment_count":"0","filter":"raw"}]},"aioseo_notices":[],"_links":{"self":[{"href":"https:\/\/www.claret.cat\/es\/wp-json\/wp\/v2\/product\/399657","targetHints":{"allow":["GET"]}}],"collection":[{"href":"https:\/\/www.claret.cat\/es\/wp-json\/wp\/v2\/product"}],"about":[{"href":"https:\/\/www.claret.cat\/es\/wp-json\/wp\/v2\/types\/product"}],"wp:featuredmedia":[{"embeddable":true,"href":"https:\/\/www.claret.cat\/es\/wp-json\/wp\/v2\/media\/399658"}],"wp:attachment":[{"href":"https:\/\/www.claret.cat\/es\/wp-json\/wp\/v2\/media?parent=399657"}],"wp:term":[{"taxonomy":"product_brand","embeddable":true,"href":"https:\/\/www.claret.cat\/es\/wp-json\/wp\/v2\/product_brand?post=399657"},{"taxonomy":"product_cat","embeddable":true,"href":"https:\/\/www.claret.cat\/es\/wp-json\/wp\/v2\/product_cat?post=399657"},{"taxonomy":"product_tag","embeddable":true,"href":"https:\/\/www.claret.cat\/es\/wp-json\/wp\/v2\/product_tag?post=399657"}],"curies":[{"name":"wp","href":"https:\/\/api.w.org\/{rel}","templated":true}]}}