{"id":399663,"date":"2023-02-27T03:45:52","date_gmt":"2023-02-27T02:45:52","guid":{"rendered":"https:\/\/www.claret.cat\/llibre\/a-stroll-through-modernista-barcelona-eng-9788434308794\/"},"modified":"2023-02-27T03:45:57","modified_gmt":"2023-02-27T02:45:57","slug":"a-stroll-through-modernista-barcelona-eng-9788434308794","status":"publish","type":"product","link":"https:\/\/www.claret.cat\/es\/libro\/a-stroll-through-modernista-barcelona-eng-9788434308794\/","title":{"rendered":"A STROLL THROUGH MODERNISTA BARCELONA (ENG)"},"content":{"rendered":"","protected":false},"excerpt":{"rendered":"<p>PERMANYER I LLAD\u00d3S, LLU\u00cdS<\/p>\n","protected":false},"featured_media":399664,"template":"","meta":{"_acf_changed":false,"om_disable_all_campaigns":false,"rs_blank_template":"","rs_page_bg_color":"","slide_template_v7":"","inline_featured_image":false,"_monsterinsights_skip_tracking":false,"_monsterinsights_sitenote_active":false,"_monsterinsights_sitenote_note":"","_monsterinsights_sitenote_category":0},"product_brand":[],"product_cat":[109,559,105,555],"product_tag":[],"class_list":{"0":"post-399663","1":"product","2":"type-product","3":"status-publish","4":"has-post-thumbnail","6":"product_cat-angles","7":"product_cat-ingles","8":"product_cat-regal","9":"product_cat-regalo","11":"first","12":"instock","13":"taxable","14":"shipping-taxable","15":"purchasable","16":"product-type-simple"},"acf":{"autor":"PERMANYER I LLAD\u00d3S, LLU\u00cdS","codart":"843430879","libros-coleccion":"","ediciones":"1","encuadernacion":"Carton\u00e9","fecha_de_publicacion":"01\/05\/1999","novedad":"0","paginas":"160","subtitulo":"","orden":"999","portada":"0","idioma":"eng","editorial":[{"ID":262408,"post_author":"3","post_date":"2022-10-24 11:23:59","post_date_gmt":"2022-10-24 09:23:59","post_content":"","post_title":"POLIGRAFA, S.A.","post_excerpt":"","post_status":"publish","comment_status":"closed","ping_status":"closed","post_password":"","post_name":"poligrafa-s-a","to_ping":"","pinged":"","post_modified":"2022-10-24 11:23:59","post_modified_gmt":"2022-10-24 09:23:59","post_content_filtered":"","post_parent":0,"guid":"http:\/\/dev.claret.cat\/editorial\/poligrafa-s-a\/","menu_order":0,"post_type":"editorial","post_mime_type":"","comment_count":"0","filter":"raw"}],"autores-libros":[{"ID":399656,"post_author":"3","post_date":"2023-02-27 03:45:30","post_date_gmt":"2023-02-27 02:45:30","post_content":"","post_title":"LLU\u00cdS PERMANYER I LLAD\u00d3S","post_excerpt":"","post_status":"publish","comment_status":"closed","ping_status":"closed","post_password":"","post_name":"lluis-permanyer-i-llados","to_ping":"","pinged":"","post_modified":"2023-02-27 03:45:30","post_modified_gmt":"2023-02-27 02:45:30","post_content_filtered":"","post_parent":0,"guid":"https:\/\/www.claret.cat\/autor\/lluis-permanyer-i-llados\/","menu_order":0,"post_type":"autor","post_mime_type":"","comment_count":"0","filter":"raw"}]},"aioseo_notices":[],"_links":{"self":[{"href":"https:\/\/www.claret.cat\/es\/wp-json\/wp\/v2\/product\/399663","targetHints":{"allow":["GET"]}}],"collection":[{"href":"https:\/\/www.claret.cat\/es\/wp-json\/wp\/v2\/product"}],"about":[{"href":"https:\/\/www.claret.cat\/es\/wp-json\/wp\/v2\/types\/product"}],"wp:featuredmedia":[{"embeddable":true,"href":"https:\/\/www.claret.cat\/es\/wp-json\/wp\/v2\/media\/399664"}],"wp:attachment":[{"href":"https:\/\/www.claret.cat\/es\/wp-json\/wp\/v2\/media?parent=399663"}],"wp:term":[{"taxonomy":"product_brand","embeddable":true,"href":"https:\/\/www.claret.cat\/es\/wp-json\/wp\/v2\/product_brand?post=399663"},{"taxonomy":"product_cat","embeddable":true,"href":"https:\/\/www.claret.cat\/es\/wp-json\/wp\/v2\/product_cat?post=399663"},{"taxonomy":"product_tag","embeddable":true,"href":"https:\/\/www.claret.cat\/es\/wp-json\/wp\/v2\/product_tag?post=399663"}],"curies":[{"name":"wp","href":"https:\/\/api.w.org\/{rel}","templated":true}]}}