{"id":399696,"date":"2023-02-27T03:47:44","date_gmt":"2023-02-27T02:47:44","guid":{"rendered":"https:\/\/www.claret.cat\/llibre\/meditaciones-9788434422926\/"},"modified":"2023-02-27T03:47:50","modified_gmt":"2023-02-27T02:47:50","slug":"meditaciones-9788434422926","status":"publish","type":"product","link":"https:\/\/www.claret.cat\/es\/libro\/meditaciones-9788434422926\/","title":{"rendered":"MEDITACIONES"},"content":{"rendered":"<p>Una de las obras capitales del estoicismo romano. Las Meditaciones del emperador Marco Aurelio fueron compuestas durante los descansos de sus actividades pol\u00edticas y b\u00e9licas y ten\u00edan el prop\u00f3sito de recordarle las m\u00e1ximas fundamentales del estoicismo, de ayudarle a aplicar \u00e9stas en su vida diaria, para no desviarse de su objetivo fundamental: ser mejor persona. Est\u00e1n organizadas en doce libros que versan sobre temas de una importancia universal y atemporal, como la fugacidad del tiempo o la manera correcta de conducirse en la vida. Estas sabias reflexiones nos ense\u00f1an a aprender a vivir con humildad y protegernos de las agresiones del exterior, de los vaivenes de la fortuna y de los peligros de las pasiones.<\/p>\n","protected":false},"excerpt":{"rendered":"<p>MARCO AURELIO<\/p>\n","protected":false},"featured_media":399697,"template":"","meta":{"_acf_changed":false,"om_disable_all_campaigns":false,"rs_blank_template":"","rs_page_bg_color":"","slide_template_v7":"","inline_featured_image":false,"_monsterinsights_skip_tracking":false,"_monsterinsights_sitenote_active":false,"_monsterinsights_sitenote_note":"","_monsterinsights_sitenote_category":0},"product_brand":[],"product_cat":[83,349],"product_tag":[],"class_list":{"0":"post-399696","1":"product","2":"type-product","3":"status-publish","4":"has-post-thumbnail","6":"product_cat-filosofia","7":"product_cat-filosofia-2_humanidades","9":"first","10":"instock","11":"taxable","12":"shipping-taxable","13":"purchasable","14":"product-type-simple"},"acf":{"autor":"MARCO AURELIO","codart":"843442292","libros-coleccion":"SUSHI BOOKS","ediciones":"1","encuadernacion":"R\u00fastica","fecha_de_publicacion":"01\/03\/2016","novedad":"0","paginas":"152","subtitulo":"","orden":"0","portada":"0","idioma":"spa","editorial":[{"ID":6220,"post_author":"3","post_date":"2022-07-28 17:47:28","post_date_gmt":"2022-07-28 15:47:28","post_content":"","post_title":"Editorial Ariel","post_excerpt":"","post_status":"publish","comment_status":"closed","ping_status":"closed","post_password":"","post_name":"editorial-ariel","to_ping":"","pinged":"","post_modified":"2022-07-28 17:47:28","post_modified_gmt":"2022-07-28 15:47:28","post_content_filtered":"","post_parent":0,"guid":"http:\/\/dev.claret.cat\/editorial\/editorial-ariel\/","menu_order":0,"post_type":"editorial","post_mime_type":"","comment_count":"0","filter":"raw"}],"autores-libros":[{"ID":163405,"post_author":"3","post_date":"2022-10-14 17:38:46","post_date_gmt":"2022-10-14 15:38:46","post_content":"","post_title":"MARCO AURELIO","post_excerpt":"","post_status":"publish","comment_status":"closed","ping_status":"closed","post_password":"","post_name":"marco-aurelio-2","to_ping":"","pinged":"","post_modified":"2022-10-14 17:38:46","post_modified_gmt":"2022-10-14 15:38:46","post_content_filtered":"","post_parent":0,"guid":"http:\/\/dev.claret.cat\/autor\/marco-aurelio-2\/","menu_order":0,"post_type":"autor","post_mime_type":"","comment_count":"0","filter":"raw"}]},"aioseo_notices":[],"_links":{"self":[{"href":"https:\/\/www.claret.cat\/es\/wp-json\/wp\/v2\/product\/399696","targetHints":{"allow":["GET"]}}],"collection":[{"href":"https:\/\/www.claret.cat\/es\/wp-json\/wp\/v2\/product"}],"about":[{"href":"https:\/\/www.claret.cat\/es\/wp-json\/wp\/v2\/types\/product"}],"wp:featuredmedia":[{"embeddable":true,"href":"https:\/\/www.claret.cat\/es\/wp-json\/wp\/v2\/media\/399697"}],"wp:attachment":[{"href":"https:\/\/www.claret.cat\/es\/wp-json\/wp\/v2\/media?parent=399696"}],"wp:term":[{"taxonomy":"product_brand","embeddable":true,"href":"https:\/\/www.claret.cat\/es\/wp-json\/wp\/v2\/product_brand?post=399696"},{"taxonomy":"product_cat","embeddable":true,"href":"https:\/\/www.claret.cat\/es\/wp-json\/wp\/v2\/product_cat?post=399696"},{"taxonomy":"product_tag","embeddable":true,"href":"https:\/\/www.claret.cat\/es\/wp-json\/wp\/v2\/product_tag?post=399696"}],"curies":[{"name":"wp","href":"https:\/\/api.w.org\/{rel}","templated":true}]}}