{"id":399855,"date":"2023-02-27T03:56:12","date_gmt":"2023-02-27T02:56:12","guid":{"rendered":"https:\/\/www.claret.cat\/llibre\/los-lobos-del-centeno-9788435063371\/"},"modified":"2023-02-27T03:56:17","modified_gmt":"2023-02-27T02:56:17","slug":"los-lobos-del-centeno-9788435063371","status":"publish","type":"product","link":"https:\/\/www.claret.cat\/es\/libro\/los-lobos-del-centeno-9788435063371\/","title":{"rendered":"LOS LOBOS DEL CENTENO"},"content":{"rendered":"<p>Edici\u00f3n especial con ilustraciones.<br \/>La vida en el id\u00edlico y rec\u00f3ndito valle de una Galicia olvidada es tranquila, casi buc\u00f3lica. Son los albores del siglo pasado, atemporales, como m\u00edsticos&#8230; Pero, de repente, las leyendas cobran vida. Los delirios macabros de las noches de pesadilla han salido de entre los bosques camuflados en las mand\u00edbulas hediondas de una bestia sin coraz\u00f3n. Todo se descarna y se cubre de sangre, mal y muerte.<br \/>Entre el dolor y la desesperaci\u00f3n, un hombre el molinero del lugar, lucha por olvidar su atribulado pasado al tiempo que trata de guarecerse de tan inquieto presente.<br \/>Los lobos del centeno, que fue la primera novela de Francisco Narla, narra con precisi\u00f3n y colorismo las vidas de sus protagonistas, pero tambi\u00e9n la muerte, la brutalidad, el enga\u00f1o y la tristeza del alma. Con t\u00e9cnica propia del clasicismo costumbrista, saca a la luz los horrores velados que la tradici\u00f3n hubiese preferido dejar para excesos noct\u00e1mbulos de aguardiente. Una obra que, con sus luces y sombras narrativas, seduce al lector y nos vislumbra al gran escritor que vino para quedarse.<br \/>Si eres un amante de las leyendas y la novela hist\u00f3rica, no te la puedes perder.<\/p>\n","protected":false},"excerpt":{"rendered":"<p>NARLA, FRANCISCO<\/p>\n","protected":false},"featured_media":399856,"template":"","meta":{"_acf_changed":false,"om_disable_all_campaigns":false,"rs_blank_template":"","rs_page_bg_color":"","slide_template_v7":"","inline_featured_image":false,"_monsterinsights_skip_tracking":false,"_monsterinsights_sitenote_active":false,"_monsterinsights_sitenote_note":"","_monsterinsights_sitenote_category":0},"product_brand":[],"product_cat":[87,353],"product_tag":[],"class_list":{"0":"post-399855","1":"product","2":"type-product","3":"status-publish","4":"has-post-thumbnail","6":"product_cat-literatura","7":"product_cat-literatura-2_humanidades","9":"first","10":"instock","11":"taxable","12":"shipping-taxable","13":"purchasable","14":"product-type-simple"},"acf":{"autor":"NARLA, FRANCISCO","codart":"843506337","libros-coleccion":"Narrativas Hist\u00f3ricas","ediciones":"1","encuadernacion":"R\u00fastica","fecha_de_publicacion":"01\/06\/2019","novedad":"1","paginas":"252","subtitulo":"","orden":"0","portada":"0","idioma":"spa","editorial":[{"ID":147907,"post_author":"3","post_date":"2022-10-14 11:54:08","post_date_gmt":"2022-10-14 09:54:08","post_content":"","post_title":"Editora y Distribuidora Hispano American","post_excerpt":"","post_status":"publish","comment_status":"closed","ping_status":"closed","post_password":"","post_name":"editora-y-distribuidora-hispano-american","to_ping":"","pinged":"","post_modified":"2022-10-14 11:54:08","post_modified_gmt":"2022-10-14 09:54:08","post_content_filtered":"","post_parent":0,"guid":"http:\/\/dev.claret.cat\/editorial\/editora-y-distribuidora-hispano-american\/","menu_order":0,"post_type":"editorial","post_mime_type":"","comment_count":"0","filter":"raw"}],"autores-libros":[{"ID":156288,"post_author":"3","post_date":"2022-10-14 15:19:36","post_date_gmt":"2022-10-14 13:19:36","post_content":"","post_title":"FRANCISCO NARLA","post_excerpt":"","post_status":"publish","comment_status":"closed","ping_status":"closed","post_password":"","post_name":"francisco-narla","to_ping":"","pinged":"","post_modified":"2022-10-14 15:19:36","post_modified_gmt":"2022-10-14 13:19:36","post_content_filtered":"","post_parent":0,"guid":"http:\/\/dev.claret.cat\/autor\/francisco-narla\/","menu_order":0,"post_type":"autor","post_mime_type":"","comment_count":"0","filter":"raw"}]},"aioseo_notices":[],"_links":{"self":[{"href":"https:\/\/www.claret.cat\/es\/wp-json\/wp\/v2\/product\/399855","targetHints":{"allow":["GET"]}}],"collection":[{"href":"https:\/\/www.claret.cat\/es\/wp-json\/wp\/v2\/product"}],"about":[{"href":"https:\/\/www.claret.cat\/es\/wp-json\/wp\/v2\/types\/product"}],"wp:featuredmedia":[{"embeddable":true,"href":"https:\/\/www.claret.cat\/es\/wp-json\/wp\/v2\/media\/399856"}],"wp:attachment":[{"href":"https:\/\/www.claret.cat\/es\/wp-json\/wp\/v2\/media?parent=399855"}],"wp:term":[{"taxonomy":"product_brand","embeddable":true,"href":"https:\/\/www.claret.cat\/es\/wp-json\/wp\/v2\/product_brand?post=399855"},{"taxonomy":"product_cat","embeddable":true,"href":"https:\/\/www.claret.cat\/es\/wp-json\/wp\/v2\/product_cat?post=399855"},{"taxonomy":"product_tag","embeddable":true,"href":"https:\/\/www.claret.cat\/es\/wp-json\/wp\/v2\/product_tag?post=399855"}],"curies":[{"name":"wp","href":"https:\/\/api.w.org\/{rel}","templated":true}]}}