{"id":399903,"date":"2023-02-27T03:58:55","date_gmt":"2023-02-27T02:58:55","guid":{"rendered":"https:\/\/www.claret.cat\/llibre\/novelas-ejemplares-i-9788437602219\/"},"modified":"2023-02-27T03:59:01","modified_gmt":"2023-02-27T02:59:01","slug":"novelas-ejemplares-i-9788437602219","status":"publish","type":"product","link":"https:\/\/www.claret.cat\/es\/libro\/novelas-ejemplares-i-9788437602219\/","title":{"rendered":"NOVELAS EJEMPLARES, I"},"content":{"rendered":"<p>Las \u00abNovelas ejemplares\u00bb publicadas en 1613 constituyen, seg\u00fan indica <br \/> el mismo autor, el primer ejemplo de relato corto en la literatura castellana, de acuerdo con el significado en esa \u00e9poca de la palabra \u00abnovela\u00bb. Entre las 12 que componen la colecci\u00f3n se encuentran se\u00f1aladas diferencias; algunas est\u00e1n pr\u00f3ximas a modelos italianos, otras suponen una notable profundizaci\u00f3n tanto psicol\u00f3gica y social como estil\u00edstica, todas son peque\u00f1as obras maestras concebidas por el genio de Cervantes. La presente edici\u00f3n de Harry Sieber sigue fielmente la pr\u00edncipe de Juan de la Cuesta y corrige sus erratas.<\/p>\n","protected":false},"excerpt":{"rendered":"<p>CERVANTES, MIGUEL DE<\/p>\n","protected":false},"featured_media":399904,"template":"","meta":{"_acf_changed":false,"om_disable_all_campaigns":false,"rs_blank_template":"","rs_page_bg_color":"","slide_template_v7":"","inline_featured_image":false,"_monsterinsights_skip_tracking":false,"_monsterinsights_sitenote_active":false,"_monsterinsights_sitenote_note":"","_monsterinsights_sitenote_category":0},"product_brand":[],"product_cat":[87,353],"product_tag":[],"class_list":{"0":"post-399903","1":"product","2":"type-product","3":"status-publish","4":"has-post-thumbnail","6":"product_cat-literatura","7":"product_cat-literatura-2_humanidades","9":"first","10":"instock","11":"taxable","12":"shipping-taxable","13":"purchasable","14":"product-type-simple"},"acf":{"autor":"CERVANTES, MIGUEL DE","codart":"843760221","libros-coleccion":"BOLSILLO","ediciones":"1","encuadernacion":"R\u00fastica","fecha_de_publicacion":"01\/03\/2004","novedad":"0","paginas":"306","subtitulo":"","orden":"999","portada":"0","idioma":"spa","editorial":[{"ID":147789,"post_author":"3","post_date":"2022-10-14 11:53:14","post_date_gmt":"2022-10-14 09:53:14","post_content":"","post_title":"EDICIONES CATEDRA","post_excerpt":"","post_status":"publish","comment_status":"closed","ping_status":"closed","post_password":"","post_name":"ediciones-catedra","to_ping":"","pinged":"","post_modified":"2022-10-14 11:53:14","post_modified_gmt":"2022-10-14 09:53:14","post_content_filtered":"","post_parent":0,"guid":"http:\/\/dev.claret.cat\/editorial\/ediciones-catedra\/","menu_order":0,"post_type":"editorial","post_mime_type":"","comment_count":"0","filter":"raw"}],"autores-libros":[{"ID":348309,"post_author":"3","post_date":"2023-01-14 04:09:04","post_date_gmt":"2023-01-14 03:09:04","post_content":"","post_title":"MIGUEL DE CERVANTES SAAVEDRA","post_excerpt":"","post_status":"publish","comment_status":"closed","ping_status":"closed","post_password":"","post_name":"miguel-de-cervantes-saavedra","to_ping":"","pinged":"","post_modified":"2023-01-14 04:09:04","post_modified_gmt":"2023-01-14 03:09:04","post_content_filtered":"","post_parent":0,"guid":"https:\/\/www.claret.cat\/autor\/miguel-de-cervantes-saavedra\/","menu_order":0,"post_type":"autor","post_mime_type":"","comment_count":"0","filter":"raw"}]},"aioseo_notices":[],"_links":{"self":[{"href":"https:\/\/www.claret.cat\/es\/wp-json\/wp\/v2\/product\/399903","targetHints":{"allow":["GET"]}}],"collection":[{"href":"https:\/\/www.claret.cat\/es\/wp-json\/wp\/v2\/product"}],"about":[{"href":"https:\/\/www.claret.cat\/es\/wp-json\/wp\/v2\/types\/product"}],"wp:featuredmedia":[{"embeddable":true,"href":"https:\/\/www.claret.cat\/es\/wp-json\/wp\/v2\/media\/399904"}],"wp:attachment":[{"href":"https:\/\/www.claret.cat\/es\/wp-json\/wp\/v2\/media?parent=399903"}],"wp:term":[{"taxonomy":"product_brand","embeddable":true,"href":"https:\/\/www.claret.cat\/es\/wp-json\/wp\/v2\/product_brand?post=399903"},{"taxonomy":"product_cat","embeddable":true,"href":"https:\/\/www.claret.cat\/es\/wp-json\/wp\/v2\/product_cat?post=399903"},{"taxonomy":"product_tag","embeddable":true,"href":"https:\/\/www.claret.cat\/es\/wp-json\/wp\/v2\/product_tag?post=399903"}],"curies":[{"name":"wp","href":"https:\/\/api.w.org\/{rel}","templated":true}]}}