{"id":399927,"date":"2023-02-27T04:00:11","date_gmt":"2023-02-27T03:00:11","guid":{"rendered":"https:\/\/www.claret.cat\/llibre\/celestina-la-9788437607009\/"},"modified":"2023-02-27T04:00:17","modified_gmt":"2023-02-27T03:00:17","slug":"celestina-la-9788437607009","status":"publish","type":"product","link":"https:\/\/www.claret.cat\/es\/libro\/celestina-la-9788437607009\/","title":{"rendered":"CELESTINA, LA"},"content":{"rendered":"<p>&#8216;La Celestina&#8217; constituye todav\u00eda para la cr\u00edtica literaria una obra abierta a problemas sin resolver, objeto de opiniones irreconciliablemente divididas. El modo tradicional de acercamiento a &#8216;La Celestina&#8217; ha sido generalmente el del estudio de sus personajes. Esta nueva edici\u00f3n pretende ahondar en cuestiones m\u00e1s espinosas y poco seriamente consideradas, como son el autor, la intenci\u00f3n y el g\u00e9nero, haciendo hincapi\u00e9 en ese indudable lado c\u00f3mico de la obra, frecuentemente olvidado por la cr\u00edtica moderna, que ha preferido dar m\u00e1s importancia a su aspecto tr\u00e1gico.<\/p>\n","protected":false},"excerpt":{"rendered":"<p>ROJAS, FERNANDO DE<\/p>\n","protected":false},"featured_media":399928,"template":"","meta":{"_acf_changed":false,"om_disable_all_campaigns":false,"rs_blank_template":"","rs_page_bg_color":"","slide_template_v7":"","inline_featured_image":false,"_monsterinsights_skip_tracking":false,"_monsterinsights_sitenote_active":false,"_monsterinsights_sitenote_note":"","_monsterinsights_sitenote_category":0},"product_brand":[],"product_cat":[87,353],"product_tag":[],"class_list":{"0":"post-399927","1":"product","2":"type-product","3":"status-publish","4":"has-post-thumbnail","6":"product_cat-literatura","7":"product_cat-literatura-2_humanidades","9":"first","10":"instock","11":"taxable","12":"shipping-taxable","13":"purchasable","14":"product-type-simple"},"acf":{"autor":"ROJAS, FERNANDO DE","codart":"843760700","libros-coleccion":"BOLSILLO","ediciones":"2","encuadernacion":"R\u00fastica","fecha_de_publicacion":"01\/09\/1988","novedad":"0","paginas":"356","subtitulo":"","orden":"999","portada":"0","idioma":"spa","editorial":[{"ID":261892,"post_author":"3","post_date":"2022-10-24 11:17:13","post_date_gmt":"2022-10-24 09:17:13","post_content":"","post_title":"CATEDRA-EL ARQUERO, EDICIONES","post_excerpt":"","post_status":"publish","comment_status":"closed","ping_status":"closed","post_password":"","post_name":"catedra-el-arquero-ediciones","to_ping":"","pinged":"","post_modified":"2022-10-24 11:17:13","post_modified_gmt":"2022-10-24 09:17:13","post_content_filtered":"","post_parent":0,"guid":"http:\/\/dev.claret.cat\/editorial\/catedra-el-arquero-ediciones\/","menu_order":0,"post_type":"editorial","post_mime_type":"","comment_count":"0","filter":"raw"}],"autores-libros":[{"ID":155811,"post_author":"3","post_date":"2022-10-14 15:15:49","post_date_gmt":"2022-10-14 13:15:49","post_content":"","post_title":"FERNANDO DE ROJAS","post_excerpt":"","post_status":"publish","comment_status":"closed","ping_status":"closed","post_password":"","post_name":"fernando-de-rojas","to_ping":"","pinged":"","post_modified":"2022-10-14 15:15:49","post_modified_gmt":"2022-10-14 13:15:49","post_content_filtered":"","post_parent":0,"guid":"http:\/\/dev.claret.cat\/autor\/fernando-de-rojas\/","menu_order":0,"post_type":"autor","post_mime_type":"","comment_count":"0","filter":"raw"}]},"aioseo_notices":[],"_links":{"self":[{"href":"https:\/\/www.claret.cat\/es\/wp-json\/wp\/v2\/product\/399927","targetHints":{"allow":["GET"]}}],"collection":[{"href":"https:\/\/www.claret.cat\/es\/wp-json\/wp\/v2\/product"}],"about":[{"href":"https:\/\/www.claret.cat\/es\/wp-json\/wp\/v2\/types\/product"}],"wp:featuredmedia":[{"embeddable":true,"href":"https:\/\/www.claret.cat\/es\/wp-json\/wp\/v2\/media\/399928"}],"wp:attachment":[{"href":"https:\/\/www.claret.cat\/es\/wp-json\/wp\/v2\/media?parent=399927"}],"wp:term":[{"taxonomy":"product_brand","embeddable":true,"href":"https:\/\/www.claret.cat\/es\/wp-json\/wp\/v2\/product_brand?post=399927"},{"taxonomy":"product_cat","embeddable":true,"href":"https:\/\/www.claret.cat\/es\/wp-json\/wp\/v2\/product_cat?post=399927"},{"taxonomy":"product_tag","embeddable":true,"href":"https:\/\/www.claret.cat\/es\/wp-json\/wp\/v2\/product_tag?post=399927"}],"curies":[{"name":"wp","href":"https:\/\/api.w.org\/{rel}","templated":true}]}}