{"id":399955,"date":"2023-02-27T04:01:45","date_gmt":"2023-02-27T03:01:45","guid":{"rendered":"https:\/\/www.claret.cat\/llibre\/la-celestina-9788437621593\/"},"modified":"2023-02-27T04:01:53","modified_gmt":"2023-02-27T03:01:53","slug":"la-celestina-9788437621593","status":"publish","type":"product","link":"https:\/\/www.claret.cat\/es\/libro\/la-celestina-9788437621593\/","title":{"rendered":"LA CELESTINA"},"content":{"rendered":"<p>&quot; La Celestina &quot;  es, ante todo, un texto sorprendente y original, que ha suscitado gran variedad de interpretaciones. Todo  en ella plantea problemas: autor, dataci\u00f3n, t\u00edtulo, g\u00e9nero, significaci\u00f3n, intenci\u00f3n. Claves significativas que se nos escapan por su ambig\u00fcedad. Esta edici\u00f3n, destinada al lector joven, se ha permitido ciertas  &quot; licencias &quot; : aunque se han omitido ciertas partes, se ha procurado que estas supresiones no alteren la continuidad y coherencia textuales. La peculiaridad de la obra y el ingenio de su autor permanecen \u00edntegros.<\/p>\n","protected":false},"excerpt":{"rendered":"<p>ROJAS, FERNANDO DE<\/p>\n","protected":false},"featured_media":399956,"template":"","meta":{"_acf_changed":false,"om_disable_all_campaigns":false,"rs_blank_template":"","rs_page_bg_color":"","slide_template_v7":"","inline_featured_image":false,"_monsterinsights_skip_tracking":false,"_monsterinsights_sitenote_active":false,"_monsterinsights_sitenote_note":"","_monsterinsights_sitenote_category":0},"product_brand":[],"product_cat":[87,353],"product_tag":[],"class_list":{"0":"post-399955","1":"product","2":"type-product","3":"status-publish","4":"has-post-thumbnail","6":"product_cat-literatura","7":"product_cat-literatura-2_humanidades","9":"first","10":"instock","11":"taxable","12":"shipping-taxable","13":"purchasable","14":"product-type-simple"},"acf":{"autor":"ROJAS, FERNANDO DE","codart":"843762159","libros-coleccion":"FORA DE COL.LECCI\u00d3","ediciones":"1","encuadernacion":"R\u00fastica","fecha_de_publicacion":"01\/09\/2004","novedad":"1","paginas":"216","subtitulo":"","orden":"0","portada":"0","idioma":"spa","editorial":[{"ID":147789,"post_author":"3","post_date":"2022-10-14 11:53:14","post_date_gmt":"2022-10-14 09:53:14","post_content":"","post_title":"EDICIONES CATEDRA","post_excerpt":"","post_status":"publish","comment_status":"closed","ping_status":"closed","post_password":"","post_name":"ediciones-catedra","to_ping":"","pinged":"","post_modified":"2022-10-14 11:53:14","post_modified_gmt":"2022-10-14 09:53:14","post_content_filtered":"","post_parent":0,"guid":"http:\/\/dev.claret.cat\/editorial\/ediciones-catedra\/","menu_order":0,"post_type":"editorial","post_mime_type":"","comment_count":"0","filter":"raw"}],"autores-libros":[{"ID":155811,"post_author":"3","post_date":"2022-10-14 15:15:49","post_date_gmt":"2022-10-14 13:15:49","post_content":"","post_title":"FERNANDO DE ROJAS","post_excerpt":"","post_status":"publish","comment_status":"closed","ping_status":"closed","post_password":"","post_name":"fernando-de-rojas","to_ping":"","pinged":"","post_modified":"2022-10-14 15:15:49","post_modified_gmt":"2022-10-14 13:15:49","post_content_filtered":"","post_parent":0,"guid":"http:\/\/dev.claret.cat\/autor\/fernando-de-rojas\/","menu_order":0,"post_type":"autor","post_mime_type":"","comment_count":"0","filter":"raw"}]},"aioseo_notices":[],"_links":{"self":[{"href":"https:\/\/www.claret.cat\/es\/wp-json\/wp\/v2\/product\/399955","targetHints":{"allow":["GET"]}}],"collection":[{"href":"https:\/\/www.claret.cat\/es\/wp-json\/wp\/v2\/product"}],"about":[{"href":"https:\/\/www.claret.cat\/es\/wp-json\/wp\/v2\/types\/product"}],"wp:featuredmedia":[{"embeddable":true,"href":"https:\/\/www.claret.cat\/es\/wp-json\/wp\/v2\/media\/399956"}],"wp:attachment":[{"href":"https:\/\/www.claret.cat\/es\/wp-json\/wp\/v2\/media?parent=399955"}],"wp:term":[{"taxonomy":"product_brand","embeddable":true,"href":"https:\/\/www.claret.cat\/es\/wp-json\/wp\/v2\/product_brand?post=399955"},{"taxonomy":"product_cat","embeddable":true,"href":"https:\/\/www.claret.cat\/es\/wp-json\/wp\/v2\/product_cat?post=399955"},{"taxonomy":"product_tag","embeddable":true,"href":"https:\/\/www.claret.cat\/es\/wp-json\/wp\/v2\/product_tag?post=399955"}],"curies":[{"name":"wp","href":"https:\/\/api.w.org\/{rel}","templated":true}]}}