{"id":399958,"date":"2023-02-27T04:01:57","date_gmt":"2023-02-27T03:01:57","guid":{"rendered":"https:\/\/www.claret.cat\/llibre\/don-quijote-de-la-mancha-seleccion-9788437622095\/"},"modified":"2023-02-27T04:02:04","modified_gmt":"2023-02-27T03:02:04","slug":"don-quijote-de-la-mancha-seleccion-9788437622095","status":"publish","type":"product","link":"https:\/\/www.claret.cat\/es\/libro\/don-quijote-de-la-mancha-seleccion-9788437622095\/","title":{"rendered":"DON QUIJOTE DE LA MANCHA (SELECCI\u00d3N)"},"content":{"rendered":"<p>Estamos hechos de imaginaci\u00f3n y de palabras. La literatura consiste precisamente en las historias que los seres humanos se vienen contando unos a otros desde siempre, historias que alimentan la imaginaci\u00f3n y nos ense\u00f1an las palabras con las que somos capaces de imaginarnos el mundo, entendernos y hablar. La historia de don Quijote es la imagen m\u00e1s completa y m\u00e1s rica, porque en ella est\u00e1n representadas todas las historias y todos los personajes de su tiempo. Es la de don Quijote la historia de una locura, de una amistad y de un viaje, un recorrido extraordinario por la Espa\u00f1a de entre 1605 y 1615, un mundo muy diferente del nuestro en el que, sin embargo, podemos reconocernos.<\/p>\n","protected":false},"excerpt":{"rendered":"<p>CERVANTES, MIGUEL DE<\/p>\n","protected":false},"featured_media":399959,"template":"","meta":{"_acf_changed":false,"om_disable_all_campaigns":false,"rs_blank_template":"","rs_page_bg_color":"","slide_template_v7":"","inline_featured_image":false,"_monsterinsights_skip_tracking":false,"_monsterinsights_sitenote_active":false,"_monsterinsights_sitenote_note":"","_monsterinsights_sitenote_category":0},"product_brand":[],"product_cat":[87,353],"product_tag":[],"class_list":{"0":"post-399958","1":"product","2":"type-product","3":"status-publish","4":"has-post-thumbnail","6":"product_cat-literatura","7":"product_cat-literatura-2_humanidades","9":"first","10":"instock","11":"taxable","12":"shipping-taxable","13":"purchasable","14":"product-type-simple"},"acf":{"autor":"CERVANTES, MIGUEL DE","codart":"843762209","libros-coleccion":"FORA DE COL.LECCI\u00d3","ediciones":"1","encuadernacion":"R\u00fastica","fecha_de_publicacion":"01\/01\/2005","novedad":"1","paginas":"398","subtitulo":"","orden":"0","portada":"0","idioma":"spa","editorial":[{"ID":147789,"post_author":"3","post_date":"2022-10-14 11:53:14","post_date_gmt":"2022-10-14 09:53:14","post_content":"","post_title":"EDICIONES CATEDRA","post_excerpt":"","post_status":"publish","comment_status":"closed","ping_status":"closed","post_password":"","post_name":"ediciones-catedra","to_ping":"","pinged":"","post_modified":"2022-10-14 11:53:14","post_modified_gmt":"2022-10-14 09:53:14","post_content_filtered":"","post_parent":0,"guid":"http:\/\/dev.claret.cat\/editorial\/ediciones-catedra\/","menu_order":0,"post_type":"editorial","post_mime_type":"","comment_count":"0","filter":"raw"}],"autores-libros":[{"ID":164978,"post_author":"3","post_date":"2022-10-14 17:51:25","post_date_gmt":"2022-10-14 15:51:25","post_content":"","post_title":"MIGUEL DE CERVANTES","post_excerpt":"","post_status":"publish","comment_status":"closed","ping_status":"closed","post_password":"","post_name":"miguel-de-cervantes","to_ping":"","pinged":"","post_modified":"2022-10-14 17:51:25","post_modified_gmt":"2022-10-14 15:51:25","post_content_filtered":"","post_parent":0,"guid":"http:\/\/dev.claret.cat\/autor\/miguel-de-cervantes\/","menu_order":0,"post_type":"autor","post_mime_type":"","comment_count":"0","filter":"raw"}]},"aioseo_notices":[],"_links":{"self":[{"href":"https:\/\/www.claret.cat\/es\/wp-json\/wp\/v2\/product\/399958","targetHints":{"allow":["GET"]}}],"collection":[{"href":"https:\/\/www.claret.cat\/es\/wp-json\/wp\/v2\/product"}],"about":[{"href":"https:\/\/www.claret.cat\/es\/wp-json\/wp\/v2\/types\/product"}],"wp:featuredmedia":[{"embeddable":true,"href":"https:\/\/www.claret.cat\/es\/wp-json\/wp\/v2\/media\/399959"}],"wp:attachment":[{"href":"https:\/\/www.claret.cat\/es\/wp-json\/wp\/v2\/media?parent=399958"}],"wp:term":[{"taxonomy":"product_brand","embeddable":true,"href":"https:\/\/www.claret.cat\/es\/wp-json\/wp\/v2\/product_brand?post=399958"},{"taxonomy":"product_cat","embeddable":true,"href":"https:\/\/www.claret.cat\/es\/wp-json\/wp\/v2\/product_cat?post=399958"},{"taxonomy":"product_tag","embeddable":true,"href":"https:\/\/www.claret.cat\/es\/wp-json\/wp\/v2\/product_tag?post=399958"}],"curies":[{"name":"wp","href":"https:\/\/api.w.org\/{rel}","templated":true}]}}