{"id":399961,"date":"2023-02-27T04:02:09","date_gmt":"2023-02-27T03:02:09","guid":{"rendered":"https:\/\/www.claret.cat\/llibre\/don-quijote-de-la-mancha-i-9788437622149\/"},"modified":"2023-02-27T04:02:16","modified_gmt":"2023-02-27T03:02:16","slug":"don-quijote-de-la-mancha-i-9788437622149","status":"publish","type":"product","link":"https:\/\/www.claret.cat\/es\/libro\/don-quijote-de-la-mancha-i-9788437622149\/","title":{"rendered":"DON QUIJOTE DE LA MANCHA, I"},"content":{"rendered":"<p>Hace m\u00e1s de un cuarto de siglo que Ediciones C\u00e1tedra public\u00f3 por primera vez una edici\u00f3n del  &quot; Quijote &quot;  en la colecci\u00f3n Letras Hisp\u00e1nicas, a cargo del profesor John Jay Allen. En 1986, el profesor Allen modific\u00f3 en parte la introducci\u00f3n a la luz de algunos estudios que hab\u00edan ido apareciendo despu\u00e9s de la primera edici\u00f3n. Posteriormente el texto tambi\u00e9n fue revisado teniendo en cuenta las nuevas lecturas y enmiendas que la cr\u00edtica erudita y los investigadores han ido incorporando durante los \u00faltimos a\u00f1os. Coincidiendo con el cuarto centenario de la publicaci\u00f3n del  &quot; Quijote &quot; , Ediciones C\u00e1tedra, y una vez m\u00e1s al cuidado del profesor Allen, ofrece una edici\u00f3n renovada y puesta al d\u00eda de la obra maestra de Cervantes.<\/p>\n","protected":false},"excerpt":{"rendered":"<p>CERVANTES, MIGUEL DE<\/p>\n","protected":false},"featured_media":399962,"template":"","meta":{"_acf_changed":false,"om_disable_all_campaigns":false,"rs_blank_template":"","rs_page_bg_color":"","slide_template_v7":"","inline_featured_image":false,"_monsterinsights_skip_tracking":false,"_monsterinsights_sitenote_active":false,"_monsterinsights_sitenote_note":"","_monsterinsights_sitenote_category":0},"product_brand":[],"product_cat":[87,353],"product_tag":[],"class_list":{"0":"post-399961","1":"product","2":"type-product","3":"status-publish","4":"has-post-thumbnail","6":"product_cat-literatura","7":"product_cat-literatura-2_humanidades","9":"first","10":"instock","11":"taxable","12":"shipping-taxable","13":"purchasable","14":"product-type-simple"},"acf":{"autor":"CERVANTES, MIGUEL DE","codart":"843762214","libros-coleccion":"LETRAS HISPANICAS","ediciones":"1","encuadernacion":"R\u00fastica","fecha_de_publicacion":"01\/03\/2004","novedad":"1","paginas":"679","subtitulo":"","orden":"0","portada":"0","idioma":"spa","editorial":[{"ID":147789,"post_author":"3","post_date":"2022-10-14 11:53:14","post_date_gmt":"2022-10-14 09:53:14","post_content":"","post_title":"EDICIONES CATEDRA","post_excerpt":"","post_status":"publish","comment_status":"closed","ping_status":"closed","post_password":"","post_name":"ediciones-catedra","to_ping":"","pinged":"","post_modified":"2022-10-14 11:53:14","post_modified_gmt":"2022-10-14 09:53:14","post_content_filtered":"","post_parent":0,"guid":"http:\/\/dev.claret.cat\/editorial\/ediciones-catedra\/","menu_order":0,"post_type":"editorial","post_mime_type":"","comment_count":"0","filter":"raw"}],"autores-libros":[{"ID":164978,"post_author":"3","post_date":"2022-10-14 17:51:25","post_date_gmt":"2022-10-14 15:51:25","post_content":"","post_title":"MIGUEL DE CERVANTES","post_excerpt":"","post_status":"publish","comment_status":"closed","ping_status":"closed","post_password":"","post_name":"miguel-de-cervantes","to_ping":"","pinged":"","post_modified":"2022-10-14 17:51:25","post_modified_gmt":"2022-10-14 15:51:25","post_content_filtered":"","post_parent":0,"guid":"http:\/\/dev.claret.cat\/autor\/miguel-de-cervantes\/","menu_order":0,"post_type":"autor","post_mime_type":"","comment_count":"0","filter":"raw"}]},"aioseo_notices":[],"_links":{"self":[{"href":"https:\/\/www.claret.cat\/es\/wp-json\/wp\/v2\/product\/399961","targetHints":{"allow":["GET"]}}],"collection":[{"href":"https:\/\/www.claret.cat\/es\/wp-json\/wp\/v2\/product"}],"about":[{"href":"https:\/\/www.claret.cat\/es\/wp-json\/wp\/v2\/types\/product"}],"wp:featuredmedia":[{"embeddable":true,"href":"https:\/\/www.claret.cat\/es\/wp-json\/wp\/v2\/media\/399962"}],"wp:attachment":[{"href":"https:\/\/www.claret.cat\/es\/wp-json\/wp\/v2\/media?parent=399961"}],"wp:term":[{"taxonomy":"product_brand","embeddable":true,"href":"https:\/\/www.claret.cat\/es\/wp-json\/wp\/v2\/product_brand?post=399961"},{"taxonomy":"product_cat","embeddable":true,"href":"https:\/\/www.claret.cat\/es\/wp-json\/wp\/v2\/product_cat?post=399961"},{"taxonomy":"product_tag","embeddable":true,"href":"https:\/\/www.claret.cat\/es\/wp-json\/wp\/v2\/product_tag?post=399961"}],"curies":[{"name":"wp","href":"https:\/\/api.w.org\/{rel}","templated":true}]}}