{"id":399967,"date":"2023-02-27T04:02:32","date_gmt":"2023-02-27T03:02:32","guid":{"rendered":"https:\/\/www.claret.cat\/llibre\/la-casa-de-bernarda-alba-9788437622453\/"},"modified":"2023-02-27T04:02:39","modified_gmt":"2023-02-27T03:02:39","slug":"la-casa-de-bernarda-alba-9788437622453","status":"publish","type":"product","link":"https:\/\/www.claret.cat\/es\/libro\/la-casa-de-bernarda-alba-9788437622453\/","title":{"rendered":"LA CASA DE BERNARDA ALBA"},"content":{"rendered":"<p>&#8216;La casa de Bernarda Alba&#8217; constituye un exponente m\u00e1s de la capacidad de Federico Garc\u00eda Lorca para aunar la tradici\u00f3n y la vanguardia por medio de un teatro simb\u00f3lico de \u00edndole muy personal que le sit\u00faa entre los valores m\u00e1s destacados del canon internacional. El autor granadino contin\u00faa en el camino de la experimentaci\u00f3n con temas, personajes y g\u00e9neros de la tradici\u00f3n teatral, a los que presenta desde inusitadas perspectivas y filtra por el tamiz de unas modernas t\u00e9cnicas expresivas deudoras de las m\u00e1s renovadoras vanguardias del momento, junto con una profundizaci\u00f3n en las posibilidades connotativas de los s\u00edmbolos. Esta nueva edici\u00f3n se basa en el aut\u00f3grafo conservado en la Fundaci\u00f3n Federico Garc\u00eda Lorca.<\/p>\n","protected":false},"excerpt":{"rendered":"<p>GARC\u00cdA LORCA, FEDERICO<\/p>\n","protected":false},"featured_media":399968,"template":"","meta":{"_acf_changed":false,"om_disable_all_campaigns":false,"rs_blank_template":"","rs_page_bg_color":"","slide_template_v7":"","inline_featured_image":false,"_monsterinsights_skip_tracking":false,"_monsterinsights_sitenote_active":false,"_monsterinsights_sitenote_note":"","_monsterinsights_sitenote_category":0},"product_brand":[],"product_cat":[87,353],"product_tag":[],"class_list":{"0":"post-399967","1":"product","2":"type-product","3":"status-publish","4":"has-post-thumbnail","6":"product_cat-literatura","7":"product_cat-literatura-2_humanidades","9":"first","10":"instock","11":"taxable","12":"shipping-taxable","13":"purchasable","14":"product-type-simple"},"acf":{"autor":"GARC\u00cdA LORCA, FEDERICO","codart":"843762245","libros-coleccion":"","ediciones":"2","encuadernacion":"R\u00fastica","fecha_de_publicacion":"31\/12\/2006","novedad":"0","paginas":"280","subtitulo":"","orden":"999","portada":"0","idioma":"spa","editorial":[{"ID":261892,"post_author":"3","post_date":"2022-10-24 11:17:13","post_date_gmt":"2022-10-24 09:17:13","post_content":"","post_title":"CATEDRA-EL ARQUERO, EDICIONES","post_excerpt":"","post_status":"publish","comment_status":"closed","ping_status":"closed","post_password":"","post_name":"catedra-el-arquero-ediciones","to_ping":"","pinged":"","post_modified":"2022-10-24 11:17:13","post_modified_gmt":"2022-10-24 09:17:13","post_content_filtered":"","post_parent":0,"guid":"http:\/\/dev.claret.cat\/editorial\/catedra-el-arquero-ediciones\/","menu_order":0,"post_type":"editorial","post_mime_type":"","comment_count":"0","filter":"raw"}],"autores-libros":[{"ID":155689,"post_author":"3","post_date":"2022-10-14 15:14:50","post_date_gmt":"2022-10-14 13:14:50","post_content":"","post_title":"FEDERICO GARC\u00cdA LORCA","post_excerpt":"","post_status":"publish","comment_status":"closed","ping_status":"closed","post_password":"","post_name":"federico-garcia-lorca","to_ping":"","pinged":"","post_modified":"2022-10-14 15:14:50","post_modified_gmt":"2022-10-14 13:14:50","post_content_filtered":"","post_parent":0,"guid":"http:\/\/dev.claret.cat\/autor\/federico-garcia-lorca\/","menu_order":0,"post_type":"autor","post_mime_type":"","comment_count":"0","filter":"raw"}]},"aioseo_notices":[],"_links":{"self":[{"href":"https:\/\/www.claret.cat\/es\/wp-json\/wp\/v2\/product\/399967","targetHints":{"allow":["GET"]}}],"collection":[{"href":"https:\/\/www.claret.cat\/es\/wp-json\/wp\/v2\/product"}],"about":[{"href":"https:\/\/www.claret.cat\/es\/wp-json\/wp\/v2\/types\/product"}],"wp:featuredmedia":[{"embeddable":true,"href":"https:\/\/www.claret.cat\/es\/wp-json\/wp\/v2\/media\/399968"}],"wp:attachment":[{"href":"https:\/\/www.claret.cat\/es\/wp-json\/wp\/v2\/media?parent=399967"}],"wp:term":[{"taxonomy":"product_brand","embeddable":true,"href":"https:\/\/www.claret.cat\/es\/wp-json\/wp\/v2\/product_brand?post=399967"},{"taxonomy":"product_cat","embeddable":true,"href":"https:\/\/www.claret.cat\/es\/wp-json\/wp\/v2\/product_cat?post=399967"},{"taxonomy":"product_tag","embeddable":true,"href":"https:\/\/www.claret.cat\/es\/wp-json\/wp\/v2\/product_tag?post=399967"}],"curies":[{"name":"wp","href":"https:\/\/api.w.org\/{rel}","templated":true}]}}