{"id":400020,"date":"2023-02-27T04:05:40","date_gmt":"2023-02-27T03:05:40","guid":{"rendered":"https:\/\/www.claret.cat\/llibre\/el-punto-ciego-9788439731177\/"},"modified":"2023-02-27T04:05:46","modified_gmt":"2023-02-27T03:05:46","slug":"el-punto-ciego-9788439731177","status":"publish","type":"product","link":"https:\/\/www.claret.cat\/es\/libro\/el-punto-ciego-9788439731177\/","title":{"rendered":"EL PUNTO CIEGO"},"content":{"rendered":"<p>Un extraordinario ensayo sobre literatura.En 2015 Javier Cercas ocup\u00f3 en la Universidad de Oxford la c\u00e1tedra  Weidenfeld de Literatura Europea Comparada, honor en el que le hab\u00edan  precedido figuras como George Steiner, Mario Vargas Llosa o Umberto Eco;  bas\u00e1ndose en las conferencias all\u00ed impartidas, Cercas  ha escrito un  libro que posee la coherencia estructural y la voluntad estil\u00edstica de una novela.En \u00e9l realiza una triple y complementaria operaci\u00f3n:<br \/>* En primer lugar formula una original\u00edsima teor\u00eda de la novela surgida de su propia experiencia de escritor y de la relectura de algunas obras fundamentales, del Quijote para ac\u00e1.<br \/>* En segundo lugar  define y vindica algunos rasgos de la novela del siglo XXI, que son algunos rasgos de la mejor novela de siempre:  su iron\u00eda y ambig\u00fcedad esenciales, su innegociable deber de innovaci\u00f3n,  su naturaleza gozosamente omn\u00edvora, sus intrincadas relaciones con lo ficticio y lo real.<br \/>* En tercer lugar reflexiona sobre el sentido actual de la  novela, del novelista y de la incierta y desprestigiada figura del intelectual.El resultado es un libro clave para entender la narrativa de nuestro  tiempo; tambi\u00e9n un libro en el que se aboga por una superaci\u00f3n  de la  posmodernidad por la v\u00eda de reclamar de nuevo para la narrativa, sin  falsas pretensiones pero sin complejos, la radicalidad y la ambici\u00f3n de la gran literatura.<\/p>\n","protected":false},"excerpt":{"rendered":"<p>CERCAS,JAVIER<\/p>\n","protected":false},"featured_media":400021,"template":"","meta":{"_acf_changed":false,"om_disable_all_campaigns":false,"rs_blank_template":"","rs_page_bg_color":"","slide_template_v7":"","inline_featured_image":false,"_monsterinsights_skip_tracking":false,"_monsterinsights_sitenote_active":false,"_monsterinsights_sitenote_note":"","_monsterinsights_sitenote_category":0},"product_brand":[],"product_cat":[90,540],"product_tag":[],"class_list":{"0":"post-400020","1":"product","2":"type-product","3":"status-publish","4":"has-post-thumbnail","6":"product_cat-altres","7":"product_cat-otros","9":"first","10":"instock","11":"taxable","12":"shipping-taxable","13":"purchasable","14":"product-type-simple"},"acf":{"autor":"CERCAS,JAVIER","codart":"843973117","libros-coleccion":"","ediciones":"1","encuadernacion":"Carton\u00e9","fecha_de_publicacion":"01\/02\/2016","novedad":"0","paginas":"139","subtitulo":"LAS CONFERENCIAS WEIDENFELD 2015","orden":"999","portada":"0","idioma":"spa","editorial":[{"ID":148730,"post_author":"3","post_date":"2022-10-14 12:00:32","post_date_gmt":"2022-10-14 10:00:32","post_content":"","post_title":"RANDOM HOUSE MONDADORI","post_excerpt":"","post_status":"publish","comment_status":"closed","ping_status":"closed","post_password":"","post_name":"random-house-mondadori","to_ping":"","pinged":"","post_modified":"2022-10-14 12:00:32","post_modified_gmt":"2022-10-14 10:00:32","post_content_filtered":"","post_parent":0,"guid":"http:\/\/dev.claret.cat\/editorial\/random-house-mondadori\/","menu_order":0,"post_type":"editorial","post_mime_type":"","comment_count":"0","filter":"raw"}],"autores-libros":[{"ID":158686,"post_author":"3","post_date":"2022-10-14 15:38:49","post_date_gmt":"2022-10-14 13:38:49","post_content":"","post_title":"JAVIER CERCAS","post_excerpt":"","post_status":"publish","comment_status":"closed","ping_status":"closed","post_password":"","post_name":"javier-cercas","to_ping":"","pinged":"","post_modified":"2022-10-14 15:38:49","post_modified_gmt":"2022-10-14 13:38:49","post_content_filtered":"","post_parent":0,"guid":"http:\/\/dev.claret.cat\/autor\/javier-cercas\/","menu_order":0,"post_type":"autor","post_mime_type":"","comment_count":"0","filter":"raw"}]},"aioseo_notices":[],"_links":{"self":[{"href":"https:\/\/www.claret.cat\/es\/wp-json\/wp\/v2\/product\/400020","targetHints":{"allow":["GET"]}}],"collection":[{"href":"https:\/\/www.claret.cat\/es\/wp-json\/wp\/v2\/product"}],"about":[{"href":"https:\/\/www.claret.cat\/es\/wp-json\/wp\/v2\/types\/product"}],"wp:featuredmedia":[{"embeddable":true,"href":"https:\/\/www.claret.cat\/es\/wp-json\/wp\/v2\/media\/400021"}],"wp:attachment":[{"href":"https:\/\/www.claret.cat\/es\/wp-json\/wp\/v2\/media?parent=400020"}],"wp:term":[{"taxonomy":"product_brand","embeddable":true,"href":"https:\/\/www.claret.cat\/es\/wp-json\/wp\/v2\/product_brand?post=400020"},{"taxonomy":"product_cat","embeddable":true,"href":"https:\/\/www.claret.cat\/es\/wp-json\/wp\/v2\/product_cat?post=400020"},{"taxonomy":"product_tag","embeddable":true,"href":"https:\/\/www.claret.cat\/es\/wp-json\/wp\/v2\/product_tag?post=400020"}],"curies":[{"name":"wp","href":"https:\/\/api.w.org\/{rel}","templated":true}]}}