{"id":400038,"date":"2023-02-27T04:06:48","date_gmt":"2023-02-27T03:06:48","guid":{"rendered":"https:\/\/www.claret.cat\/llibre\/sin-llegar-nunca-a-la-cumbre-9788439735748\/"},"modified":"2023-02-27T04:06:56","modified_gmt":"2023-02-27T03:06:56","slug":"sin-llegar-nunca-a-la-cumbre-9788439735748","status":"publish","type":"product","link":"https:\/\/www.claret.cat\/es\/libro\/sin-llegar-nunca-a-la-cumbre-9788439735748\/","title":{"rendered":"SIN LLEGAR NUNCA A LA CUMBRE"},"content":{"rendered":"<p>El nuevo libro del autor de Las ocho monta\u00f1as.  Una reflexi\u00f3n sobre la naturaleza y la soledad en una traves\u00eda por las monta\u00f1as del Nepal. \u00bfQu\u00e9 sentido tiene subir a las monta\u00f1as sin llegar nunca a su cumbre?  Siguiendo la tradici\u00f3n de la gran literatura sobre naturaleza  y viajes, el autor de Las ocho monta\u00f1as narra su traves\u00eda por tierras  nepal\u00edes sin pretender alcanzar ninguna meta. El viaje deviene un acto  pac\u00edfico, una nueva forma de caminar construyendo una relaci\u00f3n con el paisaje que le rodea. El Himalaya es una cadena monta\u00f1osa viva, habitada por el ser humano pero intacta de las garras de la civilizaci\u00f3n moderna, una tierra perdida en el tiempo y donde las condiciones de vida son extremadamente duras. Cognetti se enfrenta a este mundo at\u00e1vico al lado de buenos compa\u00f1eros de viaje: un ejemplar de El leopardo de las nieves de Peter Matthiessen, sus dos mejores amigos y una expedici\u00f3n de  gu\u00edas, porteadores y mulas cargadas con un campamento que montar y desmontar cada ma\u00f1ana y en el que pasar las noches interminables. En este cuaderno de viaje ilustrado por el propio autor asistimos al  relato c\u00e1lido y evocador sobre el sentido del tiempo, las limitaciones  f\u00edsicas, la soledad y el fortalecimiento de la amistad. Mientras observa en silencio, cuerpo y esp\u00edritu se entretejen con el paisaje en su anhelo por indagar en el alma del lugar y en la suya propia.<\/p>\n","protected":false},"excerpt":{"rendered":"<p>COGNETTI, PAOLO<\/p>\n","protected":false},"featured_media":400039,"template":"","meta":{"_acf_changed":false,"om_disable_all_campaigns":false,"rs_blank_template":"","rs_page_bg_color":"","slide_template_v7":"","inline_featured_image":false,"_monsterinsights_skip_tracking":false,"_monsterinsights_sitenote_active":false,"_monsterinsights_sitenote_note":"","_monsterinsights_sitenote_category":0},"product_brand":[],"product_cat":[87,353],"product_tag":[],"class_list":{"0":"post-400038","1":"product","2":"type-product","3":"status-publish","4":"has-post-thumbnail","6":"product_cat-literatura","7":"product_cat-literatura-2_humanidades","9":"first","10":"instock","11":"taxable","12":"shipping-taxable","13":"purchasable","14":"product-type-simple"},"acf":{"autor":"COGNETTI, PAOLO","codart":"843973574","libros-coleccion":"Literatura Random House","ediciones":"1","encuadernacion":"R\u00fastica","fecha_de_publicacion":"01\/06\/2019","novedad":"1","paginas":"107","subtitulo":"VIAJE AL HIMALAYA","orden":"0","portada":"0","idioma":"spa","editorial":[{"ID":6290,"post_author":"3","post_date":"2022-07-28 17:49:01","post_date_gmt":"2022-07-28 15:49:01","post_content":"","post_title":"LITERATURA RANDOM HOUSE","post_excerpt":"","post_status":"publish","comment_status":"closed","ping_status":"closed","post_password":"","post_name":"literatura-random-house","to_ping":"","pinged":"","post_modified":"2022-07-28 17:49:01","post_modified_gmt":"2022-07-28 15:49:01","post_content_filtered":"","post_parent":0,"guid":"http:\/\/dev.claret.cat\/editorial\/literatura-random-house\/","menu_order":0,"post_type":"editorial","post_mime_type":"","comment_count":"0","filter":"raw"}],"autores-libros":[{"ID":166546,"post_author":"3","post_date":"2022-10-14 18:04:08","post_date_gmt":"2022-10-14 16:04:08","post_content":"","post_title":"PAOLO  COGNETTI","post_excerpt":"","post_status":"publish","comment_status":"closed","ping_status":"closed","post_password":"","post_name":"paolo-cognetti","to_ping":"","pinged":"","post_modified":"2022-10-14 18:04:08","post_modified_gmt":"2022-10-14 16:04:08","post_content_filtered":"","post_parent":0,"guid":"http:\/\/dev.claret.cat\/autor\/paolo-cognetti\/","menu_order":0,"post_type":"autor","post_mime_type":"","comment_count":"0","filter":"raw"}]},"aioseo_notices":[],"_links":{"self":[{"href":"https:\/\/www.claret.cat\/es\/wp-json\/wp\/v2\/product\/400038","targetHints":{"allow":["GET"]}}],"collection":[{"href":"https:\/\/www.claret.cat\/es\/wp-json\/wp\/v2\/product"}],"about":[{"href":"https:\/\/www.claret.cat\/es\/wp-json\/wp\/v2\/types\/product"}],"wp:featuredmedia":[{"embeddable":true,"href":"https:\/\/www.claret.cat\/es\/wp-json\/wp\/v2\/media\/400039"}],"wp:attachment":[{"href":"https:\/\/www.claret.cat\/es\/wp-json\/wp\/v2\/media?parent=400038"}],"wp:term":[{"taxonomy":"product_brand","embeddable":true,"href":"https:\/\/www.claret.cat\/es\/wp-json\/wp\/v2\/product_brand?post=400038"},{"taxonomy":"product_cat","embeddable":true,"href":"https:\/\/www.claret.cat\/es\/wp-json\/wp\/v2\/product_cat?post=400038"},{"taxonomy":"product_tag","embeddable":true,"href":"https:\/\/www.claret.cat\/es\/wp-json\/wp\/v2\/product_tag?post=400038"}],"curies":[{"name":"wp","href":"https:\/\/api.w.org\/{rel}","templated":true}]}}