{"id":400050,"date":"2023-02-27T04:07:46","date_gmt":"2023-02-27T03:07:46","guid":{"rendered":"https:\/\/www.claret.cat\/llibre\/diccionari-catalaitalia-italiacatala-basic-9788441213760\/"},"modified":"2025-01-31T15:38:38","modified_gmt":"2025-01-31T14:38:38","slug":"diccionari-catalaitalia-italiacatala-basic-9788441213760","status":"publish","type":"product","link":"https:\/\/www.claret.cat\/es\/libro\/diccionari-catalaitalia-italiacatala-basic-9788441213760\/","title":{"rendered":"DICCIONARI CATAL\u00c0-ITALI\u00c0. ITALI\u00c0-CATAL\u00c0  B\u00c0SIC"},"content":{"rendered":"","protected":false},"excerpt":{"rendered":"<p>VARIS<\/p>\n","protected":false},"featured_media":0,"template":"","meta":{"_acf_changed":false,"om_disable_all_campaigns":false,"rs_blank_template":"","rs_page_bg_color":"","slide_template_v7":"","inline_featured_image":false,"_monsterinsights_skip_tracking":false,"_monsterinsights_sitenote_active":false,"_monsterinsights_sitenote_note":"","_monsterinsights_sitenote_category":0},"product_brand":[],"product_cat":[90,540],"product_tag":[],"class_list":{"0":"post-400050","1":"product","2":"type-product","3":"status-publish","5":"product_cat-altres","6":"product_cat-otros","8":"first","9":"instock","10":"taxable","11":"shipping-taxable","12":"purchasable","13":"product-type-simple"},"acf":{"autor":"VARIS","codart":"844121376","libros-coleccion":"","ediciones":"1","encuadernacion":"","fecha_de_publicacion":"01\/11\/2004","novedad":"0","paginas":"548","subtitulo":"","orden":"999","portada":"0","idioma":"cat","editorial":[{"ID":148090,"post_author":"3","post_date":"2022-10-14 11:55:33","post_date_gmt":"2022-10-14 09:55:33","post_content":"","post_title":"ENCICLOPEDIA CATALANA, S.A.","post_excerpt":"","post_status":"publish","comment_status":"closed","ping_status":"closed","post_password":"","post_name":"enciclopedia-catalana-s-a","to_ping":"","pinged":"","post_modified":"2022-10-14 11:55:33","post_modified_gmt":"2022-10-14 09:55:33","post_content_filtered":"","post_parent":0,"guid":"http:\/\/dev.claret.cat\/editorial\/enciclopedia-catalana-s-a\/","menu_order":0,"post_type":"editorial","post_mime_type":"","comment_count":"0","filter":"raw"}],"autores-libros":[{"ID":170845,"post_author":"3","post_date":"2022-10-14 22:38:37","post_date_gmt":"2022-10-14 20:38:37","post_content":"","post_title":"VARIS","post_excerpt":"","post_status":"publish","comment_status":"closed","ping_status":"closed","post_password":"","post_name":"varis","to_ping":"","pinged":"","post_modified":"2022-10-14 22:38:37","post_modified_gmt":"2022-10-14 20:38:37","post_content_filtered":"","post_parent":0,"guid":"http:\/\/dev.claret.cat\/autor\/varis\/","menu_order":0,"post_type":"autor","post_mime_type":"","comment_count":"0","filter":"raw"}]},"aioseo_notices":[],"_links":{"self":[{"href":"https:\/\/www.claret.cat\/es\/wp-json\/wp\/v2\/product\/400050","targetHints":{"allow":["GET"]}}],"collection":[{"href":"https:\/\/www.claret.cat\/es\/wp-json\/wp\/v2\/product"}],"about":[{"href":"https:\/\/www.claret.cat\/es\/wp-json\/wp\/v2\/types\/product"}],"wp:attachment":[{"href":"https:\/\/www.claret.cat\/es\/wp-json\/wp\/v2\/media?parent=400050"}],"wp:term":[{"taxonomy":"product_brand","embeddable":true,"href":"https:\/\/www.claret.cat\/es\/wp-json\/wp\/v2\/product_brand?post=400050"},{"taxonomy":"product_cat","embeddable":true,"href":"https:\/\/www.claret.cat\/es\/wp-json\/wp\/v2\/product_cat?post=400050"},{"taxonomy":"product_tag","embeddable":true,"href":"https:\/\/www.claret.cat\/es\/wp-json\/wp\/v2\/product_tag?post=400050"}],"curies":[{"name":"wp","href":"https:\/\/api.w.org\/{rel}","templated":true}]}}