{"id":400115,"date":"2023-02-27T04:11:33","date_gmt":"2023-02-27T03:11:33","guid":{"rendered":"https:\/\/www.claret.cat\/llibre\/diccionari-catalafrances-francescatala-basic-9788441222588\/"},"modified":"2025-01-31T15:37:27","modified_gmt":"2025-01-31T14:37:27","slug":"diccionari-catalafrances-francescatala-basic-9788441222588","status":"publish","type":"product","link":"https:\/\/www.claret.cat\/es\/libro\/diccionari-catalafrances-francescatala-basic-9788441222588\/","title":{"rendered":"DICCIONARI CATAL\u00c0-FRANC\u00c8S \/ FRANC\u00c8S-CATAL\u00c0, B\u00c0SIC"},"content":{"rendered":"<p>\u00b7 25.000 entrades amb exemples d&#8217;\u00fas i frases fetes&lt;BR&gt;\u00b7 40.000 accepcions&lt;BR&gt;\u00b7 Pron\u00fancia figurada de les veus franceses i catalanes&lt;BR&gt;\u00b7 600 noms de lloc i de persona&lt;BR&gt;&lt;BR&gt;&lt;BR&gt;&lt;BR&gt;<\/p>\n","protected":false},"excerpt":{"rendered":"<p>ENCICLOPEDIA CATALANA<\/p>\n","protected":false},"featured_media":400116,"template":"","meta":{"_acf_changed":false,"om_disable_all_campaigns":false,"rs_blank_template":"","rs_page_bg_color":"","slide_template_v7":"","inline_featured_image":false,"_monsterinsights_skip_tracking":false,"_monsterinsights_sitenote_active":false,"_monsterinsights_sitenote_note":"","_monsterinsights_sitenote_category":0},"product_brand":[],"product_cat":[90,540],"product_tag":[],"class_list":{"0":"post-400115","1":"product","2":"type-product","3":"status-publish","4":"has-post-thumbnail","6":"product_cat-altres","7":"product_cat-otros","9":"first","10":"instock","11":"taxable","12":"shipping-taxable","13":"purchasable","14":"product-type-simple"},"acf":{"autor":"ENCICLOPEDIA CATALANA","codart":"844122258","libros-coleccion":"","ediciones":"2","encuadernacion":"R\u00fastica","fecha_de_publicacion":"01\/09\/2013","novedad":"0","paginas":"612","subtitulo":"","orden":"999","portada":"0","idioma":"cat","editorial":[{"ID":148090,"post_author":"3","post_date":"2022-10-14 11:55:33","post_date_gmt":"2022-10-14 09:55:33","post_content":"","post_title":"ENCICLOPEDIA CATALANA, S.A.","post_excerpt":"","post_status":"publish","comment_status":"closed","ping_status":"closed","post_password":"","post_name":"enciclopedia-catalana-s-a","to_ping":"","pinged":"","post_modified":"2022-10-14 11:55:33","post_modified_gmt":"2022-10-14 09:55:33","post_content_filtered":"","post_parent":0,"guid":"http:\/\/dev.claret.cat\/editorial\/enciclopedia-catalana-s-a\/","menu_order":0,"post_type":"editorial","post_mime_type":"","comment_count":"0","filter":"raw"}],"autores-libros":[{"ID":155074,"post_author":"3","post_date":"2022-10-14 15:09:57","post_date_gmt":"2022-10-14 13:09:57","post_content":"","post_title":"ENCICLOPEDIA CATALANA","post_excerpt":"","post_status":"publish","comment_status":"closed","ping_status":"closed","post_password":"","post_name":"enciclopedia-catalana","to_ping":"","pinged":"","post_modified":"2022-10-14 15:09:57","post_modified_gmt":"2022-10-14 13:09:57","post_content_filtered":"","post_parent":0,"guid":"http:\/\/dev.claret.cat\/autor\/enciclopedia-catalana\/","menu_order":0,"post_type":"autor","post_mime_type":"","comment_count":"0","filter":"raw"}]},"aioseo_notices":[],"_links":{"self":[{"href":"https:\/\/www.claret.cat\/es\/wp-json\/wp\/v2\/product\/400115","targetHints":{"allow":["GET"]}}],"collection":[{"href":"https:\/\/www.claret.cat\/es\/wp-json\/wp\/v2\/product"}],"about":[{"href":"https:\/\/www.claret.cat\/es\/wp-json\/wp\/v2\/types\/product"}],"wp:featuredmedia":[{"embeddable":true,"href":"https:\/\/www.claret.cat\/es\/wp-json\/wp\/v2\/media\/400116"}],"wp:attachment":[{"href":"https:\/\/www.claret.cat\/es\/wp-json\/wp\/v2\/media?parent=400115"}],"wp:term":[{"taxonomy":"product_brand","embeddable":true,"href":"https:\/\/www.claret.cat\/es\/wp-json\/wp\/v2\/product_brand?post=400115"},{"taxonomy":"product_cat","embeddable":true,"href":"https:\/\/www.claret.cat\/es\/wp-json\/wp\/v2\/product_cat?post=400115"},{"taxonomy":"product_tag","embeddable":true,"href":"https:\/\/www.claret.cat\/es\/wp-json\/wp\/v2\/product_tag?post=400115"}],"curies":[{"name":"wp","href":"https:\/\/api.w.org\/{rel}","templated":true}]}}