{"id":400126,"date":"2023-02-27T04:12:24","date_gmt":"2023-02-27T03:12:24","guid":{"rendered":"https:\/\/www.claret.cat\/llibre\/diccionari-llaticatala-basic-9788441225855\/"},"modified":"2023-02-27T04:12:29","modified_gmt":"2023-02-27T03:12:29","slug":"diccionari-llaticatala-basic-9788441225855","status":"publish","type":"product","link":"https:\/\/www.claret.cat\/es\/libro\/diccionari-llaticatala-basic-9788441225855\/","title":{"rendered":"DICCIONARI LLAT\u00cd-CATAL\u00c0, B\u00c0SIC"},"content":{"rendered":"<p>El format i el nombre d&#8221;entrades ideal per a comen\u00e7ar a estudiar llat\u00ed. Un diccionari concebut especialment per a llegir Catul, C\u00e8sar, Cicer\u00f3, Curci, Fedre, Horaci, Juvenal, Livi, Luc\u00e0, Lucreci, Marcial, Nepot, Ovidi, Plini el Jove, Properci, Sal\u00b7lusti, S\u00e8neca el fil\u00f2sof, T\u00e0cit, Tibul i Virgili.&lt;BR&gt;&lt;BR&gt;\u00b7 30.000 entrades&lt;BR&gt;\u00b7 Amb una gram\u00e0tica llatina molt pr\u00e0ctica&lt;BR&gt;&lt;BR&gt;<\/p>\n","protected":false},"excerpt":{"rendered":"<p>ENCICLOP\u00c8DIA CATALANA<\/p>\n","protected":false},"featured_media":400127,"template":"","meta":{"_acf_changed":false,"om_disable_all_campaigns":false,"rs_blank_template":"","rs_page_bg_color":"","slide_template_v7":"","inline_featured_image":false,"_monsterinsights_skip_tracking":false,"_monsterinsights_sitenote_active":false,"_monsterinsights_sitenote_note":"","_monsterinsights_sitenote_category":0},"product_brand":[],"product_cat":[548,98],"product_tag":[],"class_list":{"0":"post-400126","1":"product","2":"type-product","3":"status-publish","4":"has-post-thumbnail","6":"product_cat-diccionarios-5_otras-spa","7":"product_cat-diccionaris","9":"first","10":"instock","11":"taxable","12":"shipping-taxable","13":"purchasable","14":"product-type-simple"},"acf":{"autor":"ENCICLOP\u00c8DIA CATALANA","codart":"844122585","libros-coleccion":"SUSHI BOOKS","ediciones":"1","encuadernacion":"Carton\u00e9","fecha_de_publicacion":"01\/01\/1997","novedad":"0","paginas":"0","subtitulo":"","orden":"999","portada":"0","idioma":"cat","editorial":[{"ID":6242,"post_author":"3","post_date":"2022-07-28 17:48:01","post_date_gmt":"2022-07-28 15:48:01","post_content":"","post_title":"Enciclop\u00e8dia Catalana","post_excerpt":"","post_status":"publish","comment_status":"closed","ping_status":"closed","post_password":"","post_name":"enciclopedia-catalana","to_ping":"","pinged":"","post_modified":"2022-07-28 17:48:01","post_modified_gmt":"2022-07-28 15:48:01","post_content_filtered":"","post_parent":0,"guid":"http:\/\/dev.claret.cat\/editorial\/enciclopedia-catalana\/","menu_order":0,"post_type":"editorial","post_mime_type":"","comment_count":"0","filter":"raw"}],"autores-libros":[{"ID":155074,"post_author":"3","post_date":"2022-10-14 15:09:57","post_date_gmt":"2022-10-14 13:09:57","post_content":"","post_title":"ENCICLOPEDIA CATALANA","post_excerpt":"","post_status":"publish","comment_status":"closed","ping_status":"closed","post_password":"","post_name":"enciclopedia-catalana","to_ping":"","pinged":"","post_modified":"2022-10-14 15:09:57","post_modified_gmt":"2022-10-14 13:09:57","post_content_filtered":"","post_parent":0,"guid":"http:\/\/dev.claret.cat\/autor\/enciclopedia-catalana\/","menu_order":0,"post_type":"autor","post_mime_type":"","comment_count":"0","filter":"raw"}]},"aioseo_notices":[],"_links":{"self":[{"href":"https:\/\/www.claret.cat\/es\/wp-json\/wp\/v2\/product\/400126","targetHints":{"allow":["GET"]}}],"collection":[{"href":"https:\/\/www.claret.cat\/es\/wp-json\/wp\/v2\/product"}],"about":[{"href":"https:\/\/www.claret.cat\/es\/wp-json\/wp\/v2\/types\/product"}],"wp:featuredmedia":[{"embeddable":true,"href":"https:\/\/www.claret.cat\/es\/wp-json\/wp\/v2\/media\/400127"}],"wp:attachment":[{"href":"https:\/\/www.claret.cat\/es\/wp-json\/wp\/v2\/media?parent=400126"}],"wp:term":[{"taxonomy":"product_brand","embeddable":true,"href":"https:\/\/www.claret.cat\/es\/wp-json\/wp\/v2\/product_brand?post=400126"},{"taxonomy":"product_cat","embeddable":true,"href":"https:\/\/www.claret.cat\/es\/wp-json\/wp\/v2\/product_cat?post=400126"},{"taxonomy":"product_tag","embeddable":true,"href":"https:\/\/www.claret.cat\/es\/wp-json\/wp\/v2\/product_tag?post=400126"}],"curies":[{"name":"wp","href":"https:\/\/api.w.org\/{rel}","templated":true}]}}