{"id":400135,"date":"2023-02-27T04:12:53","date_gmt":"2023-02-27T03:12:53","guid":{"rendered":"https:\/\/www.claret.cat\/llibre\/prepara-segon-llengua-catalana-9788441230149\/"},"modified":"2023-02-27T04:12:58","modified_gmt":"2023-02-27T03:12:58","slug":"prepara-segon-llengua-catalana-9788441230149","status":"publish","type":"product","link":"https:\/\/www.claret.cat\/es\/libro\/prepara-segon-llengua-catalana-9788441230149\/","title":{"rendered":"PREPARA&#8230; SEGON. LLENGUA CATALANA"},"content":{"rendered":"<p>Quadern d&#8217;estiu pensat per consolidar i repassar els continguts de Llengua catalana treballats durant el curs. Es sistematitza el treball del programa curricular de cada \u00e0rea i els continguts des de diferents programes o blocs ben indicats per uns separadors o pestanyes: lectura i activitats de comprensi\u00f3 lectora, ortografia, gram\u00e0tica i l\u00e8xic, expressi\u00f3 escrita. Al bloc de lectura i comprensi\u00f3 es proposa el treball de 8 lectures amb activitats diverses de comprensi\u00f3 lectora i s&#8217;acaba el bloc amb l&#8217;activitat El text male\u00eft.<\/p>\n","protected":false},"excerpt":{"rendered":"<p>CANYELLES, ANNA<\/p>\n","protected":false},"featured_media":400136,"template":"","meta":{"_acf_changed":false,"om_disable_all_campaigns":false,"rs_blank_template":"","rs_page_bg_color":"","slide_template_v7":"","inline_featured_image":false,"_monsterinsights_skip_tracking":false,"_monsterinsights_sitenote_active":false,"_monsterinsights_sitenote_note":"","_monsterinsights_sitenote_category":0},"product_brand":[],"product_cat":[333,122],"product_tag":[],"class_list":{"0":"post-400135","1":"product","2":"type-product","3":"status-publish","4":"has-post-thumbnail","6":"product_cat-cuadernos-de-vacaciones","7":"product_cat-quaderns-de-vacances","9":"first","10":"instock","11":"taxable","12":"shipping-taxable","13":"purchasable","14":"product-type-simple"},"acf":{"autor":"CANYELLES, ANNA","codart":"844123014","libros-coleccion":"Quaderns estiu","ediciones":"1","encuadernacion":"R\u00fastica","fecha_de_publicacion":"01\/06\/2017","novedad":"1","paginas":"42","subtitulo":"","orden":"0","portada":"0","idioma":"cat","editorial":[{"ID":6242,"post_author":"3","post_date":"2022-07-28 17:48:01","post_date_gmt":"2022-07-28 15:48:01","post_content":"","post_title":"Enciclop\u00e8dia Catalana","post_excerpt":"","post_status":"publish","comment_status":"closed","ping_status":"closed","post_password":"","post_name":"enciclopedia-catalana","to_ping":"","pinged":"","post_modified":"2022-07-28 17:48:01","post_modified_gmt":"2022-07-28 15:48:01","post_content_filtered":"","post_parent":0,"guid":"http:\/\/dev.claret.cat\/editorial\/enciclopedia-catalana\/","menu_order":0,"post_type":"editorial","post_mime_type":"","comment_count":"0","filter":"raw"}],"autores-libros":[{"ID":150541,"post_author":"3","post_date":"2022-10-14 14:33:47","post_date_gmt":"2022-10-14 12:33:47","post_content":"","post_title":"ANNA CANYELLES","post_excerpt":"","post_status":"publish","comment_status":"closed","ping_status":"closed","post_password":"","post_name":"anna-canyelles","to_ping":"","pinged":"","post_modified":"2022-10-14 14:33:47","post_modified_gmt":"2022-10-14 12:33:47","post_content_filtered":"","post_parent":0,"guid":"http:\/\/dev.claret.cat\/autor\/anna-canyelles\/","menu_order":0,"post_type":"autor","post_mime_type":"","comment_count":"0","filter":"raw"}]},"aioseo_notices":[],"_links":{"self":[{"href":"https:\/\/www.claret.cat\/es\/wp-json\/wp\/v2\/product\/400135","targetHints":{"allow":["GET"]}}],"collection":[{"href":"https:\/\/www.claret.cat\/es\/wp-json\/wp\/v2\/product"}],"about":[{"href":"https:\/\/www.claret.cat\/es\/wp-json\/wp\/v2\/types\/product"}],"wp:featuredmedia":[{"embeddable":true,"href":"https:\/\/www.claret.cat\/es\/wp-json\/wp\/v2\/media\/400136"}],"wp:attachment":[{"href":"https:\/\/www.claret.cat\/es\/wp-json\/wp\/v2\/media?parent=400135"}],"wp:term":[{"taxonomy":"product_brand","embeddable":true,"href":"https:\/\/www.claret.cat\/es\/wp-json\/wp\/v2\/product_brand?post=400135"},{"taxonomy":"product_cat","embeddable":true,"href":"https:\/\/www.claret.cat\/es\/wp-json\/wp\/v2\/product_cat?post=400135"},{"taxonomy":"product_tag","embeddable":true,"href":"https:\/\/www.claret.cat\/es\/wp-json\/wp\/v2\/product_tag?post=400135"}],"curies":[{"name":"wp","href":"https:\/\/api.w.org\/{rel}","templated":true}]}}