{"id":400150,"date":"2023-02-27T04:13:41","date_gmt":"2023-02-27T03:13:41","guid":{"rendered":"https:\/\/www.claret.cat\/llibre\/prepara-primer-matematiques-9788441230194\/"},"modified":"2023-02-27T04:13:45","modified_gmt":"2023-02-27T03:13:45","slug":"prepara-primer-matematiques-9788441230194","status":"publish","type":"product","link":"https:\/\/www.claret.cat\/es\/libro\/prepara-primer-matematiques-9788441230194\/","title":{"rendered":"PREPARA&#8230; PRIMER. MATEM\u00c0TIQUES"},"content":{"rendered":"<p>Quadern d&#8217;estiu pensat per consolidar i repassar els continguts de Matem\u00e0tiques treballats durant el curs.  Amb activitats de sistematitzaci\u00f3 o d&#8217;aplicaci\u00f3, es treballen els continguts des de quatre escenaris diferents: el bosc, el fons del mar, la selva i el desert.<\/p>\n","protected":false},"excerpt":{"rendered":"<p>CANYELLES, ANNA<\/p>\n","protected":false},"featured_media":400151,"template":"","meta":{"_acf_changed":false,"om_disable_all_campaigns":false,"rs_blank_template":"","rs_page_bg_color":"","slide_template_v7":"","inline_featured_image":false,"_monsterinsights_skip_tracking":false,"_monsterinsights_sitenote_active":false,"_monsterinsights_sitenote_note":"","_monsterinsights_sitenote_category":0},"product_brand":[],"product_cat":[333,122],"product_tag":[],"class_list":{"0":"post-400150","1":"product","2":"type-product","3":"status-publish","4":"has-post-thumbnail","6":"product_cat-cuadernos-de-vacaciones","7":"product_cat-quaderns-de-vacances","9":"first","10":"instock","11":"taxable","12":"shipping-taxable","13":"purchasable","14":"product-type-simple"},"acf":{"autor":"CANYELLES, ANNA","codart":"844123019","libros-coleccion":"Quaderns estiu","ediciones":"1","encuadernacion":"R\u00fastica","fecha_de_publicacion":"01\/06\/2017","novedad":"1","paginas":"45","subtitulo":"","orden":"0","portada":"0","idioma":"cat","editorial":[{"ID":6242,"post_author":"3","post_date":"2022-07-28 17:48:01","post_date_gmt":"2022-07-28 15:48:01","post_content":"","post_title":"Enciclop\u00e8dia Catalana","post_excerpt":"","post_status":"publish","comment_status":"closed","ping_status":"closed","post_password":"","post_name":"enciclopedia-catalana","to_ping":"","pinged":"","post_modified":"2022-07-28 17:48:01","post_modified_gmt":"2022-07-28 15:48:01","post_content_filtered":"","post_parent":0,"guid":"http:\/\/dev.claret.cat\/editorial\/enciclopedia-catalana\/","menu_order":0,"post_type":"editorial","post_mime_type":"","comment_count":"0","filter":"raw"}],"autores-libros":[{"ID":150541,"post_author":"3","post_date":"2022-10-14 14:33:47","post_date_gmt":"2022-10-14 12:33:47","post_content":"","post_title":"ANNA CANYELLES","post_excerpt":"","post_status":"publish","comment_status":"closed","ping_status":"closed","post_password":"","post_name":"anna-canyelles","to_ping":"","pinged":"","post_modified":"2022-10-14 14:33:47","post_modified_gmt":"2022-10-14 12:33:47","post_content_filtered":"","post_parent":0,"guid":"http:\/\/dev.claret.cat\/autor\/anna-canyelles\/","menu_order":0,"post_type":"autor","post_mime_type":"","comment_count":"0","filter":"raw"}]},"aioseo_notices":[],"_links":{"self":[{"href":"https:\/\/www.claret.cat\/es\/wp-json\/wp\/v2\/product\/400150","targetHints":{"allow":["GET"]}}],"collection":[{"href":"https:\/\/www.claret.cat\/es\/wp-json\/wp\/v2\/product"}],"about":[{"href":"https:\/\/www.claret.cat\/es\/wp-json\/wp\/v2\/types\/product"}],"wp:featuredmedia":[{"embeddable":true,"href":"https:\/\/www.claret.cat\/es\/wp-json\/wp\/v2\/media\/400151"}],"wp:attachment":[{"href":"https:\/\/www.claret.cat\/es\/wp-json\/wp\/v2\/media?parent=400150"}],"wp:term":[{"taxonomy":"product_brand","embeddable":true,"href":"https:\/\/www.claret.cat\/es\/wp-json\/wp\/v2\/product_brand?post=400150"},{"taxonomy":"product_cat","embeddable":true,"href":"https:\/\/www.claret.cat\/es\/wp-json\/wp\/v2\/product_cat?post=400150"},{"taxonomy":"product_tag","embeddable":true,"href":"https:\/\/www.claret.cat\/es\/wp-json\/wp\/v2\/product_tag?post=400150"}],"curies":[{"name":"wp","href":"https:\/\/api.w.org\/{rel}","templated":true}]}}