{"id":400223,"date":"2023-02-27T04:17:37","date_gmt":"2023-02-27T03:17:37","guid":{"rendered":"https:\/\/www.claret.cat\/llibre\/cronicas-de-elementia-3-el-mensaje-de-herobrine-9788445002902\/"},"modified":"2023-02-27T04:17:44","modified_gmt":"2023-02-27T03:17:44","slug":"cronicas-de-elementia-3-el-mensaje-de-herobrine-9788445002902","status":"publish","type":"product","link":"https:\/\/www.claret.cat\/es\/libro\/cronicas-de-elementia-3-el-mensaje-de-herobrine-9788445002902\/","title":{"rendered":"CR\u00d3NICAS DE ELEMENTIA 3. EL MENSAJE DE HEROBRINE"},"content":{"rendered":"<p>La rep\u00fablica de Elementia est\u00e1 en ruinas tras los ataques de la Alianza Noctem contra Element City. El presidente Stan y su consejo est\u00e1n dispersos por el servidor y tratan de reencontrarse para continuar con su lucha por la libertad. Mientras tanto, una misteriosa figura ha llegado a su mundo: alguien que podr\u00eda salvarlos o destruirlos a todos. En la fabulosa conclusi\u00f3n de la trilog\u00eda de las Cr\u00f3nicas de Elementia, Stan, Kat, Charlie y sus amigos se preparan para librar la batalla final por el mundo que aman en la \u00e9pica guerra del bien contra el mal.<\/p>\n","protected":false},"excerpt":{"rendered":"<p>FAY WOLFE, SEAN<\/p>\n","protected":false},"featured_media":400224,"template":"","meta":{"_acf_changed":false,"om_disable_all_campaigns":false,"rs_blank_template":"","rs_page_bg_color":"","slide_template_v7":"","inline_featured_image":false,"_monsterinsights_skip_tracking":false,"_monsterinsights_sitenote_active":false,"_monsterinsights_sitenote_note":"","_monsterinsights_sitenote_category":0},"product_brand":[],"product_cat":[86,352],"product_tag":[],"class_list":{"0":"post-400223","1":"product","2":"type-product","3":"status-publish","4":"has-post-thumbnail","6":"product_cat-infantil","7":"product_cat-infantil-3_infantil-juvenil-spa","9":"first","10":"instock","11":"taxable","12":"shipping-taxable","13":"purchasable","14":"product-type-simple"},"acf":{"autor":"FAY WOLFE, SEAN","codart":"844500290","libros-coleccion":"","ediciones":"1","encuadernacion":"R\u00fastica","fecha_de_publicacion":"01\/02\/2016","novedad":"0","paginas":"575","subtitulo":"UNA AVENTURA NO OFICIAL DE MINECRAFT","orden":"999","portada":"0","idioma":"spa","editorial":[{"ID":148879,"post_author":"3","post_date":"2022-10-14 12:01:42","post_date_gmt":"2022-10-14 10:01:42","post_content":"","post_title":"TIMUNMAS","post_excerpt":"","post_status":"publish","comment_status":"closed","ping_status":"closed","post_password":"","post_name":"timunmas","to_ping":"","pinged":"","post_modified":"2022-10-14 12:01:42","post_modified_gmt":"2022-10-14 10:01:42","post_content_filtered":"","post_parent":0,"guid":"http:\/\/dev.claret.cat\/editorial\/timunmas\/","menu_order":0,"post_type":"editorial","post_mime_type":"","comment_count":"0","filter":"raw"}],"autores-libros":[{"ID":400222,"post_author":"3","post_date":"2023-02-27 04:17:35","post_date_gmt":"2023-02-27 03:17:35","post_content":"","post_title":"SEAN FAY WOLFE","post_excerpt":"","post_status":"publish","comment_status":"closed","ping_status":"closed","post_password":"","post_name":"sean-fay-wolfe","to_ping":"","pinged":"","post_modified":"2023-02-27 04:17:35","post_modified_gmt":"2023-02-27 03:17:35","post_content_filtered":"","post_parent":0,"guid":"https:\/\/www.claret.cat\/autor\/sean-fay-wolfe\/","menu_order":0,"post_type":"autor","post_mime_type":"","comment_count":"0","filter":"raw"}]},"aioseo_notices":[],"_links":{"self":[{"href":"https:\/\/www.claret.cat\/es\/wp-json\/wp\/v2\/product\/400223","targetHints":{"allow":["GET"]}}],"collection":[{"href":"https:\/\/www.claret.cat\/es\/wp-json\/wp\/v2\/product"}],"about":[{"href":"https:\/\/www.claret.cat\/es\/wp-json\/wp\/v2\/types\/product"}],"wp:featuredmedia":[{"embeddable":true,"href":"https:\/\/www.claret.cat\/es\/wp-json\/wp\/v2\/media\/400224"}],"wp:attachment":[{"href":"https:\/\/www.claret.cat\/es\/wp-json\/wp\/v2\/media?parent=400223"}],"wp:term":[{"taxonomy":"product_brand","embeddable":true,"href":"https:\/\/www.claret.cat\/es\/wp-json\/wp\/v2\/product_brand?post=400223"},{"taxonomy":"product_cat","embeddable":true,"href":"https:\/\/www.claret.cat\/es\/wp-json\/wp\/v2\/product_cat?post=400223"},{"taxonomy":"product_tag","embeddable":true,"href":"https:\/\/www.claret.cat\/es\/wp-json\/wp\/v2\/product_tag?post=400223"}],"curies":[{"name":"wp","href":"https:\/\/api.w.org\/{rel}","templated":true}]}}